{"id":10332,"date":"2025-10-20T12:25:30","date_gmt":"2025-10-20T12:25:30","guid":{"rendered":"https:\/\/paysdeforbach.com\/frankreich\/"},"modified":"2026-03-18T10:08:06","modified_gmt":"2026-03-18T10:08:06","slug":"frankreich","status":"publish","type":"page","link":"https:\/\/paysdeforbach.com\/de\/entdecken\/bei-unseren-nachbarn\/frankreich\/","title":{"rendered":"Frankreich"},"content":{"rendered":"\t\t<div data-elementor-type=\"wp-page\" data-elementor-id=\"10332\" class=\"elementor elementor-10332 elementor-3267\" data-elementor-post-type=\"page\">\n\t\t\t\t<div class=\"elementor-element elementor-element-337e9c93 e-con-full e-flex e-con e-parent\" data-id=\"337e9c93\" data-element_type=\"container\">\n\t\t<section class=\"elementor-element elementor-element-c4127fa e-con-full e-flex e-con e-child\" data-id=\"c4127fa\" data-element_type=\"container\" data-settings=\"{&quot;background_background&quot;:&quot;classic&quot;}\">\n\t\t\t\t<div class=\"elementor-element elementor-element-534adacf elementor-widget elementor-widget-heading\" data-id=\"534adacf\" data-element_type=\"widget\" data-widget_type=\"heading.default\">\n\t\t\t\t\t<h2 class=\"elementor-heading-title elementor-size-default\">Frankreich<\/h2>\t\t\t\t<\/div>\n\t\t\t\t<\/section>\n\t\t\t\t<div class=\"elementor-element elementor-element-0c37673 elementor-widget elementor-widget-breadcrumbs\" data-id=\"0c37673\" data-element_type=\"widget\" data-widget_type=\"breadcrumbs.default\">\n\t\t\t\t\t<span id=\"breadcrumbs\"><span><span><a href=\"https:\/\/paysdeforbach.com\/de\/\">Accueil<\/a><\/span><\/span><\/span>\t\t\t\t<\/div>\n\t\t\t\t<div class=\"elementor-element elementor-element-bfd486d elementor-widget elementor-widget-text-editor\" data-id=\"bfd486d\" data-element_type=\"widget\" data-widget_type=\"text-editor.default\">\n\t\t\t\t\t\t\t\t\t<p><strong>Vom Pays de Forbach aus gelangen Sie sehr einfach zu den benachbarten St\u00e4dten, die Ihnen ihre T\u00fcren \u00f6ffnen.<\/strong><\/p><p><strong>Kulturerbe, Natur, Freizeit... <br>Unsere Nachbarregionen bieten zahlreiche Ausflugsideen, um Ihren Aufenthalt zu erg\u00e4nzen und Ihre Entdeckungsm\u00f6glichkeiten zu erweitern.<br><\/strong><\/p>\t\t\t\t\t\t\t\t<\/div>\n\t\t<div class=\"elementor-element elementor-element-8ac6ea7 e-grid e-con-full e-con e-child\" data-id=\"8ac6ea7\" data-element_type=\"container\">\n\t\t<div class=\"elementor-element elementor-element-c6cdca8 e-grid e-con-full e-con e-child\" data-id=\"c6cdca8\" data-element_type=\"container\">\n\t\t<a class=\"elementor-element elementor-element-3940c43 e-con-full e-flex e-con e-child\" data-id=\"3940c43\" data-element_type=\"container\" data-settings=\"{&quot;background_background&quot;:&quot;classic&quot;}\" href=\"https:\/\/www.tourisme-paysdebitche.fr\/\" target=\"_blank\">\n\t\t\t\t<div class=\"elementor-element elementor-element-78e00d0 elementor-widget elementor-widget-image\" data-id=\"78e00d0\" data-element_type=\"widget\" data-widget_type=\"image.default\">\n\t\t\t\t\t\t\t\t\t\t\t\t\t\t\t<img fetchpriority=\"high\" decoding=\"async\" width=\"300\" height=\"242\" src=\"https:\/\/paysdeforbach.com\/wp-content\/uploads\/2025\/11\/Pays-de-Bitche-Tourisme-300x242.webp\" class=\"attachment-medium size-medium wp-image-10341\" alt=\"\" srcset=\"https:\/\/paysdeforbach.com\/wp-content\/uploads\/2025\/11\/Pays-de-Bitche-Tourisme-300x242.webp 300w, https:\/\/paysdeforbach.com\/wp-content\/uploads\/2025\/11\/Pays-de-Bitche-Tourisme.webp 417w\" sizes=\"(max-width: 300px) 100vw, 300px\" \/>\t\t\t\t\t\t\t\t\t\t\t\t\t\t\t<\/div>\n\t\t\t\t<\/a>\n\t\t<a class=\"elementor-element elementor-element-6bc28a4 e-con-full e-flex e-con e-child\" data-id=\"6bc28a4\" data-element_type=\"container\" data-settings=\"{&quot;background_background&quot;:&quot;classic&quot;}\" href=\"https:\/\/www.sarreguemines-tourisme.com\/\" target=\"_blank\">\n\t\t\t\t<div class=\"elementor-element elementor-element-eacb5f0 elementor-widget elementor-widget-image\" data-id=\"eacb5f0\" data-element_type=\"widget\" data-widget_type=\"image.default\">\n\t\t\t\t\t\t\t\t\t\t\t\t\t\t\t<img decoding=\"async\" width=\"800\" height=\"800\" src=\"https:\/\/paysdeforbach.com\/wp-content\/uploads\/2025\/12\/office-de-tourisme-sarreguemines-confluence-1024x1024.webp\" class=\"attachment-large size-large wp-image-10343\" alt=\"\" srcset=\"https:\/\/paysdeforbach.com\/wp-content\/uploads\/2025\/12\/office-de-tourisme-sarreguemines-confluence-1024x1024.webp 1024w, https:\/\/paysdeforbach.com\/wp-content\/uploads\/2025\/12\/office-de-tourisme-sarreguemines-confluence-300x300.webp 300w, https:\/\/paysdeforbach.com\/wp-content\/uploads\/2025\/12\/office-de-tourisme-sarreguemines-confluence-150x150.webp 150w, https:\/\/paysdeforbach.com\/wp-content\/uploads\/2025\/12\/office-de-tourisme-sarreguemines-confluence-768x768.webp 768w, https:\/\/paysdeforbach.com\/wp-content\/uploads\/2025\/12\/office-de-tourisme-sarreguemines-confluence-250x250.webp 250w, https:\/\/paysdeforbach.com\/wp-content\/uploads\/2025\/12\/office-de-tourisme-sarreguemines-confluence.webp 1181w\" sizes=\"(max-width: 800px) 100vw, 800px\" \/>\t\t\t\t\t\t\t\t\t\t\t\t\t\t\t<\/div>\n\t\t\t\t<\/a>\n\t\t<a class=\"elementor-element elementor-element-87efc2e e-con-full e-flex e-con e-child\" data-id=\"87efc2e\" data-element_type=\"container\" data-settings=\"{&quot;background_background&quot;:&quot;classic&quot;}\" href=\"https:\/\/tourismefreyming-merlebach.fr\/\" target=\"_blank\">\n\t\t\t\t<div class=\"elementor-element elementor-element-20a53ef elementor-widget elementor-widget-image\" data-id=\"20a53ef\" data-element_type=\"widget\" data-widget_type=\"image.default\">\n\t\t\t\t\t\t\t\t\t\t\t\t\t\t\t<img decoding=\"async\" width=\"300\" height=\"150\" src=\"https:\/\/paysdeforbach.com\/wp-content\/uploads\/2025\/11\/logo-OT-connexion.webp\" class=\"attachment-full size-full wp-image-10337\" alt=\"\" \/>\t\t\t\t\t\t\t\t\t\t\t\t\t\t\t<\/div>\n\t\t\t\t<\/a>\n\t\t<a class=\"elementor-element elementor-element-5fed17f e-con-full e-flex e-con e-child\" data-id=\"5fed17f\" data-element_type=\"container\" data-settings=\"{&quot;background_background&quot;:&quot;classic&quot;}\" href=\"https:\/\/www.saintavold-coeurdemoselle.fr\/\" target=\"_blank\">\n\t\t\t\t<div class=\"elementor-element elementor-element-1509861 elementor-widget elementor-widget-image\" data-id=\"1509861\" data-element_type=\"widget\" data-widget_type=\"image.default\">\n\t\t\t\t\t\t\t\t\t\t\t\t\t\t\t<img loading=\"lazy\" decoding=\"async\" width=\"800\" height=\"534\" src=\"https:\/\/paysdeforbach.com\/wp-content\/uploads\/2025\/11\/coeur-moselle-st-avold.webp\" class=\"attachment-large size-large wp-image-10335\" alt=\"\" srcset=\"https:\/\/paysdeforbach.com\/wp-content\/uploads\/2025\/11\/coeur-moselle-st-avold.webp 1024w, https:\/\/paysdeforbach.com\/wp-content\/uploads\/2025\/11\/coeur-moselle-st-avold-300x200.webp 300w, https:\/\/paysdeforbach.com\/wp-content\/uploads\/2025\/11\/coeur-moselle-st-avold-768x512.webp 768w, https:\/\/paysdeforbach.com\/wp-content\/uploads\/2025\/11\/coeur-moselle-st-avold-450x300.webp 450w\" sizes=\"(max-width: 800px) 100vw, 800px\" \/>\t\t\t\t\t\t\t\t\t\t\t\t\t\t\t<\/div>\n\t\t\t\t<\/a>\n\t\t\t\t<\/div>\n\t\t\t\t<\/div>\n\t\t\t\t<\/div>\n\t\t<div class=\"elementor-element elementor-element-f3ea995 e-flex e-con-boxed e-con e-parent\" data-id=\"f3ea995\" data-element_type=\"container\">\n\t\t\t\t\t<div class=\"e-con-inner\">\n\t\t<div class=\"elementor-element elementor-element-1e63ecc6 e-con-full e-flex e-con e-child\" data-id=\"1e63ecc6\" data-element_type=\"container\">\n\t\t\t\t<div class=\"elementor-element elementor-element-9b6434a elementor-widget elementor-widget-heading\" data-id=\"9b6434a\" data-element_type=\"widget\" data-widget_type=\"heading.default\">\n\t\t\t\t\t<h5 class=\"elementor-heading-title elementor-size-default\">Teilen Sie diesen Inhalt!<\/h5>\t\t\t\t<\/div>\n\t\t\t\t<div class=\"elementor-element elementor-element-32f6530d elementor-share-buttons--view-icon elementor-share-buttons--shape-circle elementor-share-buttons--color-custom elementor-share-buttons--skin-gradient elementor-grid-0 elementor-widget elementor-widget-share-buttons\" data-id=\"32f6530d\" data-element_type=\"widget\" data-widget_type=\"share-buttons.default\">\n\t\t\t\t\t\t\t<div class=\"elementor-grid\" role=\"list\">\n\t\t\t\t\t\t\t\t<div class=\"elementor-grid-item\" role=\"listitem\">\n\t\t\t\t\t\t<div class=\"elementor-share-btn elementor-share-btn_facebook\" role=\"button\" tabindex=\"0\" aria-label=\"Teilen auf facebook\">\n\t\t\t\t\t\t\t\t\t\t\t\t\t\t\t<span class=\"elementor-share-btn__icon\">\n\t\t\t\t\t\t\t\t<svg aria-hidden=\"true\" class=\"e-font-icon-svg e-fab-facebook\" viewBox=\"0 0 512 512\" xmlns=\"http:\/\/www.w3.org\/2000\/svg\"><path d=\"M504 256C504 119 393 8 256 8S8 119 8 256c0 123.78 90.69 226.38 209.25 245V327.69h-63V256h63v-54.64c0-62.15 37-96.48 93.67-96.48 27.14 0 55.52 4.84 55.52 4.84v61h-31.28c-30.8 0-40.41 19.12-40.41 38.73V256h68.78l-11 71.69h-57.78V501C413.31 482.38 504 379.78 504 256z\"><\/path><\/svg>\t\t\t\t\t\t\t<\/span>\n\t\t\t\t\t\t\t\t\t\t\t\t\t\t\t\t\t\t\t\t<\/div>\n\t\t\t\t\t<\/div>\n\t\t\t\t\t\t\t\t\t<div class=\"elementor-grid-item\" role=\"listitem\">\n\t\t\t\t\t\t<div class=\"elementor-share-btn elementor-share-btn_x-twitter\" role=\"button\" tabindex=\"0\" aria-label=\"Teilen auf x-twitter\">\n\t\t\t\t\t\t\t\t\t\t\t\t\t\t\t<span class=\"elementor-share-btn__icon\">\n\t\t\t\t\t\t\t\t<svg aria-hidden=\"true\" class=\"e-font-icon-svg e-fab-x-twitter\" viewBox=\"0 0 512 512\" xmlns=\"http:\/\/www.w3.org\/2000\/svg\"><path d=\"M389.2 48h70.6L305.6 224.2 487 464H345L233.7 318.6 106.5 464H35.8L200.7 275.5 26.8 48H172.4L272.9 180.9 389.2 48zM364.4 421.8h39.1L151.1 88h-42L364.4 421.8z\"><\/path><\/svg>\t\t\t\t\t\t\t<\/span>\n\t\t\t\t\t\t\t\t\t\t\t\t\t\t\t\t\t\t\t\t<\/div>\n\t\t\t\t\t<\/div>\n\t\t\t\t\t\t\t\t\t<div class=\"elementor-grid-item\" role=\"listitem\">\n\t\t\t\t\t\t<div class=\"elementor-share-btn elementor-share-btn_linkedin\" role=\"button\" tabindex=\"0\" aria-label=\"Teilen auf linkedin\">\n\t\t\t\t\t\t\t\t\t\t\t\t\t\t\t<span class=\"elementor-share-btn__icon\">\n\t\t\t\t\t\t\t\t<svg aria-hidden=\"true\" class=\"e-font-icon-svg e-fab-linkedin\" viewBox=\"0 0 448 512\" xmlns=\"http:\/\/www.w3.org\/2000\/svg\"><path d=\"M416 32H31.9C14.3 32 0 46.5 0 64.3v383.4C0 465.5 14.3 480 31.9 480H416c17.6 0 32-14.5 32-32.3V64.3c0-17.8-14.4-32.3-32-32.3zM135.4 416H69V202.2h66.5V416zm-33.2-243c-21.3 0-38.5-17.3-38.5-38.5S80.9 96 102.2 96c21.2 0 38.5 17.3 38.5 38.5 0 21.3-17.2 38.5-38.5 38.5zm282.1 243h-66.4V312c0-24.8-.5-56.7-34.5-56.7-34.6 0-39.9 27-39.9 54.9V416h-66.4V202.2h63.7v29.2h.9c8.9-16.8 30.6-34.5 62.9-34.5 67.2 0 79.7 44.3 79.7 101.9V416z\"><\/path><\/svg>\t\t\t\t\t\t\t<\/span>\n\t\t\t\t\t\t\t\t\t\t\t\t\t\t\t\t\t\t\t\t<\/div>\n\t\t\t\t\t<\/div>\n\t\t\t\t\t\t\t\t\t<div class=\"elementor-grid-item\" role=\"listitem\">\n\t\t\t\t\t\t<div class=\"elementor-share-btn elementor-share-btn_email\" role=\"button\" tabindex=\"0\" aria-label=\"Teilen auf email\">\n\t\t\t\t\t\t\t\t\t\t\t\t\t\t\t<span class=\"elementor-share-btn__icon\">\n\t\t\t\t\t\t\t\t<svg aria-hidden=\"true\" class=\"e-font-icon-svg e-fas-envelope\" viewBox=\"0 0 512 512\" xmlns=\"http:\/\/www.w3.org\/2000\/svg\"><path d=\"M502.3 190.8c3.9-3.1 9.7-.2 9.7 4.7V400c0 26.5-21.5 48-48 48H48c-26.5 0-48-21.5-48-48V195.6c0-5 5.7-7.8 9.7-4.7 22.4 17.4 52.1 39.5 154.1 113.6 21.1 15.4 56.7 47.8 92.2 47.6 35.7.3 72-32.8 92.3-47.6 102-74.1 131.6-96.3 154-113.7zM256 320c23.2.4 56.6-29.2 73.4-41.4 132.7-96.3 142.8-104.7 173.4-128.7 5.8-4.5 9.2-11.5 9.2-18.9v-19c0-26.5-21.5-48-48-48H48C21.5 64 0 85.5 0 112v19c0 7.4 3.4 14.3 9.2 18.9 30.6 23.9 40.7 32.4 173.4 128.7 16.8 12.2 50.2 41.8 73.4 41.4z\"><\/path><\/svg>\t\t\t\t\t\t\t<\/span>\n\t\t\t\t\t\t\t\t\t\t\t\t\t\t\t\t\t\t\t\t<\/div>\n\t\t\t\t\t<\/div>\n\t\t\t\t\t\t\t\t\t<div class=\"elementor-grid-item\" role=\"listitem\">\n\t\t\t\t\t\t<div class=\"elementor-share-btn elementor-share-btn_whatsapp\" role=\"button\" tabindex=\"0\" aria-label=\"Teilen auf whatsapp\">\n\t\t\t\t\t\t\t\t\t\t\t\t\t\t\t<span class=\"elementor-share-btn__icon\">\n\t\t\t\t\t\t\t\t<svg aria-hidden=\"true\" class=\"e-font-icon-svg e-fab-whatsapp\" viewBox=\"0 0 448 512\" xmlns=\"http:\/\/www.w3.org\/2000\/svg\"><path d=\"M380.9 97.1C339 55.1 283.2 32 223.9 32c-122.4 0-222 99.6-222 222 0 39.1 10.2 77.3 29.6 111L0 480l117.7-30.9c32.4 17.7 68.9 27 106.1 27h.1c122.3 0 224.1-99.6 224.1-222 0-59.3-25.2-115-67.1-157zm-157 341.6c-33.2 0-65.7-8.9-94-25.7l-6.7-4-69.8 18.3L72 359.2l-4.4-7c-18.5-29.4-28.2-63.3-28.2-98.2 0-101.7 82.8-184.5 184.6-184.5 49.3 0 95.6 19.2 130.4 54.1 34.8 34.9 56.2 81.2 56.1 130.5 0 101.8-84.9 184.6-186.6 184.6zm101.2-138.2c-5.5-2.8-32.8-16.2-37.9-18-5.1-1.9-8.8-2.8-12.5 2.8-3.7 5.6-14.3 18-17.6 21.8-3.2 3.7-6.5 4.2-12 1.4-32.6-16.3-54-29.1-75.5-66-5.7-9.8 5.7-9.1 16.3-30.3 1.8-3.7.9-6.9-.5-9.7-1.4-2.8-12.5-30.1-17.1-41.2-4.5-10.8-9.1-9.3-12.5-9.5-3.2-.2-6.9-.2-10.6-.2-3.7 0-9.7 1.4-14.8 6.9-5.1 5.6-19.4 19-19.4 46.3 0 27.3 19.9 53.7 22.6 57.4 2.8 3.7 39.1 59.7 94.8 83.8 35.2 15.2 49 16.5 66.6 13.9 10.7-1.6 32.8-13.4 37.4-26.4 4.6-13 4.6-24.1 3.2-26.4-1.3-2.5-5-3.9-10.5-6.6z\"><\/path><\/svg>\t\t\t\t\t\t\t<\/span>\n\t\t\t\t\t\t\t\t\t\t\t\t\t\t\t\t\t\t\t\t<\/div>\n\t\t\t\t\t<\/div>\n\t\t\t\t\t\t<\/div>\n\t\t\t\t\t\t<\/div>\n\t\t\t\t<\/div>\n\t\t\t\t\t<\/div>\n\t\t\t\t<\/div>\n\t\t\t\t<\/div>\n\t\t","protected":false},"excerpt":{"rendered":"<p>Frankreich Vom Pays de Forbach aus gelangen Sie sehr einfach zu den benachbarten St\u00e4dten, die Ihnen ihre T\u00fcren \u00f6ffnen. Kulturerbe, Natur, Freizeit... Unsere Nachbarregionen bieten zahlreiche Ausflugsideen, um Ihren Aufenthalt zu erg\u00e4nzen und Ihre Entdeckungsm\u00f6glichkeiten zu erweitern. Teilen Sie diesen Inhalt!<\/p>\n","protected":false},"author":3,"featured_media":0,"parent":10792,"menu_order":0,"comment_status":"closed","ping_status":"closed","template":"","meta":{"footnotes":""},"class_list":["post-10332","page","type-page","status-publish","hentry"],"yoast_head":"<!-- This site is optimized with the Yoast SEO plugin v26.8 - https:\/\/yoast.com\/product\/yoast-seo-wordpress\/ -->\n<title>Frankreich - Office de Tourisme du Pays de Forbach<\/title>\n<meta name=\"robots\" content=\"index, follow, max-snippet:-1, max-image-preview:large, max-video-preview:-1\" \/>\n<link rel=\"canonical\" href=\"https:\/\/paysdeforbach.com\/de\/entdecken\/bei-unseren-nachbarn\/frankreich\/\" \/>\n<meta property=\"og:locale\" content=\"de_DE\" \/>\n<meta property=\"og:type\" content=\"article\" \/>\n<meta property=\"og:title\" content=\"Frankreich - Office de Tourisme du Pays de Forbach\" \/>\n<meta property=\"og:description\" content=\"Frankreich Vom Pays de Forbach aus gelangen Sie sehr einfach zu den benachbarten St\u00e4dten, die Ihnen ihre T\u00fcren \u00f6ffnen. Kulturerbe, Natur, Freizeit... Unsere Nachbarregionen bieten zahlreiche Ausflugsideen, um Ihren Aufenthalt zu erg\u00e4nzen und Ihre Entdeckungsm\u00f6glichkeiten zu erweitern. Teilen Sie diesen Inhalt!\" \/>\n<meta property=\"og:url\" content=\"https:\/\/paysdeforbach.com\/de\/entdecken\/bei-unseren-nachbarn\/frankreich\/\" \/>\n<meta property=\"og:site_name\" content=\"Office de Tourisme du Pays de Forbach\" \/>\n<meta property=\"article:modified_time\" content=\"2026-03-18T10:08:06+00:00\" \/>\n<meta property=\"og:image\" content=\"https:\/\/paysdeforbach.com\/wp-content\/uploads\/2025\/11\/Pays-de-Bitche-Tourisme-300x242.webp\" \/>\n<meta name=\"twitter:card\" content=\"summary_large_image\" \/>\n<script type=\"application\/ld+json\" class=\"yoast-schema-graph\">{\"@context\":\"https:\/\/schema.org\",\"@graph\":[{\"@type\":\"WebPage\",\"@id\":\"https:\/\/paysdeforbach.com\/de\/entdecken\/bei-unseren-nachbarn\/frankreich\/\",\"url\":\"https:\/\/paysdeforbach.com\/de\/entdecken\/bei-unseren-nachbarn\/frankreich\/\",\"name\":\"Frankreich - Office de Tourisme du Pays de Forbach\",\"isPartOf\":{\"@id\":\"https:\/\/paysdeforbach.com\/de\/#website\"},\"primaryImageOfPage\":{\"@id\":\"https:\/\/paysdeforbach.com\/de\/entdecken\/bei-unseren-nachbarn\/frankreich\/#primaryimage\"},\"image\":{\"@id\":\"https:\/\/paysdeforbach.com\/de\/entdecken\/bei-unseren-nachbarn\/frankreich\/#primaryimage\"},\"thumbnailUrl\":\"https:\/\/paysdeforbach.com\/wp-content\/uploads\/2025\/11\/Pays-de-Bitche-Tourisme-300x242.webp\",\"datePublished\":\"2025-10-20T12:25:30+00:00\",\"dateModified\":\"2026-03-18T10:08:06+00:00\",\"breadcrumb\":{\"@id\":\"https:\/\/paysdeforbach.com\/de\/entdecken\/bei-unseren-nachbarn\/frankreich\/#breadcrumb\"},\"inLanguage\":\"de\",\"potentialAction\":[{\"@type\":\"ReadAction\",\"target\":[\"https:\/\/paysdeforbach.com\/de\/entdecken\/bei-unseren-nachbarn\/frankreich\/\"]}]},{\"@type\":\"ImageObject\",\"inLanguage\":\"de\",\"@id\":\"https:\/\/paysdeforbach.com\/de\/entdecken\/bei-unseren-nachbarn\/frankreich\/#primaryimage\",\"url\":\"https:\/\/paysdeforbach.com\/wp-content\/uploads\/2025\/11\/Pays-de-Bitche-Tourisme-300x242.webp\",\"contentUrl\":\"https:\/\/paysdeforbach.com\/wp-content\/uploads\/2025\/11\/Pays-de-Bitche-Tourisme-300x242.webp\"},{\"@type\":\"BreadcrumbList\",\"@id\":\"https:\/\/paysdeforbach.com\/de\/entdecken\/bei-unseren-nachbarn\/frankreich\/#breadcrumb\",\"itemListElement\":[{\"@type\":\"ListItem\",\"position\":1,\"name\":\"Accueil\",\"item\":\"https:\/\/paysdeforbach.com\/de\/\"},{\"@type\":\"ListItem\",\"position\":2,\"name\":\"Entdecken\",\"item\":\"https:\/\/paysdeforbach.com\/de\/entdecken\/\"},{\"@type\":\"ListItem\",\"position\":3,\"name\":\"Bei unseren Nachbarn\",\"item\":\"https:\/\/paysdeforbach.com\/de\/entdecken\/bei-unseren-nachbarn\/\"},{\"@type\":\"ListItem\",\"position\":4,\"name\":\"Frankreich\"}]},{\"@type\":\"WebSite\",\"@id\":\"https:\/\/paysdeforbach.com\/de\/#website\",\"url\":\"https:\/\/paysdeforbach.com\/de\/\",\"name\":\"OT Pays de Forbach\",\"description\":\"\",\"publisher\":{\"@id\":\"https:\/\/paysdeforbach.com\/de\/#organization\"},\"potentialAction\":[{\"@type\":\"SearchAction\",\"target\":{\"@type\":\"EntryPoint\",\"urlTemplate\":\"https:\/\/paysdeforbach.com\/de\/?s={search_term_string}\"},\"query-input\":{\"@type\":\"PropertyValueSpecification\",\"valueRequired\":true,\"valueName\":\"search_term_string\"}}],\"inLanguage\":\"de\"},{\"@type\":\"Organization\",\"@id\":\"https:\/\/paysdeforbach.com\/de\/#organization\",\"name\":\"OT Pays de Forbach\",\"url\":\"https:\/\/paysdeforbach.com\/de\/\",\"logo\":{\"@type\":\"ImageObject\",\"inLanguage\":\"de\",\"@id\":\"https:\/\/paysdeforbach.com\/de\/#\/schema\/logo\/image\/\",\"url\":\"https:\/\/paysdeforbach.com\/wp-content\/uploads\/2025\/11\/cropped-logo-Pays-de-Forbach_Quadri.webp\",\"contentUrl\":\"https:\/\/paysdeforbach.com\/wp-content\/uploads\/2025\/11\/cropped-logo-Pays-de-Forbach_Quadri.webp\",\"width\":623,\"height\":356,\"caption\":\"OT Pays de Forbach\"},\"image\":{\"@id\":\"https:\/\/paysdeforbach.com\/de\/#\/schema\/logo\/image\/\"}}]}<\/script>\n<!-- \/ Yoast SEO plugin. -->","yoast_head_json":{"title":"Frankreich - Office de Tourisme du Pays de Forbach","robots":{"index":"index","follow":"follow","max-snippet":"max-snippet:-1","max-image-preview":"max-image-preview:large","max-video-preview":"max-video-preview:-1"},"canonical":"https:\/\/paysdeforbach.com\/de\/entdecken\/bei-unseren-nachbarn\/frankreich\/","og_locale":"de_DE","og_type":"article","og_title":"Frankreich - Office de Tourisme du Pays de Forbach","og_description":"Frankreich Vom Pays de Forbach aus gelangen Sie sehr einfach zu den benachbarten St\u00e4dten, die Ihnen ihre T\u00fcren \u00f6ffnen. Kulturerbe, Natur, Freizeit... Unsere Nachbarregionen bieten zahlreiche Ausflugsideen, um Ihren Aufenthalt zu erg\u00e4nzen und Ihre Entdeckungsm\u00f6glichkeiten zu erweitern. Teilen Sie diesen Inhalt!","og_url":"https:\/\/paysdeforbach.com\/de\/entdecken\/bei-unseren-nachbarn\/frankreich\/","og_site_name":"Office de Tourisme du Pays de Forbach","article_modified_time":"2026-03-18T10:08:06+00:00","og_image":[{"url":"https:\/\/paysdeforbach.com\/wp-content\/uploads\/2025\/11\/Pays-de-Bitche-Tourisme-300x242.webp","type":"","width":"","height":""}],"twitter_card":"summary_large_image","schema":{"@context":"https:\/\/schema.org","@graph":[{"@type":"WebPage","@id":"https:\/\/paysdeforbach.com\/de\/entdecken\/bei-unseren-nachbarn\/frankreich\/","url":"https:\/\/paysdeforbach.com\/de\/entdecken\/bei-unseren-nachbarn\/frankreich\/","name":"Frankreich - Office de Tourisme du Pays de Forbach","isPartOf":{"@id":"https:\/\/paysdeforbach.com\/de\/#website"},"primaryImageOfPage":{"@id":"https:\/\/paysdeforbach.com\/de\/entdecken\/bei-unseren-nachbarn\/frankreich\/#primaryimage"},"image":{"@id":"https:\/\/paysdeforbach.com\/de\/entdecken\/bei-unseren-nachbarn\/frankreich\/#primaryimage"},"thumbnailUrl":"https:\/\/paysdeforbach.com\/wp-content\/uploads\/2025\/11\/Pays-de-Bitche-Tourisme-300x242.webp","datePublished":"2025-10-20T12:25:30+00:00","dateModified":"2026-03-18T10:08:06+00:00","breadcrumb":{"@id":"https:\/\/paysdeforbach.com\/de\/entdecken\/bei-unseren-nachbarn\/frankreich\/#breadcrumb"},"inLanguage":"de","potentialAction":[{"@type":"ReadAction","target":["https:\/\/paysdeforbach.com\/de\/entdecken\/bei-unseren-nachbarn\/frankreich\/"]}]},{"@type":"ImageObject","inLanguage":"de","@id":"https:\/\/paysdeforbach.com\/de\/entdecken\/bei-unseren-nachbarn\/frankreich\/#primaryimage","url":"https:\/\/paysdeforbach.com\/wp-content\/uploads\/2025\/11\/Pays-de-Bitche-Tourisme-300x242.webp","contentUrl":"https:\/\/paysdeforbach.com\/wp-content\/uploads\/2025\/11\/Pays-de-Bitche-Tourisme-300x242.webp"},{"@type":"BreadcrumbList","@id":"https:\/\/paysdeforbach.com\/de\/entdecken\/bei-unseren-nachbarn\/frankreich\/#breadcrumb","itemListElement":[{"@type":"ListItem","position":1,"name":"Accueil","item":"https:\/\/paysdeforbach.com\/de\/"},{"@type":"ListItem","position":2,"name":"Entdecken","item":"https:\/\/paysdeforbach.com\/de\/entdecken\/"},{"@type":"ListItem","position":3,"name":"Bei unseren Nachbarn","item":"https:\/\/paysdeforbach.com\/de\/entdecken\/bei-unseren-nachbarn\/"},{"@type":"ListItem","position":4,"name":"Frankreich"}]},{"@type":"WebSite","@id":"https:\/\/paysdeforbach.com\/de\/#website","url":"https:\/\/paysdeforbach.com\/de\/","name":"OT Pays de Forbach","description":"","publisher":{"@id":"https:\/\/paysdeforbach.com\/de\/#organization"},"potentialAction":[{"@type":"SearchAction","target":{"@type":"EntryPoint","urlTemplate":"https:\/\/paysdeforbach.com\/de\/?s={search_term_string}"},"query-input":{"@type":"PropertyValueSpecification","valueRequired":true,"valueName":"search_term_string"}}],"inLanguage":"de"},{"@type":"Organization","@id":"https:\/\/paysdeforbach.com\/de\/#organization","name":"OT Pays de Forbach","url":"https:\/\/paysdeforbach.com\/de\/","logo":{"@type":"ImageObject","inLanguage":"de","@id":"https:\/\/paysdeforbach.com\/de\/#\/schema\/logo\/image\/","url":"https:\/\/paysdeforbach.com\/wp-content\/uploads\/2025\/11\/cropped-logo-Pays-de-Forbach_Quadri.webp","contentUrl":"https:\/\/paysdeforbach.com\/wp-content\/uploads\/2025\/11\/cropped-logo-Pays-de-Forbach_Quadri.webp","width":623,"height":356,"caption":"OT Pays de Forbach"},"image":{"@id":"https:\/\/paysdeforbach.com\/de\/#\/schema\/logo\/image\/"}}]}},"_links":{"self":[{"href":"https:\/\/paysdeforbach.com\/de\/wp-json\/wp\/v2\/pages\/10332","targetHints":{"allow":["GET"]}}],"collection":[{"href":"https:\/\/paysdeforbach.com\/de\/wp-json\/wp\/v2\/pages"}],"about":[{"href":"https:\/\/paysdeforbach.com\/de\/wp-json\/wp\/v2\/types\/page"}],"author":[{"embeddable":true,"href":"https:\/\/paysdeforbach.com\/de\/wp-json\/wp\/v2\/users\/3"}],"replies":[{"embeddable":true,"href":"https:\/\/paysdeforbach.com\/de\/wp-json\/wp\/v2\/comments?post=10332"}],"version-history":[{"count":2,"href":"https:\/\/paysdeforbach.com\/de\/wp-json\/wp\/v2\/pages\/10332\/revisions"}],"predecessor-version":[{"id":10348,"href":"https:\/\/paysdeforbach.com\/de\/wp-json\/wp\/v2\/pages\/10332\/revisions\/10348"}],"up":[{"embeddable":true,"href":"https:\/\/paysdeforbach.com\/de\/wp-json\/wp\/v2\/pages\/10792"}],"wp:attachment":[{"href":"https:\/\/paysdeforbach.com\/de\/wp-json\/wp\/v2\/media?parent=10332"}],"curies":[{"name":"wp","href":"https:\/\/api.w.org\/{rel}","templated":true}]}}