{"id":10400,"date":"2026-01-05T15:05:36","date_gmt":"2026-01-05T15:05:36","guid":{"rendered":"https:\/\/paysdeforbach.com\/barrierefreiheit\/"},"modified":"2026-01-21T09:49:08","modified_gmt":"2026-01-21T09:49:08","slug":"barrierefreiheit","status":"publish","type":"page","link":"https:\/\/paysdeforbach.com\/de\/barrierefreiheit\/","title":{"rendered":"Barrierefreiheit"},"content":{"rendered":"\t\t<div data-elementor-type=\"wp-page\" data-elementor-id=\"10400\" class=\"elementor elementor-10400 elementor-9505\" data-elementor-post-type=\"page\">\n\t\t\t\t<div class=\"elementor-element elementor-element-181aad06 e-con-full e-flex e-con e-parent\" data-id=\"181aad06\" data-element_type=\"container\">\n\t\t<section class=\"elementor-element elementor-element-cd3a946 e-con-full e-flex e-con e-child\" data-id=\"cd3a946\" data-element_type=\"container\" data-settings=\"{&quot;background_background&quot;:&quot;classic&quot;}\">\n\t\t\t\t<div class=\"elementor-element elementor-element-6fa592fc elementor-widget elementor-widget-heading\" data-id=\"6fa592fc\" data-element_type=\"widget\" data-widget_type=\"heading.default\">\n\t\t\t\t\t<h2 class=\"elementor-heading-title elementor-size-default\">Erkl\u00e4rung zur Barrierefreiheit<\/h2>\t\t\t\t<\/div>\n\t\t\t\t<\/section>\n\t\t\t\t<\/div>\n\t\t<div class=\"elementor-element elementor-element-80134ad e-flex e-con-boxed e-con e-parent\" data-id=\"80134ad\" data-element_type=\"container\">\n\t\t\t\t\t<div class=\"e-con-inner\">\n\t\t\t\t<div class=\"elementor-element elementor-element-1c73056 elementor-widget elementor-widget-breadcrumbs\" data-id=\"1c73056\" data-element_type=\"widget\" data-widget_type=\"breadcrumbs.default\">\n\t\t\t\t\t<span id=\"breadcrumbs\"><span><span><a href=\"https:\/\/paysdeforbach.com\/de\/\">Accueil<\/a><\/span><\/span><\/span>\t\t\t\t<\/div>\n\t\t\t\t<div class=\"elementor-element elementor-element-1862c00 elementor-widget elementor-widget-text-editor\" data-id=\"1862c00\" data-element_type=\"widget\" data-widget_type=\"text-editor.default\">\n\t\t\t\t\t\t\t\t\t<p>Erstellt am 5. Januar 2026.<\/p><p>Unsere Organisation verpflichtet sich, ihren Dienst barrierefrei zu gestalten, gem\u00e4\u00df Artikel 47 des Gesetzes Nr. 2005-102 vom 11. Februar 2005.<\/p><p>Diese Erkl\u00e4rung zur Barrierefreiheit gilt f\u00fcr <strong>Office de Tourisme du Pays de Forbach<\/strong> (<a href=\"https:\/\/paysdeforbach.com\/de\/\">https:\/\/paysdeforbach.com<\/a>).<\/p><p> <\/p><h2><strong>Konformit\u00e4tsstatus<\/strong><\/h2><p><strong>Office de Tourisme du Pays de Forbach<\/strong> ist <strong><span data-printfilter=\"lowercase\">nicht konform<\/span><\/strong> mit dem <abbr title=\"Allgemeines Referenzsystem zur Verbesserung der Barrierefreiheit\">RGAA<\/abbr>. Die Website wurde noch nicht gepr\u00fcft. <\/p><p> <\/p><h2><strong>Verbesserung und Kontakt<\/strong><\/h2><p>Wenn Sie auf einen Inhalt oder Dienst nicht zugreifen k\u00f6nnen, kontaktieren Sie bitte den Verantwortlichen des Office de Tourisme du Pays de Forbach, um auf eine barrierefreie Alternative hingewiesen zu werden oder den Inhalt in einer anderen Form zu erhalten.<\/p><ul class=\"basic-information feedback h-card\"><li>Telefon: 0387850243<\/li><li>E-Mail: <a href=\"mailto:contact@paysdeforbach.com\">contact@paysdeforbach.com<\/a><\/li><li>Kontaktformular: <a href=\"https:\/\/paysdeforbach.com\/de\/?page_id=10758\">Kontaktieren Sie uns<\/a><\/li><li>Adresse: Ch\u00e2teau Barrabino - Avenue Saint-R\u00e9my - 57600 FORBACH<\/li><li>https:\/\/www.facebook.com\/paysdeforbach<br>https:\/\/www.instagram.com\/paysdeforbach\/%20\/<\/li><\/ul><p>Wir bem\u00fchen uns, innerhalb von 2 Werktagen zu antworten.<\/p><h2> <\/h2><h2><strong>Rechtsbehelf<\/strong><\/h2><p>Dieses Verfahren ist in folgendem Fall anzuwenden: Sie haben dem Verantwortlichen der Website einen Mangel an Barrierefreiheit gemeldet, der Sie daran hindert, auf einen Inhalt oder einen der Dienste des Portals zuzugreifen, und Sie haben keine zufriedenstellende Antwort erhalten.<\/p><p>Sie k\u00f6nnen:<\/p><ul><li>Eine Nachricht an den <a href=\"https:\/\/formulaire.defenseurdesdroits.fr\/\">D\u00e9fenseur des droits<\/a> schreiben<\/li><li><a href=\"https:\/\/www.defenseurdesdroits.fr\/saisir\/delegues\">Den Beauftragten des D\u00e9fenseur des droits in Ihrer Region<\/a> kontaktieren<\/li><li>Einen Brief per Post senden (kostenlos, keine Briefmarke erforderlich):<br>D\u00e9fenseur des droits<br>Libre r\u00e9ponse 71120 75342 Paris CEDEX 07<\/li><\/ul><p> <\/p><p>Diese Erkl\u00e4rung zur Barrierefreiheit wurde am 5. Januar 2026 mithilfe des <a href=\"https:\/\/betagouv.github.io\/a11y-generateur-declaration\/#create\">Generators f\u00fcr Barrierefreiheitserkl\u00e4rungen<\/a> erstellt.<\/p>\t\t\t\t\t\t\t\t<\/div>\n\t\t\t\t<div class=\"elementor-element elementor-element-a4cb80b elementor-widget elementor-widget-spacer\" data-id=\"a4cb80b\" data-element_type=\"widget\" data-widget_type=\"spacer.default\">\n\t\t\t\t\t\t\t<div class=\"elementor-spacer\">\n\t\t\t<div class=\"elementor-spacer-inner\"><\/div>\n\t\t<\/div>\n\t\t\t\t\t\t<\/div>\n\t\t\t\t\t<\/div>\n\t\t\t\t<\/div>\n\t\t\t\t<\/div>\n\t\t","protected":false},"excerpt":{"rendered":"<p>Erkl\u00e4rung zur Barrierefreiheit Erstellt am 5. Januar 2026. Unsere Organisation verpflichtet sich, ihren Dienst barrierefrei zu gestalten, gem\u00e4\u00df Artikel 47 des Gesetzes Nr. 2005-102 vom 11. Februar 2005. Diese Erkl\u00e4rung zur Barrierefreiheit gilt f\u00fcr Office de Tourisme du Pays de Forbach (https:\/\/paysdeforbach.com). Konformit\u00e4tsstatus Office de Tourisme du Pays de Forbach ist nicht konform mit dem [&hellip;]<\/p>\n","protected":false},"author":2,"featured_media":0,"parent":0,"menu_order":0,"comment_status":"closed","ping_status":"closed","template":"","meta":{"footnotes":""},"class_list":["post-10400","page","type-page","status-publish","hentry"],"yoast_head":"<!-- This site is optimized with the Yoast SEO plugin v26.8 - https:\/\/yoast.com\/product\/yoast-seo-wordpress\/ -->\n<title>Barrierefreiheit - Office de Tourisme du Pays de Forbach<\/title>\n<meta name=\"robots\" content=\"index, follow, max-snippet:-1, max-image-preview:large, max-video-preview:-1\" \/>\n<link rel=\"canonical\" href=\"https:\/\/paysdeforbach.com\/de\/barrierefreiheit\/\" \/>\n<meta property=\"og:locale\" content=\"de_DE\" \/>\n<meta property=\"og:type\" content=\"article\" \/>\n<meta property=\"og:title\" content=\"Barrierefreiheit - Office de Tourisme du Pays de Forbach\" \/>\n<meta property=\"og:description\" content=\"Erkl\u00e4rung zur Barrierefreiheit Erstellt am 5. Januar 2026. Unsere Organisation verpflichtet sich, ihren Dienst barrierefrei zu gestalten, gem\u00e4\u00df Artikel 47 des Gesetzes Nr. 2005-102 vom 11. Februar 2005. Diese Erkl\u00e4rung zur Barrierefreiheit gilt f\u00fcr Office de Tourisme du Pays de Forbach (https:\/\/paysdeforbach.com). Konformit\u00e4tsstatus Office de Tourisme du Pays de Forbach ist nicht konform mit dem [&hellip;]\" \/>\n<meta property=\"og:url\" content=\"https:\/\/paysdeforbach.com\/de\/barrierefreiheit\/\" \/>\n<meta property=\"og:site_name\" content=\"Office de Tourisme du Pays de Forbach\" \/>\n<meta property=\"article:modified_time\" content=\"2026-01-21T09:49:08+00:00\" \/>\n<meta name=\"twitter:card\" content=\"summary_large_image\" \/>\n<meta name=\"twitter:label1\" content=\"Gesch\u00e4tzte Lesezeit\" \/>\n\t<meta name=\"twitter:data1\" content=\"1\u00a0Minute\" \/>\n<script type=\"application\/ld+json\" class=\"yoast-schema-graph\">{\"@context\":\"https:\/\/schema.org\",\"@graph\":[{\"@type\":\"WebPage\",\"@id\":\"https:\/\/paysdeforbach.com\/de\/barrierefreiheit\/\",\"url\":\"https:\/\/paysdeforbach.com\/de\/barrierefreiheit\/\",\"name\":\"Barrierefreiheit - Office de Tourisme du Pays de Forbach\",\"isPartOf\":{\"@id\":\"https:\/\/paysdeforbach.com\/de\/#website\"},\"datePublished\":\"2026-01-05T15:05:36+00:00\",\"dateModified\":\"2026-01-21T09:49:08+00:00\",\"breadcrumb\":{\"@id\":\"https:\/\/paysdeforbach.com\/de\/barrierefreiheit\/#breadcrumb\"},\"inLanguage\":\"de\",\"potentialAction\":[{\"@type\":\"ReadAction\",\"target\":[\"https:\/\/paysdeforbach.com\/de\/barrierefreiheit\/\"]}]},{\"@type\":\"BreadcrumbList\",\"@id\":\"https:\/\/paysdeforbach.com\/de\/barrierefreiheit\/#breadcrumb\",\"itemListElement\":[{\"@type\":\"ListItem\",\"position\":1,\"name\":\"Accueil\",\"item\":\"https:\/\/paysdeforbach.com\/de\/\"},{\"@type\":\"ListItem\",\"position\":2,\"name\":\"Barrierefreiheit\"}]},{\"@type\":\"WebSite\",\"@id\":\"https:\/\/paysdeforbach.com\/de\/#website\",\"url\":\"https:\/\/paysdeforbach.com\/de\/\",\"name\":\"OT Pays de Forbach\",\"description\":\"\",\"publisher\":{\"@id\":\"https:\/\/paysdeforbach.com\/de\/#organization\"},\"potentialAction\":[{\"@type\":\"SearchAction\",\"target\":{\"@type\":\"EntryPoint\",\"urlTemplate\":\"https:\/\/paysdeforbach.com\/de\/?s={search_term_string}\"},\"query-input\":{\"@type\":\"PropertyValueSpecification\",\"valueRequired\":true,\"valueName\":\"search_term_string\"}}],\"inLanguage\":\"de\"},{\"@type\":\"Organization\",\"@id\":\"https:\/\/paysdeforbach.com\/de\/#organization\",\"name\":\"OT Pays de Forbach\",\"url\":\"https:\/\/paysdeforbach.com\/de\/\",\"logo\":{\"@type\":\"ImageObject\",\"inLanguage\":\"de\",\"@id\":\"https:\/\/paysdeforbach.com\/de\/#\/schema\/logo\/image\/\",\"url\":\"https:\/\/paysdeforbach.com\/wp-content\/uploads\/2025\/11\/cropped-logo-Pays-de-Forbach_Quadri.webp\",\"contentUrl\":\"https:\/\/paysdeforbach.com\/wp-content\/uploads\/2025\/11\/cropped-logo-Pays-de-Forbach_Quadri.webp\",\"width\":623,\"height\":356,\"caption\":\"OT Pays de Forbach\"},\"image\":{\"@id\":\"https:\/\/paysdeforbach.com\/de\/#\/schema\/logo\/image\/\"}}]}<\/script>\n<!-- \/ Yoast SEO plugin. -->","yoast_head_json":{"title":"Barrierefreiheit - Office de Tourisme du Pays de Forbach","robots":{"index":"index","follow":"follow","max-snippet":"max-snippet:-1","max-image-preview":"max-image-preview:large","max-video-preview":"max-video-preview:-1"},"canonical":"https:\/\/paysdeforbach.com\/de\/barrierefreiheit\/","og_locale":"de_DE","og_type":"article","og_title":"Barrierefreiheit - Office de Tourisme du Pays de Forbach","og_description":"Erkl\u00e4rung zur Barrierefreiheit Erstellt am 5. Januar 2026. Unsere Organisation verpflichtet sich, ihren Dienst barrierefrei zu gestalten, gem\u00e4\u00df Artikel 47 des Gesetzes Nr. 2005-102 vom 11. Februar 2005. Diese Erkl\u00e4rung zur Barrierefreiheit gilt f\u00fcr Office de Tourisme du Pays de Forbach (https:\/\/paysdeforbach.com). Konformit\u00e4tsstatus Office de Tourisme du Pays de Forbach ist nicht konform mit dem [&hellip;]","og_url":"https:\/\/paysdeforbach.com\/de\/barrierefreiheit\/","og_site_name":"Office de Tourisme du Pays de Forbach","article_modified_time":"2026-01-21T09:49:08+00:00","twitter_card":"summary_large_image","twitter_misc":{"Gesch\u00e4tzte Lesezeit":"1\u00a0Minute"},"schema":{"@context":"https:\/\/schema.org","@graph":[{"@type":"WebPage","@id":"https:\/\/paysdeforbach.com\/de\/barrierefreiheit\/","url":"https:\/\/paysdeforbach.com\/de\/barrierefreiheit\/","name":"Barrierefreiheit - Office de Tourisme du Pays de Forbach","isPartOf":{"@id":"https:\/\/paysdeforbach.com\/de\/#website"},"datePublished":"2026-01-05T15:05:36+00:00","dateModified":"2026-01-21T09:49:08+00:00","breadcrumb":{"@id":"https:\/\/paysdeforbach.com\/de\/barrierefreiheit\/#breadcrumb"},"inLanguage":"de","potentialAction":[{"@type":"ReadAction","target":["https:\/\/paysdeforbach.com\/de\/barrierefreiheit\/"]}]},{"@type":"BreadcrumbList","@id":"https:\/\/paysdeforbach.com\/de\/barrierefreiheit\/#breadcrumb","itemListElement":[{"@type":"ListItem","position":1,"name":"Accueil","item":"https:\/\/paysdeforbach.com\/de\/"},{"@type":"ListItem","position":2,"name":"Barrierefreiheit"}]},{"@type":"WebSite","@id":"https:\/\/paysdeforbach.com\/de\/#website","url":"https:\/\/paysdeforbach.com\/de\/","name":"OT Pays de Forbach","description":"","publisher":{"@id":"https:\/\/paysdeforbach.com\/de\/#organization"},"potentialAction":[{"@type":"SearchAction","target":{"@type":"EntryPoint","urlTemplate":"https:\/\/paysdeforbach.com\/de\/?s={search_term_string}"},"query-input":{"@type":"PropertyValueSpecification","valueRequired":true,"valueName":"search_term_string"}}],"inLanguage":"de"},{"@type":"Organization","@id":"https:\/\/paysdeforbach.com\/de\/#organization","name":"OT Pays de Forbach","url":"https:\/\/paysdeforbach.com\/de\/","logo":{"@type":"ImageObject","inLanguage":"de","@id":"https:\/\/paysdeforbach.com\/de\/#\/schema\/logo\/image\/","url":"https:\/\/paysdeforbach.com\/wp-content\/uploads\/2025\/11\/cropped-logo-Pays-de-Forbach_Quadri.webp","contentUrl":"https:\/\/paysdeforbach.com\/wp-content\/uploads\/2025\/11\/cropped-logo-Pays-de-Forbach_Quadri.webp","width":623,"height":356,"caption":"OT Pays de Forbach"},"image":{"@id":"https:\/\/paysdeforbach.com\/de\/#\/schema\/logo\/image\/"}}]}},"_links":{"self":[{"href":"https:\/\/paysdeforbach.com\/de\/wp-json\/wp\/v2\/pages\/10400","targetHints":{"allow":["GET"]}}],"collection":[{"href":"https:\/\/paysdeforbach.com\/de\/wp-json\/wp\/v2\/pages"}],"about":[{"href":"https:\/\/paysdeforbach.com\/de\/wp-json\/wp\/v2\/types\/page"}],"author":[{"embeddable":true,"href":"https:\/\/paysdeforbach.com\/de\/wp-json\/wp\/v2\/users\/2"}],"replies":[{"embeddable":true,"href":"https:\/\/paysdeforbach.com\/de\/wp-json\/wp\/v2\/comments?post=10400"}],"version-history":[{"count":4,"href":"https:\/\/paysdeforbach.com\/de\/wp-json\/wp\/v2\/pages\/10400\/revisions"}],"predecessor-version":[{"id":12765,"href":"https:\/\/paysdeforbach.com\/de\/wp-json\/wp\/v2\/pages\/10400\/revisions\/12765"}],"wp:attachment":[{"href":"https:\/\/paysdeforbach.com\/de\/wp-json\/wp\/v2\/media?parent=10400"}],"curies":[{"name":"wp","href":"https:\/\/api.w.org\/{rel}","templated":true}]}}