{"id":10500,"date":"2025-11-10T13:21:15","date_gmt":"2025-11-10T13:21:15","guid":{"rendered":"https:\/\/paysdeforbach.com\/barrierefreier-tourismus\/"},"modified":"2026-01-20T13:19:01","modified_gmt":"2026-01-20T13:19:01","slug":"barrierefreier-tourismus","status":"publish","type":"page","link":"https:\/\/paysdeforbach.com\/de\/barrierefreier-tourismus\/","title":{"rendered":"Barrierefreier Tourismus"},"content":{"rendered":"\t\t<div data-elementor-type=\"wp-page\" data-elementor-id=\"10500\" class=\"elementor elementor-10500 elementor-7300\" data-elementor-post-type=\"page\">\n\t\t\t\t<div class=\"elementor-element elementor-element-6d4990e4 e-con-full e-flex e-con e-parent\" data-id=\"6d4990e4\" data-element_type=\"container\">\n\t\t<section class=\"elementor-element elementor-element-3305aa35 e-con-full e-flex e-con e-child\" data-id=\"3305aa35\" data-element_type=\"container\" data-settings=\"{&quot;background_background&quot;:&quot;classic&quot;}\">\n\t\t\t\t<div class=\"elementor-element elementor-element-4dec7c8f elementor-widget elementor-widget-heading\" data-id=\"4dec7c8f\" data-element_type=\"widget\" data-widget_type=\"heading.default\">\n\t\t\t\t\t<h2 class=\"elementor-heading-title elementor-size-default\">Barrierefreier Tourismus<\/h2>\t\t\t\t<\/div>\n\t\t\t\t<\/section>\n\t\t\t\t<div class=\"elementor-element elementor-element-11b1f1ac elementor-widget elementor-widget-breadcrumbs\" data-id=\"11b1f1ac\" data-element_type=\"widget\" data-widget_type=\"breadcrumbs.default\">\n\t\t\t\t\t<span id=\"breadcrumbs\"><span><span><a href=\"https:\/\/paysdeforbach.com\/de\/\">Accueil<\/a><\/span><\/span><\/span>\t\t\t\t<\/div>\n\t\t\t\t<\/div>\n\t\t<div class=\"elementor-element elementor-element-5394fe4 e-con-full e-flex e-con e-parent\" data-id=\"5394fe4\" data-element_type=\"container\">\n\t\t<div class=\"elementor-element elementor-element-4e49401 e-grid e-con-boxed e-con e-child\" data-id=\"4e49401\" data-element_type=\"container\">\n\t\t\t\t\t<div class=\"e-con-inner\">\n\t\t<a class=\"elementor-element elementor-element-38f6511 e-con-full e-flex e-con e-child\" data-id=\"38f6511\" data-element_type=\"container\" data-settings=\"{&quot;background_background&quot;:&quot;classic&quot;}\" href=\"https:\/\/paysdeforbach.com\/wp-content\/uploads\/2025\/11\/documentation_FALC_2025.pdf\" target=\"_blank\">\n\t\t\t\t<div class=\"elementor-element elementor-element-e4061f7 elementor-widget elementor-widget-heading\" data-id=\"e4061f7\" data-element_type=\"widget\" data-widget_type=\"heading.default\">\n\t\t\t\t\t<h2 class=\"elementor-heading-title elementor-size-default\">Sie haben eine Behinderung <br>und m\u00f6chten das Pays de Forbach entdecken?<\/h2>\t\t\t\t<\/div>\n\t\t\t\t<\/a>\n\t\t<a class=\"elementor-element elementor-element-1834813 e-con-full e-flex e-con e-child\" data-id=\"1834813\" data-element_type=\"container\" data-settings=\"{&quot;background_background&quot;:&quot;classic&quot;}\" href=\"https:\/\/paysdeforbach.com\/wp-content\/uploads\/2025\/11\/documentation_FALC_2025.pdf\" target=\"_blank\">\n\t\t\t\t<div class=\"elementor-element elementor-element-75a5010 elementor-widget elementor-widget-text-editor\" data-id=\"75a5010\" data-element_type=\"widget\" data-widget_type=\"text-editor.default\">\n\t\t\t\t\t\t\t\t\t<p><strong>LADEN SIE DEN LEICHT ZU LESENDEN UND ZU VERSTEHENDEN LEITFADEN HERUNTER<\/strong><strong><br><\/strong>mit allen praktischen Informationen zur Anreise und Fortbewegung in der Region; zu \u00f6ffentlichen Einrichtungen; zu barrierefreien Aktivit\u00e4ten, Unterk\u00fcnften und Restaurants.<\/p>\t\t\t\t\t\t\t\t<\/div>\n\t\t\t\t<\/a>\n\t\t\t\t\t<\/div>\n\t\t\t\t<\/div>\n\t\t\t\t<\/div>\n\t\t<div class=\"elementor-element elementor-element-19c9ff7 e-con-full e-flex e-con e-parent\" data-id=\"19c9ff7\" data-element_type=\"container\">\n\t\t\t\t<div class=\"elementor-element elementor-element-1608319 elementor-widget elementor-widget-heading\" data-id=\"1608319\" data-element_type=\"widget\" data-widget_type=\"heading.default\">\n\t\t\t\t\t<h2 class=\"elementor-heading-title elementor-size-default\">Die Dienstleistungen des Tourismusb\u00fcros Pays de Forbach<\/h2>\t\t\t\t<\/div>\n\t\t\t\t<div class=\"elementor-element elementor-element-4bf7790 elementor-widget elementor-widget-text-editor\" data-id=\"4bf7790\" data-element_type=\"widget\" data-widget_type=\"text-editor.default\">\n\t\t\t\t\t\t\t\t\t<p><strong>Das Tourismusb\u00fcro Pays de Forbach, ausgezeichnet mit dem Label \u201eTourisme et Handicap\u201c, <br>verpflichtet sich, Ihnen folgende spezifische Einrichtungen und Dienstleistungen anzubieten:  <\/strong><\/p>\t\t\t\t\t\t\t\t<\/div>\n\t\t<div class=\"elementor-element elementor-element-5485019 e-grid e-con-full e-con e-child\" data-id=\"5485019\" data-element_type=\"container\">\n\t\t<div class=\"elementor-element elementor-element-7f161e9 e-con-full e-flex e-con e-child\" data-id=\"7f161e9\" data-element_type=\"container\">\n\t\t\t\t<div class=\"elementor-element elementor-element-57a7ed3 elementor-widget elementor-widget-image\" data-id=\"57a7ed3\" data-element_type=\"widget\" data-widget_type=\"image.default\">\n\t\t\t\t\t\t\t\t\t\t\t\t\t\t\t<img decoding=\"async\" width=\"95\" height=\"93\" src=\"https:\/\/paysdeforbach.com\/wp-content\/uploads\/2025\/11\/Handicape.jpg\" class=\"attachment-thumbnail size-thumbnail wp-image-10501\" alt=\"\" \/>\t\t\t\t\t\t\t\t\t\t\t\t\t\t\t<\/div>\n\t\t\t\t<div class=\"elementor-element elementor-element-0f15744 elementor-widget elementor-widget-text-editor\" data-id=\"0f15744\" data-element_type=\"widget\" data-widget_type=\"text-editor.default\">\n\t\t\t\t\t\t\t\t\t<p><strong>F\u00fcr motorische Behinderung:<\/strong><\/p><ul><li>Ein barrierefreier und reservierter Parkplatz<\/li><li>Ein ebenerdiger Zugang im Au\u00dfenbereich<\/li><li>Eine Rufglocke im Au\u00dfenbereich<\/li><li>Ein ebenerdiger Zugang im Innenbereich<\/li><li>Ein abgesenkter Empfangstresen, rollstuhlgerecht<\/li><li>Eine Innenraumgestaltung, die eine freie Bewegung erm\u00f6glicht<\/li><li>Ein Gro\u00dfteil des Gesch\u00e4fts und der Dokumentation ist zug\u00e4nglich, das Personal steht bei Bedarf zur Verf\u00fcgung.<\/li><li>St\u00fchle stehen zur Verf\u00fcgung<\/li><li>Geschultes Personal<\/li><\/ul>\t\t\t\t\t\t\t\t<\/div>\n\t\t\t\t<\/div>\n\t\t<div class=\"elementor-element elementor-element-d67dffb e-con-full e-flex e-con e-child\" data-id=\"d67dffb\" data-element_type=\"container\">\n\t\t\t\t<div class=\"elementor-element elementor-element-b466986 elementor-widget elementor-widget-image\" data-id=\"b466986\" data-element_type=\"widget\" data-widget_type=\"image.default\">\n\t\t\t\t\t\t\t\t\t\t\t\t\t\t\t<img decoding=\"async\" width=\"94\" height=\"91\" src=\"https:\/\/paysdeforbach.com\/wp-content\/uploads\/2025\/11\/Mal-voyant.jpg\" class=\"attachment-thumbnail size-thumbnail wp-image-10502\" alt=\"\" \/>\t\t\t\t\t\t\t\t\t\t\t\t\t\t\t<\/div>\n\t\t\t\t<div class=\"elementor-element elementor-element-a609f98 elementor-widget elementor-widget-text-editor\" data-id=\"a609f98\" data-element_type=\"widget\" data-widget_type=\"text-editor.default\">\n\t\t\t\t\t\t\t\t\t<p><strong>F\u00fcr Sehbehinderung:  <\/strong><\/p><ul><li>Ein angepasster Zugang im Au\u00dfen- und Innenbereich<\/li><li>Blindenf\u00fchrhunde sind erlaubt<\/li><li>Eine Pr\u00e4sentation der Tourismusregion in Gro\u00dfschrift ist f\u00fcr Sehbehinderte einsehbar<\/li><li>Eine lesbare und sichtbare Beschilderung<\/li><li>Keine Hindernisse in Kopfh\u00f6he<\/li><li>Geschultes Personal<\/li><\/ul>\t\t\t\t\t\t\t\t<\/div>\n\t\t\t\t<\/div>\n\t\t<div class=\"elementor-element elementor-element-123d938 e-con-full e-flex e-con e-child\" data-id=\"123d938\" data-element_type=\"container\">\n\t\t\t\t<div class=\"elementor-element elementor-element-354eb14 elementor-widget elementor-widget-image\" data-id=\"354eb14\" data-element_type=\"widget\" data-widget_type=\"image.default\">\n\t\t\t\t\t\t\t\t\t\t\t\t\t\t\t<img decoding=\"async\" width=\"94\" height=\"93\" src=\"https:\/\/paysdeforbach.com\/wp-content\/uploads\/2025\/11\/Mal-entendant.jpg\" class=\"attachment-thumbnail size-thumbnail wp-image-10503\" alt=\"\" \/>\t\t\t\t\t\t\t\t\t\t\t\t\t\t\t<\/div>\n\t\t\t\t<div class=\"elementor-element elementor-element-90bea96 elementor-widget elementor-widget-text-editor\" data-id=\"90bea96\" data-element_type=\"widget\" data-widget_type=\"text-editor.default\">\n\t\t\t\t\t\t\t\t\t<p><strong>F\u00fcr H\u00f6rbehinderung:  <\/strong><\/p><ul><li>Eine Induktionsschleife ist am Empfang verf\u00fcgbar<\/li><li>Ein Notizbuch und ein Stift sind am Empfang verf\u00fcgbar<\/li><li>Geschultes Personal<\/li><\/ul>\t\t\t\t\t\t\t\t<\/div>\n\t\t\t\t<\/div>\n\t\t<div class=\"elementor-element elementor-element-3b8463c e-con-full e-flex e-con e-child\" data-id=\"3b8463c\" data-element_type=\"container\">\n\t\t\t\t<div class=\"elementor-element elementor-element-c8c1f60 elementor-widget elementor-widget-image\" data-id=\"c8c1f60\" data-element_type=\"widget\" data-widget_type=\"image.default\">\n\t\t\t\t\t\t\t\t\t\t\t\t\t\t\t<img loading=\"lazy\" decoding=\"async\" width=\"94\" height=\"92\" src=\"https:\/\/paysdeforbach.com\/wp-content\/uploads\/2025\/11\/Muet.jpg\" class=\"attachment-thumbnail size-thumbnail wp-image-10504\" alt=\"\" \/>\t\t\t\t\t\t\t\t\t\t\t\t\t\t\t<\/div>\n\t\t\t\t<div class=\"elementor-element elementor-element-8b188cf elementor-widget elementor-widget-text-editor\" data-id=\"8b188cf\" data-element_type=\"widget\" data-widget_type=\"text-editor.default\">\n\t\t\t\t\t\t\t\t\t<p><strong>F\u00fcr geistige Behinderung:<\/strong><\/p><ul><li>Notrufnummern sind gut lesbar ausgeh\u00e4ngt<\/li><li>Eine klare, sichtbare und kontrastreiche Beschilderung: Piktogramme und Zeichnungen je nach Anzeigethema, Gro\u00dfschrift...<\/li><li>Bereitstellung von Dokumenten in Leichter Sprache, die f\u00fcr alle zug\u00e4nglich sind<\/li><li>Geschultes Personal<\/li><\/ul>\t\t\t\t\t\t\t\t<\/div>\n\t\t\t\t<\/div>\n\t\t\t\t<\/div>\n\t\t\t\t<\/div>\n\t\t<div class=\"elementor-element elementor-element-5426a6a e-con-full e-flex e-con e-parent\" data-id=\"5426a6a\" data-element_type=\"container\">\n\t\t<div class=\"elementor-element elementor-element-794bf96 e-grid e-con-boxed e-con e-child\" data-id=\"794bf96\" data-element_type=\"container\">\n\t\t\t\t\t<div class=\"e-con-inner\">\n\t\t<a class=\"elementor-element elementor-element-706a0f2 e-con-full e-flex e-con e-child\" data-id=\"706a0f2\" data-element_type=\"container\" data-settings=\"{&quot;background_background&quot;:&quot;classic&quot;}\" href=\"https:\/\/paysdeforbach.com\/wp-content\/uploads\/2025\/11\/registre-public_accessibilite_2025.pdf\" target=\"_blank\">\n\t\t\t\t<div class=\"elementor-element elementor-element-c227f1a elementor-widget elementor-widget-text-editor\" data-id=\"c227f1a\" data-element_type=\"widget\" data-widget_type=\"text-editor.default\">\n\t\t\t\t\t\t\t\t\t<p><strong>LADEN SIE DAS BARRIEREFREIHEITSREGISTER HERUNTER<\/strong><br>mit umfassenden Informationen zum Zugang zur Einrichtung, zum Empfangsbereich und zum Gesch\u00e4ft, zur verf\u00fcgbaren Dokumentation, zu Schulungs- und Sensibilisierungsma\u00dfnahmen des Personals, zu den angebotenen Dienstleistungen und Einrichtungen.<\/p>\t\t\t\t\t\t\t\t<\/div>\n\t\t\t\t<\/a>\n\t\t\t\t\t<\/div>\n\t\t\t\t<\/div>\n\t\t\t\t<\/div>\n\t\t<div class=\"elementor-element elementor-element-6ede317 e-flex e-con-boxed e-con e-parent\" data-id=\"6ede317\" data-element_type=\"container\">\n\t\t\t\t\t<div class=\"e-con-inner\">\n\t\t\t\t<div class=\"elementor-element elementor-element-632b234 elementor-widget elementor-widget-spacer\" data-id=\"632b234\" data-element_type=\"widget\" data-widget_type=\"spacer.default\">\n\t\t\t\t\t\t\t<div class=\"elementor-spacer\">\n\t\t\t<div class=\"elementor-spacer-inner\"><\/div>\n\t\t<\/div>\n\t\t\t\t\t\t<\/div>\n\t\t\t\t\t<\/div>\n\t\t\t\t<\/div>\n\t\t<div class=\"elementor-element elementor-element-48729fc e-con-full e-flex e-con e-parent\" data-id=\"48729fc\" data-element_type=\"container\">\n\t\t\t\t<div class=\"elementor-element elementor-element-3d12a71 elementor-widget elementor-widget-shortcode\" data-id=\"3d12a71\" data-element_type=\"widget\" data-widget_type=\"shortcode.default\">\n\t\t\t\t\t\t\t<div class=\"elementor-shortcode\"><\/div>\n\t\t\t\t\t\t<\/div>\n\t\t\t\t<\/div>\n\t\t\t\t<\/div>\n\t\t","protected":false},"excerpt":{"rendered":"<p>Barrierefreier Tourismus Sie haben eine Behinderung und m\u00f6chten das Pays de Forbach entdecken? LADEN SIE DEN LEICHT ZU LESENDEN UND ZU VERSTEHENDEN LEITFADEN HERUNTERmit allen praktischen Informationen zur Anreise und Fortbewegung in der Region; zu \u00f6ffentlichen Einrichtungen; zu barrierefreien Aktivit\u00e4ten, Unterk\u00fcnften und Restaurants. Die Dienstleistungen des Tourismusb\u00fcros Pays de Forbach Das Tourismusb\u00fcro Pays de Forbach, [&hellip;]<\/p>\n","protected":false},"author":3,"featured_media":0,"parent":0,"menu_order":0,"comment_status":"closed","ping_status":"closed","template":"","meta":{"footnotes":""},"class_list":["post-10500","page","type-page","status-publish","hentry"],"yoast_head":"<!-- This site is optimized with the Yoast SEO plugin v26.8 - https:\/\/yoast.com\/product\/yoast-seo-wordpress\/ -->\n<title>Barrierefreier Tourismus - Office de Tourisme du Pays de Forbach<\/title>\n<meta name=\"robots\" content=\"index, follow, max-snippet:-1, max-image-preview:large, max-video-preview:-1\" \/>\n<link rel=\"canonical\" href=\"https:\/\/paysdeforbach.com\/de\/barrierefreier-tourismus\/\" \/>\n<meta property=\"og:locale\" content=\"de_DE\" \/>\n<meta property=\"og:type\" content=\"article\" \/>\n<meta property=\"og:title\" content=\"Barrierefreier Tourismus - Office de Tourisme du Pays de Forbach\" \/>\n<meta property=\"og:description\" content=\"Barrierefreier Tourismus Sie haben eine Behinderung und m\u00f6chten das Pays de Forbach entdecken? LADEN SIE DEN LEICHT ZU LESENDEN UND ZU VERSTEHENDEN LEITFADEN HERUNTERmit allen praktischen Informationen zur Anreise und Fortbewegung in der Region; zu \u00f6ffentlichen Einrichtungen; zu barrierefreien Aktivit\u00e4ten, Unterk\u00fcnften und Restaurants. Die Dienstleistungen des Tourismusb\u00fcros Pays de Forbach Das Tourismusb\u00fcro Pays de Forbach, [&hellip;]\" \/>\n<meta property=\"og:url\" content=\"https:\/\/paysdeforbach.com\/de\/barrierefreier-tourismus\/\" \/>\n<meta property=\"og:site_name\" content=\"Office de Tourisme du Pays de Forbach\" \/>\n<meta property=\"article:modified_time\" content=\"2026-01-20T13:19:01+00:00\" \/>\n<meta property=\"og:image\" content=\"https:\/\/paysdeforbach.com\/wp-content\/uploads\/2025\/11\/Handicape.jpg\" \/>\n\t<meta property=\"og:image:width\" content=\"95\" \/>\n\t<meta property=\"og:image:height\" content=\"93\" \/>\n\t<meta property=\"og:image:type\" content=\"image\/jpeg\" \/>\n<meta name=\"twitter:card\" content=\"summary_large_image\" \/>\n<meta name=\"twitter:label1\" content=\"Gesch\u00e4tzte Lesezeit\" \/>\n\t<meta name=\"twitter:data1\" content=\"1\u00a0Minute\" \/>\n<script type=\"application\/ld+json\" class=\"yoast-schema-graph\">{\"@context\":\"https:\/\/schema.org\",\"@graph\":[{\"@type\":\"WebPage\",\"@id\":\"https:\/\/paysdeforbach.com\/de\/barrierefreier-tourismus\/\",\"url\":\"https:\/\/paysdeforbach.com\/de\/barrierefreier-tourismus\/\",\"name\":\"Barrierefreier Tourismus - Office de Tourisme du Pays de Forbach\",\"isPartOf\":{\"@id\":\"https:\/\/paysdeforbach.com\/de\/#website\"},\"primaryImageOfPage\":{\"@id\":\"https:\/\/paysdeforbach.com\/de\/barrierefreier-tourismus\/#primaryimage\"},\"image\":{\"@id\":\"https:\/\/paysdeforbach.com\/de\/barrierefreier-tourismus\/#primaryimage\"},\"thumbnailUrl\":\"https:\/\/paysdeforbach.com\/wp-content\/uploads\/2025\/11\/Handicape.jpg\",\"datePublished\":\"2025-11-10T13:21:15+00:00\",\"dateModified\":\"2026-01-20T13:19:01+00:00\",\"breadcrumb\":{\"@id\":\"https:\/\/paysdeforbach.com\/de\/barrierefreier-tourismus\/#breadcrumb\"},\"inLanguage\":\"de\",\"potentialAction\":[{\"@type\":\"ReadAction\",\"target\":[\"https:\/\/paysdeforbach.com\/de\/barrierefreier-tourismus\/\"]}]},{\"@type\":\"ImageObject\",\"inLanguage\":\"de\",\"@id\":\"https:\/\/paysdeforbach.com\/de\/barrierefreier-tourismus\/#primaryimage\",\"url\":\"https:\/\/paysdeforbach.com\/wp-content\/uploads\/2025\/11\/Handicape.jpg\",\"contentUrl\":\"https:\/\/paysdeforbach.com\/wp-content\/uploads\/2025\/11\/Handicape.jpg\"},{\"@type\":\"BreadcrumbList\",\"@id\":\"https:\/\/paysdeforbach.com\/de\/barrierefreier-tourismus\/#breadcrumb\",\"itemListElement\":[{\"@type\":\"ListItem\",\"position\":1,\"name\":\"Accueil\",\"item\":\"https:\/\/paysdeforbach.com\/de\/\"},{\"@type\":\"ListItem\",\"position\":2,\"name\":\"Barrierefreier Tourismus\"}]},{\"@type\":\"WebSite\",\"@id\":\"https:\/\/paysdeforbach.com\/de\/#website\",\"url\":\"https:\/\/paysdeforbach.com\/de\/\",\"name\":\"OT Pays de Forbach\",\"description\":\"\",\"publisher\":{\"@id\":\"https:\/\/paysdeforbach.com\/de\/#organization\"},\"potentialAction\":[{\"@type\":\"SearchAction\",\"target\":{\"@type\":\"EntryPoint\",\"urlTemplate\":\"https:\/\/paysdeforbach.com\/de\/?s={search_term_string}\"},\"query-input\":{\"@type\":\"PropertyValueSpecification\",\"valueRequired\":true,\"valueName\":\"search_term_string\"}}],\"inLanguage\":\"de\"},{\"@type\":\"Organization\",\"@id\":\"https:\/\/paysdeforbach.com\/de\/#organization\",\"name\":\"OT Pays de Forbach\",\"url\":\"https:\/\/paysdeforbach.com\/de\/\",\"logo\":{\"@type\":\"ImageObject\",\"inLanguage\":\"de\",\"@id\":\"https:\/\/paysdeforbach.com\/de\/#\/schema\/logo\/image\/\",\"url\":\"https:\/\/paysdeforbach.com\/wp-content\/uploads\/2025\/11\/cropped-logo-Pays-de-Forbach_Quadri.webp\",\"contentUrl\":\"https:\/\/paysdeforbach.com\/wp-content\/uploads\/2025\/11\/cropped-logo-Pays-de-Forbach_Quadri.webp\",\"width\":623,\"height\":356,\"caption\":\"OT Pays de Forbach\"},\"image\":{\"@id\":\"https:\/\/paysdeforbach.com\/de\/#\/schema\/logo\/image\/\"}}]}<\/script>\n<!-- \/ Yoast SEO plugin. -->","yoast_head_json":{"title":"Barrierefreier Tourismus - Office de Tourisme du Pays de Forbach","robots":{"index":"index","follow":"follow","max-snippet":"max-snippet:-1","max-image-preview":"max-image-preview:large","max-video-preview":"max-video-preview:-1"},"canonical":"https:\/\/paysdeforbach.com\/de\/barrierefreier-tourismus\/","og_locale":"de_DE","og_type":"article","og_title":"Barrierefreier Tourismus - Office de Tourisme du Pays de Forbach","og_description":"Barrierefreier Tourismus Sie haben eine Behinderung und m\u00f6chten das Pays de Forbach entdecken? LADEN SIE DEN LEICHT ZU LESENDEN UND ZU VERSTEHENDEN LEITFADEN HERUNTERmit allen praktischen Informationen zur Anreise und Fortbewegung in der Region; zu \u00f6ffentlichen Einrichtungen; zu barrierefreien Aktivit\u00e4ten, Unterk\u00fcnften und Restaurants. Die Dienstleistungen des Tourismusb\u00fcros Pays de Forbach Das Tourismusb\u00fcro Pays de Forbach, [&hellip;]","og_url":"https:\/\/paysdeforbach.com\/de\/barrierefreier-tourismus\/","og_site_name":"Office de Tourisme du Pays de Forbach","article_modified_time":"2026-01-20T13:19:01+00:00","og_image":[{"width":95,"height":93,"url":"https:\/\/paysdeforbach.com\/wp-content\/uploads\/2025\/11\/Handicape.jpg","type":"image\/jpeg"}],"twitter_card":"summary_large_image","twitter_misc":{"Gesch\u00e4tzte Lesezeit":"1\u00a0Minute"},"schema":{"@context":"https:\/\/schema.org","@graph":[{"@type":"WebPage","@id":"https:\/\/paysdeforbach.com\/de\/barrierefreier-tourismus\/","url":"https:\/\/paysdeforbach.com\/de\/barrierefreier-tourismus\/","name":"Barrierefreier Tourismus - Office de Tourisme du Pays de Forbach","isPartOf":{"@id":"https:\/\/paysdeforbach.com\/de\/#website"},"primaryImageOfPage":{"@id":"https:\/\/paysdeforbach.com\/de\/barrierefreier-tourismus\/#primaryimage"},"image":{"@id":"https:\/\/paysdeforbach.com\/de\/barrierefreier-tourismus\/#primaryimage"},"thumbnailUrl":"https:\/\/paysdeforbach.com\/wp-content\/uploads\/2025\/11\/Handicape.jpg","datePublished":"2025-11-10T13:21:15+00:00","dateModified":"2026-01-20T13:19:01+00:00","breadcrumb":{"@id":"https:\/\/paysdeforbach.com\/de\/barrierefreier-tourismus\/#breadcrumb"},"inLanguage":"de","potentialAction":[{"@type":"ReadAction","target":["https:\/\/paysdeforbach.com\/de\/barrierefreier-tourismus\/"]}]},{"@type":"ImageObject","inLanguage":"de","@id":"https:\/\/paysdeforbach.com\/de\/barrierefreier-tourismus\/#primaryimage","url":"https:\/\/paysdeforbach.com\/wp-content\/uploads\/2025\/11\/Handicape.jpg","contentUrl":"https:\/\/paysdeforbach.com\/wp-content\/uploads\/2025\/11\/Handicape.jpg"},{"@type":"BreadcrumbList","@id":"https:\/\/paysdeforbach.com\/de\/barrierefreier-tourismus\/#breadcrumb","itemListElement":[{"@type":"ListItem","position":1,"name":"Accueil","item":"https:\/\/paysdeforbach.com\/de\/"},{"@type":"ListItem","position":2,"name":"Barrierefreier Tourismus"}]},{"@type":"WebSite","@id":"https:\/\/paysdeforbach.com\/de\/#website","url":"https:\/\/paysdeforbach.com\/de\/","name":"OT Pays de Forbach","description":"","publisher":{"@id":"https:\/\/paysdeforbach.com\/de\/#organization"},"potentialAction":[{"@type":"SearchAction","target":{"@type":"EntryPoint","urlTemplate":"https:\/\/paysdeforbach.com\/de\/?s={search_term_string}"},"query-input":{"@type":"PropertyValueSpecification","valueRequired":true,"valueName":"search_term_string"}}],"inLanguage":"de"},{"@type":"Organization","@id":"https:\/\/paysdeforbach.com\/de\/#organization","name":"OT Pays de Forbach","url":"https:\/\/paysdeforbach.com\/de\/","logo":{"@type":"ImageObject","inLanguage":"de","@id":"https:\/\/paysdeforbach.com\/de\/#\/schema\/logo\/image\/","url":"https:\/\/paysdeforbach.com\/wp-content\/uploads\/2025\/11\/cropped-logo-Pays-de-Forbach_Quadri.webp","contentUrl":"https:\/\/paysdeforbach.com\/wp-content\/uploads\/2025\/11\/cropped-logo-Pays-de-Forbach_Quadri.webp","width":623,"height":356,"caption":"OT Pays de Forbach"},"image":{"@id":"https:\/\/paysdeforbach.com\/de\/#\/schema\/logo\/image\/"}}]}},"_links":{"self":[{"href":"https:\/\/paysdeforbach.com\/de\/wp-json\/wp\/v2\/pages\/10500","targetHints":{"allow":["GET"]}}],"collection":[{"href":"https:\/\/paysdeforbach.com\/de\/wp-json\/wp\/v2\/pages"}],"about":[{"href":"https:\/\/paysdeforbach.com\/de\/wp-json\/wp\/v2\/types\/page"}],"author":[{"embeddable":true,"href":"https:\/\/paysdeforbach.com\/de\/wp-json\/wp\/v2\/users\/3"}],"replies":[{"embeddable":true,"href":"https:\/\/paysdeforbach.com\/de\/wp-json\/wp\/v2\/comments?post=10500"}],"version-history":[{"count":4,"href":"https:\/\/paysdeforbach.com\/de\/wp-json\/wp\/v2\/pages\/10500\/revisions"}],"predecessor-version":[{"id":10972,"href":"https:\/\/paysdeforbach.com\/de\/wp-json\/wp\/v2\/pages\/10500\/revisions\/10972"}],"wp:attachment":[{"href":"https:\/\/paysdeforbach.com\/de\/wp-json\/wp\/v2\/media?parent=10500"}],"curies":[{"name":"wp","href":"https:\/\/api.w.org\/{rel}","templated":true}]}}