{"id":10575,"date":"2025-10-13T14:47:47","date_gmt":"2025-10-13T14:47:47","guid":{"rendered":"https:\/\/paysdeforbach.com\/die-highlights\/"},"modified":"2026-03-18T10:08:06","modified_gmt":"2026-03-18T10:08:06","slug":"die-highlights","status":"publish","type":"page","link":"https:\/\/paysdeforbach.com\/de\/entdecken\/die-highlights\/","title":{"rendered":"Die Must-haves"},"content":{"rendered":"\t\t<div data-elementor-type=\"wp-page\" data-elementor-id=\"10575\" class=\"elementor elementor-10575 elementor-2409\" data-elementor-post-type=\"page\">\n\t\t\t\t<div class=\"elementor-element elementor-element-7a65e941 e-con-full e-flex e-con e-parent\" data-id=\"7a65e941\" data-element_type=\"container\">\n\t\t<section class=\"elementor-element elementor-element-50f33487 e-con-full e-flex e-con e-child\" data-id=\"50f33487\" data-element_type=\"container\" data-settings=\"{&quot;background_background&quot;:&quot;classic&quot;}\">\n\t\t\t\t<div class=\"elementor-element elementor-element-5739fc4a elementor-widget elementor-widget-heading\" data-id=\"5739fc4a\" data-element_type=\"widget\" data-widget_type=\"heading.default\">\n\t\t\t\t\t<h1 class=\"elementor-heading-title elementor-size-default\">Die Must-haves<\/h1>\t\t\t\t<\/div>\n\t\t\t\t<\/section>\n\t\t\t\t<div class=\"elementor-element elementor-element-daf6a5f elementor-widget elementor-widget-breadcrumbs\" data-id=\"daf6a5f\" data-element_type=\"widget\" data-widget_type=\"breadcrumbs.default\">\n\t\t\t\t\t<span id=\"breadcrumbs\"><span><span><a href=\"https:\/\/paysdeforbach.com\/de\/\">Accueil<\/a><\/span><\/span><\/span>\t\t\t\t<\/div>\n\t\t\t\t<div class=\"elementor-element elementor-element-19c023a elementor-widget elementor-widget-text-editor\" data-id=\"19c023a\" data-element_type=\"widget\" data-widget_type=\"text-editor.default\">\n\t\t\t\t\t\t\t\t\t<p><strong>Entdecken Sie die 6 Wahrzeichen, die den Reichtum und die Identit\u00e4t des Pays de Forbach ausmachen:<\/strong> das Ch\u00e2teau du Schlossberg, der Parc Explor Wendel, die Hauteurs de Spicheren, die Carri\u00e8re Simon, die Colline du H\u00e9rapel und die Chapelle Sainte-Croix. So viele einzigartige und sehenswerte Orte, die es zu erkunden gilt, um tief in die Geschichte und das Erbe unserer Destination einzutauchen. <\/p>\t\t\t\t\t\t\t\t<\/div>\n\t\t\t\t<\/div>\n\t\t<div class=\"elementor-element elementor-element-54b4dc3c e-con-full page-liaison e-flex e-con e-parent\" data-id=\"54b4dc3c\" data-element_type=\"container\">\n\t\t<div class=\"elementor-element elementor-element-3fb67484 e-grid e-con-full e-con e-child\" data-id=\"3fb67484\" data-element_type=\"container\">\n\t\t<a class=\"elementor-element elementor-element-3df8d311 e-con-full page-liaison-block e-flex e-con e-child\" data-id=\"3df8d311\" data-element_type=\"container\" data-settings=\"{&quot;background_background&quot;:&quot;classic&quot;}\" href=\"https:\/\/paysdeforbach.com\/decouvrir\/les-incontournables\/chateau-du-schlossberg\/\">\n\t\t\t\t<div class=\"elementor-element elementor-element-aaff68b elementor-widget elementor-widget-heading\" data-id=\"aaff68b\" data-element_type=\"widget\" data-widget_type=\"heading.default\">\n\t\t\t\t\t<h2 class=\"elementor-heading-title elementor-size-default\">Schloss Schlossberg<\/h2>\t\t\t\t<\/div>\n\t\t\t\t<\/a>\n\t\t<a class=\"elementor-element elementor-element-6ed3f89c e-con-full page-liaison-block e-flex e-con e-child\" data-id=\"6ed3f89c\" data-element_type=\"container\" data-settings=\"{&quot;background_background&quot;:&quot;classic&quot;}\" href=\"https:\/\/paysdeforbach.com\/decouvrir\/les-incontournables\/parc-explor-wendel\/\">\n\t\t\t\t<div class=\"elementor-element elementor-element-6634c810 elementor-widget elementor-widget-heading\" data-id=\"6634c810\" data-element_type=\"widget\" data-widget_type=\"heading.default\">\n\t\t\t\t\t<h2 class=\"elementor-heading-title elementor-size-default\">Explor Wendel Park<\/h2>\t\t\t\t<\/div>\n\t\t\t\t<\/a>\n\t\t<a class=\"elementor-element elementor-element-67ab7e3d e-con-full page-liaison-block e-flex e-con e-child\" data-id=\"67ab7e3d\" data-element_type=\"container\" data-settings=\"{&quot;background_background&quot;:&quot;classic&quot;}\" href=\"https:\/\/paysdeforbach.com\/decouvrir\/les-incontournables\/hauteurs-de-spicheren\/\">\n\t\t\t\t<div class=\"elementor-element elementor-element-656bb602 elementor-widget elementor-widget-heading\" data-id=\"656bb602\" data-element_type=\"widget\" data-widget_type=\"heading.default\">\n\t\t\t\t\t<h2 class=\"elementor-heading-title elementor-size-default\">H\u00f6hen von Spicheren<\/h2>\t\t\t\t<\/div>\n\t\t\t\t<\/a>\n\t\t\t\t<\/div>\n\t\t<div class=\"elementor-element elementor-element-5eb35c8 e-grid e-con-full e-con e-child\" data-id=\"5eb35c8\" data-element_type=\"container\">\n\t\t<a class=\"elementor-element elementor-element-3fd38290 e-con-full page-liaison-block e-flex e-con e-child\" data-id=\"3fd38290\" data-element_type=\"container\" data-settings=\"{&quot;background_background&quot;:&quot;classic&quot;}\" href=\"https:\/\/paysdeforbach.com\/decouvrir\/les-incontournables\/carriere-simon\/\">\n\t\t\t\t<div class=\"elementor-element elementor-element-6fadcb81 elementor-widget elementor-widget-heading\" data-id=\"6fadcb81\" data-element_type=\"widget\" data-widget_type=\"heading.default\">\n\t\t\t\t\t<h2 class=\"elementor-heading-title elementor-size-default\">Steinbruch Simon<\/h2>\t\t\t\t<\/div>\n\t\t\t\t<\/a>\n\t\t<a class=\"elementor-element elementor-element-12eaf227 e-con-full page-liaison-block e-flex e-con e-child\" data-id=\"12eaf227\" data-element_type=\"container\" data-settings=\"{&quot;background_background&quot;:&quot;classic&quot;}\" href=\"https:\/\/paysdeforbach.com\/decouvrir\/les-incontournables\/colline-du-herapel\/\">\n\t\t\t\t<div class=\"elementor-element elementor-element-5b5c5c3e elementor-widget elementor-widget-heading\" data-id=\"5b5c5c3e\" data-element_type=\"widget\" data-widget_type=\"heading.default\">\n\t\t\t\t\t<h2 class=\"elementor-heading-title elementor-size-default\">H\u00fcgel von H\u00e9rapel<\/h2>\t\t\t\t<\/div>\n\t\t\t\t<\/a>\n\t\t<a class=\"elementor-element elementor-element-698e331 e-con-full page-liaison-block e-flex e-con e-child\" data-id=\"698e331\" data-element_type=\"container\" data-settings=\"{&quot;background_background&quot;:&quot;classic&quot;}\" href=\"https:\/\/paysdeforbach.com\/decouvrir\/les-incontournables\/chapelle-sainte-croix\/\">\n\t\t\t\t<div class=\"elementor-element elementor-element-7534f50 elementor-widget elementor-widget-heading\" data-id=\"7534f50\" data-element_type=\"widget\" data-widget_type=\"heading.default\">\n\t\t\t\t\t<h2 class=\"elementor-heading-title elementor-size-default\">Kapelle Sainte-Croix<\/h2>\t\t\t\t<\/div>\n\t\t\t\t<\/a>\n\t\t\t\t<\/div>\n\t\t\t\t<div class=\"elementor-element elementor-element-3108e57 elementor-widget elementor-widget-spacer\" data-id=\"3108e57\" data-element_type=\"widget\" data-widget_type=\"spacer.default\">\n\t\t\t\t\t\t\t<div class=\"elementor-spacer\">\n\t\t\t<div class=\"elementor-spacer-inner\"><\/div>\n\t\t<\/div>\n\t\t\t\t\t\t<\/div>\n\t\t<div class=\"elementor-element elementor-element-f38a11e e-con-full e-flex e-con e-child\" data-id=\"f38a11e\" data-element_type=\"container\">\n\t\t\t\t<div class=\"elementor-element elementor-element-633e184 elementor-widget elementor-widget-shortcode\" data-id=\"633e184\" data-element_type=\"widget\" data-widget_type=\"shortcode.default\">\n\t\t\t\t\t\t\t<div class=\"elementor-shortcode\"><\/div>\n\t\t\t\t\t\t<\/div>\n\t\t\t\t<\/div>\n\t\t\t\t<\/div>\n\t\t\t\t<\/div>\n\t\t","protected":false},"excerpt":{"rendered":"<p>Die Must-haves Entdecken Sie die 6 Wahrzeichen, die den Reichtum und die Identit\u00e4t des Pays de Forbach ausmachen: das Ch\u00e2teau du Schlossberg, der Parc Explor Wendel, die Hauteurs de Spicheren, die Carri\u00e8re Simon, die Colline du H\u00e9rapel und die Chapelle Sainte-Croix. So viele einzigartige und sehenswerte Orte, die es zu erkunden gilt, um tief in [&hellip;]<\/p>\n","protected":false},"author":2,"featured_media":0,"parent":10593,"menu_order":0,"comment_status":"closed","ping_status":"closed","template":"","meta":{"footnotes":""},"class_list":["post-10575","page","type-page","status-publish","hentry"],"yoast_head":"<!-- This site is optimized with the Yoast SEO plugin v26.8 - https:\/\/yoast.com\/product\/yoast-seo-wordpress\/ -->\n<title>Die Must-haves - Office de Tourisme du Pays de Forbach<\/title>\n<meta name=\"description\" content=\"Erkunden Sie die Highlights des Pays de Forbach: Ch\u00e2teau du Schlossberg, Industriekulturerbe, Museen, historische St\u00e4tten und weitere sehenswerte Orte.\" \/>\n<meta name=\"robots\" content=\"index, follow, max-snippet:-1, max-image-preview:large, max-video-preview:-1\" \/>\n<link rel=\"canonical\" href=\"https:\/\/paysdeforbach.com\/de\/entdecken\/die-highlights\/\" \/>\n<meta property=\"og:locale\" content=\"de_DE\" \/>\n<meta property=\"og:type\" content=\"article\" \/>\n<meta property=\"og:title\" content=\"Die Must-haves - Office de Tourisme du Pays de Forbach\" \/>\n<meta property=\"og:description\" content=\"Erkunden Sie die Highlights des Pays de Forbach: Ch\u00e2teau du Schlossberg, Industriekulturerbe, Museen, historische St\u00e4tten und weitere sehenswerte Orte.\" \/>\n<meta property=\"og:url\" content=\"https:\/\/paysdeforbach.com\/de\/entdecken\/die-highlights\/\" \/>\n<meta property=\"og:site_name\" content=\"Office de Tourisme du Pays de Forbach\" \/>\n<meta property=\"article:modified_time\" content=\"2026-03-18T10:08:06+00:00\" \/>\n<meta name=\"twitter:card\" content=\"summary_large_image\" \/>\n<script type=\"application\/ld+json\" class=\"yoast-schema-graph\">{\"@context\":\"https:\/\/schema.org\",\"@graph\":[{\"@type\":\"WebPage\",\"@id\":\"https:\/\/paysdeforbach.com\/de\/entdecken\/die-highlights\/\",\"url\":\"https:\/\/paysdeforbach.com\/de\/entdecken\/die-highlights\/\",\"name\":\"Die Must-haves - Office de Tourisme du Pays de Forbach\",\"isPartOf\":{\"@id\":\"https:\/\/paysdeforbach.com\/de\/#website\"},\"datePublished\":\"2025-10-13T14:47:47+00:00\",\"dateModified\":\"2026-03-18T10:08:06+00:00\",\"description\":\"Erkunden Sie die Highlights des Pays de Forbach: Ch\u00e2teau du Schlossberg, Industriekulturerbe, Museen, historische St\u00e4tten und weitere sehenswerte Orte.\",\"breadcrumb\":{\"@id\":\"https:\/\/paysdeforbach.com\/de\/entdecken\/die-highlights\/#breadcrumb\"},\"inLanguage\":\"de\",\"potentialAction\":[{\"@type\":\"ReadAction\",\"target\":[\"https:\/\/paysdeforbach.com\/de\/entdecken\/die-highlights\/\"]}]},{\"@type\":\"BreadcrumbList\",\"@id\":\"https:\/\/paysdeforbach.com\/de\/entdecken\/die-highlights\/#breadcrumb\",\"itemListElement\":[{\"@type\":\"ListItem\",\"position\":1,\"name\":\"Accueil\",\"item\":\"https:\/\/paysdeforbach.com\/de\/\"},{\"@type\":\"ListItem\",\"position\":2,\"name\":\"Entdecken\",\"item\":\"https:\/\/paysdeforbach.com\/de\/entdecken\/\"},{\"@type\":\"ListItem\",\"position\":3,\"name\":\"Die Must-haves\"}]},{\"@type\":\"WebSite\",\"@id\":\"https:\/\/paysdeforbach.com\/de\/#website\",\"url\":\"https:\/\/paysdeforbach.com\/de\/\",\"name\":\"OT Pays de Forbach\",\"description\":\"\",\"publisher\":{\"@id\":\"https:\/\/paysdeforbach.com\/de\/#organization\"},\"potentialAction\":[{\"@type\":\"SearchAction\",\"target\":{\"@type\":\"EntryPoint\",\"urlTemplate\":\"https:\/\/paysdeforbach.com\/de\/?s={search_term_string}\"},\"query-input\":{\"@type\":\"PropertyValueSpecification\",\"valueRequired\":true,\"valueName\":\"search_term_string\"}}],\"inLanguage\":\"de\"},{\"@type\":\"Organization\",\"@id\":\"https:\/\/paysdeforbach.com\/de\/#organization\",\"name\":\"OT Pays de Forbach\",\"url\":\"https:\/\/paysdeforbach.com\/de\/\",\"logo\":{\"@type\":\"ImageObject\",\"inLanguage\":\"de\",\"@id\":\"https:\/\/paysdeforbach.com\/de\/#\/schema\/logo\/image\/\",\"url\":\"https:\/\/paysdeforbach.com\/wp-content\/uploads\/2025\/11\/cropped-logo-Pays-de-Forbach_Quadri.webp\",\"contentUrl\":\"https:\/\/paysdeforbach.com\/wp-content\/uploads\/2025\/11\/cropped-logo-Pays-de-Forbach_Quadri.webp\",\"width\":623,\"height\":356,\"caption\":\"OT Pays de Forbach\"},\"image\":{\"@id\":\"https:\/\/paysdeforbach.com\/de\/#\/schema\/logo\/image\/\"}}]}<\/script>\n<!-- \/ Yoast SEO plugin. -->","yoast_head_json":{"title":"Die Must-haves - Office de Tourisme du Pays de Forbach","description":"Erkunden Sie die Highlights des Pays de Forbach: Ch\u00e2teau du Schlossberg, Industriekulturerbe, Museen, historische St\u00e4tten und weitere sehenswerte Orte.","robots":{"index":"index","follow":"follow","max-snippet":"max-snippet:-1","max-image-preview":"max-image-preview:large","max-video-preview":"max-video-preview:-1"},"canonical":"https:\/\/paysdeforbach.com\/de\/entdecken\/die-highlights\/","og_locale":"de_DE","og_type":"article","og_title":"Die Must-haves - Office de Tourisme du Pays de Forbach","og_description":"Erkunden Sie die Highlights des Pays de Forbach: Ch\u00e2teau du Schlossberg, Industriekulturerbe, Museen, historische St\u00e4tten und weitere sehenswerte Orte.","og_url":"https:\/\/paysdeforbach.com\/de\/entdecken\/die-highlights\/","og_site_name":"Office de Tourisme du Pays de Forbach","article_modified_time":"2026-03-18T10:08:06+00:00","twitter_card":"summary_large_image","schema":{"@context":"https:\/\/schema.org","@graph":[{"@type":"WebPage","@id":"https:\/\/paysdeforbach.com\/de\/entdecken\/die-highlights\/","url":"https:\/\/paysdeforbach.com\/de\/entdecken\/die-highlights\/","name":"Die Must-haves - Office de Tourisme du Pays de Forbach","isPartOf":{"@id":"https:\/\/paysdeforbach.com\/de\/#website"},"datePublished":"2025-10-13T14:47:47+00:00","dateModified":"2026-03-18T10:08:06+00:00","description":"Erkunden Sie die Highlights des Pays de Forbach: Ch\u00e2teau du Schlossberg, Industriekulturerbe, Museen, historische St\u00e4tten und weitere sehenswerte Orte.","breadcrumb":{"@id":"https:\/\/paysdeforbach.com\/de\/entdecken\/die-highlights\/#breadcrumb"},"inLanguage":"de","potentialAction":[{"@type":"ReadAction","target":["https:\/\/paysdeforbach.com\/de\/entdecken\/die-highlights\/"]}]},{"@type":"BreadcrumbList","@id":"https:\/\/paysdeforbach.com\/de\/entdecken\/die-highlights\/#breadcrumb","itemListElement":[{"@type":"ListItem","position":1,"name":"Accueil","item":"https:\/\/paysdeforbach.com\/de\/"},{"@type":"ListItem","position":2,"name":"Entdecken","item":"https:\/\/paysdeforbach.com\/de\/entdecken\/"},{"@type":"ListItem","position":3,"name":"Die Must-haves"}]},{"@type":"WebSite","@id":"https:\/\/paysdeforbach.com\/de\/#website","url":"https:\/\/paysdeforbach.com\/de\/","name":"OT Pays de Forbach","description":"","publisher":{"@id":"https:\/\/paysdeforbach.com\/de\/#organization"},"potentialAction":[{"@type":"SearchAction","target":{"@type":"EntryPoint","urlTemplate":"https:\/\/paysdeforbach.com\/de\/?s={search_term_string}"},"query-input":{"@type":"PropertyValueSpecification","valueRequired":true,"valueName":"search_term_string"}}],"inLanguage":"de"},{"@type":"Organization","@id":"https:\/\/paysdeforbach.com\/de\/#organization","name":"OT Pays de Forbach","url":"https:\/\/paysdeforbach.com\/de\/","logo":{"@type":"ImageObject","inLanguage":"de","@id":"https:\/\/paysdeforbach.com\/de\/#\/schema\/logo\/image\/","url":"https:\/\/paysdeforbach.com\/wp-content\/uploads\/2025\/11\/cropped-logo-Pays-de-Forbach_Quadri.webp","contentUrl":"https:\/\/paysdeforbach.com\/wp-content\/uploads\/2025\/11\/cropped-logo-Pays-de-Forbach_Quadri.webp","width":623,"height":356,"caption":"OT Pays de Forbach"},"image":{"@id":"https:\/\/paysdeforbach.com\/de\/#\/schema\/logo\/image\/"}}]}},"_links":{"self":[{"href":"https:\/\/paysdeforbach.com\/de\/wp-json\/wp\/v2\/pages\/10575","targetHints":{"allow":["GET"]}}],"collection":[{"href":"https:\/\/paysdeforbach.com\/de\/wp-json\/wp\/v2\/pages"}],"about":[{"href":"https:\/\/paysdeforbach.com\/de\/wp-json\/wp\/v2\/types\/page"}],"author":[{"embeddable":true,"href":"https:\/\/paysdeforbach.com\/de\/wp-json\/wp\/v2\/users\/2"}],"replies":[{"embeddable":true,"href":"https:\/\/paysdeforbach.com\/de\/wp-json\/wp\/v2\/comments?post=10575"}],"version-history":[{"count":6,"href":"https:\/\/paysdeforbach.com\/de\/wp-json\/wp\/v2\/pages\/10575\/revisions"}],"predecessor-version":[{"id":12783,"href":"https:\/\/paysdeforbach.com\/de\/wp-json\/wp\/v2\/pages\/10575\/revisions\/12783"}],"up":[{"embeddable":true,"href":"https:\/\/paysdeforbach.com\/de\/wp-json\/wp\/v2\/pages\/10593"}],"wp:attachment":[{"href":"https:\/\/paysdeforbach.com\/de\/wp-json\/wp\/v2\/media?parent=10575"}],"curies":[{"name":"wp","href":"https:\/\/api.w.org\/{rel}","templated":true}]}}