{"id":10593,"date":"2025-09-22T13:32:11","date_gmt":"2025-09-22T13:32:11","guid":{"rendered":"https:\/\/paysdeforbach.com\/entdecken\/"},"modified":"2026-01-21T10:38:08","modified_gmt":"2026-01-21T10:38:08","slug":"entdecken","status":"publish","type":"page","link":"https:\/\/paysdeforbach.com\/de\/entdecken\/","title":{"rendered":"Entdecken"},"content":{"rendered":"\t\t<div data-elementor-type=\"wp-page\" data-elementor-id=\"10593\" class=\"elementor elementor-10593 elementor-628\" data-elementor-post-type=\"page\">\n\t\t\t\t<div class=\"elementor-element elementor-element-60b913fc e-con-full e-flex e-con e-child\" data-id=\"60b913fc\" data-element_type=\"container\">\n\t\t<section class=\"elementor-element elementor-element-664e59e6 e-con-full e-flex e-con e-child\" data-id=\"664e59e6\" data-element_type=\"container\" data-settings=\"{&quot;background_background&quot;:&quot;classic&quot;}\">\n\t\t\t\t<div class=\"elementor-element elementor-element-dc8379b elementor-widget elementor-widget-heading\" data-id=\"dc8379b\" data-element_type=\"widget\" data-widget_type=\"heading.default\">\n\t\t\t\t\t<h1 class=\"elementor-heading-title elementor-size-default\">Entdecken<\/h1>\t\t\t\t<\/div>\n\t\t\t\t<\/section>\n\t\t\t\t<div class=\"elementor-element elementor-element-6340db2 elementor-widget elementor-widget-breadcrumbs\" data-id=\"6340db2\" data-element_type=\"widget\" data-widget_type=\"breadcrumbs.default\">\n\t\t\t\t\t<span id=\"breadcrumbs\"><span><span><a href=\"https:\/\/paysdeforbach.com\/de\/\">Accueil<\/a><\/span><\/span><\/span>\t\t\t\t<\/div>\n\t\t\t\t<div class=\"elementor-element elementor-element-92d1e0e elementor-widget elementor-widget-text-editor\" data-id=\"92d1e0e\" data-element_type=\"widget\" data-widget_type=\"text-editor.default\">\n\t\t\t\t\t\t\t\t\t<p><strong>Das Forbacher Land, direkt an Deutschland gelegen, l\u00e4dt Sie ein, seine Vorz\u00fcge zu entdecken: zwischen Natur und Kulturerbe, zwischen Traditionen und Handwerkskunst, zwischen Kultur und Freizeitm\u00f6glichkeiten. <\/strong><\/p>\t\t\t\t\t\t\t\t<\/div>\n\t\t\t\t<\/div>\n\t\t<div class=\"elementor-element elementor-element-62f40fdf e-con-full page-liaison e-flex e-con e-parent\" data-id=\"62f40fdf\" data-element_type=\"container\">\n\t\t<div class=\"elementor-element elementor-element-c5b28b e-grid e-con-full e-con e-child\" data-id=\"c5b28b\" data-element_type=\"container\">\n\t\t<a class=\"elementor-element elementor-element-1fdb83e4 e-con-full page-liaison-block e-flex e-con e-child\" data-id=\"1fdb83e4\" data-element_type=\"container\" data-settings=\"{&quot;background_background&quot;:&quot;classic&quot;}\" href=\"https:\/\/paysdeforbach.com\/decouvrir\/les-incontournables\/\">\n\t\t\t\t<div class=\"elementor-element elementor-element-5cfceed4 elementor-widget elementor-widget-heading\" data-id=\"5cfceed4\" data-element_type=\"widget\" data-widget_type=\"heading.default\">\n\t\t\t\t\t<h2 class=\"elementor-heading-title elementor-size-default\">Die Must-haves<\/h2>\t\t\t\t<\/div>\n\t\t\t\t<\/a>\n\t\t<a class=\"elementor-element elementor-element-32767ff9 e-con-full page-liaison-block e-flex e-con e-child\" data-id=\"32767ff9\" data-element_type=\"container\" data-settings=\"{&quot;background_background&quot;:&quot;classic&quot;}\" href=\"https:\/\/paysdeforbach.com\/decouvrir\/nature-et-itinerance\/\">\n\t\t\t\t<div class=\"elementor-element elementor-element-52d903d8 elementor-widget elementor-widget-heading\" data-id=\"52d903d8\" data-element_type=\"widget\" data-widget_type=\"heading.default\">\n\t\t\t\t\t<h2 class=\"elementor-heading-title elementor-size-default\">Natur und Unterwegssein<\/h2>\t\t\t\t<\/div>\n\t\t\t\t<\/a>\n\t\t<a class=\"elementor-element elementor-element-5c068843 e-con-full page-liaison-block e-flex e-con e-child\" data-id=\"5c068843\" data-element_type=\"container\" data-settings=\"{&quot;background_background&quot;:&quot;classic&quot;}\" href=\"https:\/\/paysdeforbach.com\/decouvrir\/patrimoine\/\">\n\t\t\t\t<div class=\"elementor-element elementor-element-3d9b9352 elementor-widget elementor-widget-heading\" data-id=\"3d9b9352\" data-element_type=\"widget\" data-widget_type=\"heading.default\">\n\t\t\t\t\t<h3 class=\"elementor-heading-title elementor-size-default\">Kulturerbe<\/h3>\t\t\t\t<\/div>\n\t\t\t\t<\/a>\n\t\t\t\t<\/div>\n\t\t<div class=\"elementor-element elementor-element-7c9b29ae e-grid e-con-full e-con e-child\" data-id=\"7c9b29ae\" data-element_type=\"container\">\n\t\t<a class=\"elementor-element elementor-element-678044da e-con-full page-liaison-block e-flex e-con e-child\" data-id=\"678044da\" data-element_type=\"container\" data-settings=\"{&quot;background_background&quot;:&quot;classic&quot;}\" href=\"https:\/\/paysdeforbach.com\/decouvrir\/activites\/\">\n\t\t\t\t<div class=\"elementor-element elementor-element-6ab7de41 elementor-widget elementor-widget-heading\" data-id=\"6ab7de41\" data-element_type=\"widget\" data-widget_type=\"heading.default\">\n\t\t\t\t\t<h3 class=\"elementor-heading-title elementor-size-default\">Aktivit\u00e4ten<\/h3>\t\t\t\t<\/div>\n\t\t\t\t<\/a>\n\t\t<a class=\"elementor-element elementor-element-45dbe4c2 e-con-full page-liaison-block e-flex e-con e-child\" data-id=\"45dbe4c2\" data-element_type=\"container\" data-settings=\"{&quot;background_background&quot;:&quot;classic&quot;}\" href=\"https:\/\/paysdeforbach.com\/decouvrir\/savoir-faire-local\/\">\n\t\t\t\t<div class=\"elementor-element elementor-element-d5d0d19 elementor-widget elementor-widget-heading\" data-id=\"d5d0d19\" data-element_type=\"widget\" data-widget_type=\"heading.default\">\n\t\t\t\t\t<h3 class=\"elementor-heading-title elementor-size-default\">Lokales Know-how<\/h3>\t\t\t\t<\/div>\n\t\t\t\t<\/a>\n\t\t\t\t<\/div>\n\t\t\t\t<\/div>\n\t\t<div class=\"elementor-element elementor-element-f1ae564 e-grid e-con-boxed e-con e-parent\" data-id=\"f1ae564\" data-element_type=\"container\">\n\t\t\t\t\t<div class=\"e-con-inner\">\n\t\t<a class=\"elementor-element elementor-element-eb38d79 e-con-full e-flex e-con e-child\" data-id=\"eb38d79\" data-element_type=\"container\" data-settings=\"{&quot;background_background&quot;:&quot;classic&quot;}\" href=\"https:\/\/paysdeforbach.com\/de\/entdecken\/bei-unseren-nachbarn\/\">\n\t\t\t\t<div class=\"elementor-element elementor-element-0a8fec2 elementor-widget elementor-widget-heading\" data-id=\"0a8fec2\" data-element_type=\"widget\" data-widget_type=\"heading.default\">\n\t\t\t\t\t<h2 class=\"elementor-heading-title elementor-size-default\">Bei unseren Nachbarn<\/h2>\t\t\t\t<\/div>\n\t\t\t\t<\/a>\n\t\t<a class=\"elementor-element elementor-element-a019448 e-con-full e-flex e-con e-child\" data-id=\"a019448\" data-element_type=\"container\" data-settings=\"{&quot;background_background&quot;:&quot;classic&quot;}\" href=\"https:\/\/paysdeforbach.com\/de\/entdecken\/broschueren\/\">\n\t\t\t\t<div class=\"elementor-element elementor-element-b4c4ca3 elementor-widget elementor-widget-heading\" data-id=\"b4c4ca3\" data-element_type=\"widget\" data-widget_type=\"heading.default\">\n\t\t\t\t\t<h2 class=\"elementor-heading-title elementor-size-default\">BROSCH\u00dcREN<\/h2>\t\t\t\t<\/div>\n\t\t\t\t<\/a>\n\t\t<a class=\"elementor-element elementor-element-f06d784 e-con-full e-flex e-con e-child\" data-id=\"f06d784\" data-element_type=\"container\" data-settings=\"{&quot;background_background&quot;:&quot;classic&quot;}\" href=\"https:\/\/paysdeforbach.com\/de\/entdecken\/pays-de-forbach-im-video\/\">\n\t\t\t\t<div class=\"elementor-element elementor-element-7c97403 elementor-widget elementor-widget-heading\" data-id=\"7c97403\" data-element_type=\"widget\" data-widget_type=\"heading.default\">\n\t\t\t\t\t<h2 class=\"elementor-heading-title elementor-size-default\">Forbacher Land im Video<\/h2>\t\t\t\t<\/div>\n\t\t\t\t<\/a>\n\t\t<a class=\"elementor-element elementor-element-ba7bd26 e-con-full e-flex e-con e-child\" data-id=\"ba7bd26\" data-element_type=\"container\" data-settings=\"{&quot;background_background&quot;:&quot;classic&quot;}\" href=\"https:\/\/paysdeforbach.com\/de\/entdecken\/touristenkarte\/\">\n\t\t\t\t<div class=\"elementor-element elementor-element-830c648 elementor-widget elementor-widget-heading\" data-id=\"830c648\" data-element_type=\"widget\" data-widget_type=\"heading.default\">\n\t\t\t\t\t<h2 class=\"elementor-heading-title elementor-size-default\">Touristenkarte<\/h2>\t\t\t\t<\/div>\n\t\t\t\t<\/a>\n\t\t\t\t\t<\/div>\n\t\t\t\t<\/div>\n\t\t<div class=\"elementor-element elementor-element-9efb549 e-flex e-con-boxed e-con e-parent\" data-id=\"9efb549\" data-element_type=\"container\">\n\t\t\t\t\t<div class=\"e-con-inner\">\n\t\t\t\t<div class=\"elementor-element elementor-element-7716866 elementor-widget elementor-widget-spacer\" data-id=\"7716866\" data-element_type=\"widget\" data-widget_type=\"spacer.default\">\n\t\t\t\t\t\t\t<div class=\"elementor-spacer\">\n\t\t\t<div class=\"elementor-spacer-inner\"><\/div>\n\t\t<\/div>\n\t\t\t\t\t\t<\/div>\n\t\t\t\t\t<\/div>\n\t\t\t\t<\/div>\n\t\t\t\t<\/div>\n\t\t","protected":false},"excerpt":{"rendered":"<p>Entdecken Das Forbacher Land, direkt an Deutschland gelegen, l\u00e4dt Sie ein, seine Vorz\u00fcge zu entdecken: zwischen Natur und Kulturerbe, zwischen Traditionen und Handwerkskunst, zwischen Kultur und Freizeitm\u00f6glichkeiten. Die Must-haves Natur und Unterwegssein Kulturerbe Aktivit\u00e4ten Lokales Know-how Bei unseren Nachbarn BROSCH\u00dcREN Forbacher Land im Video Touristenkarte<\/p>\n","protected":false},"author":3,"featured_media":0,"parent":0,"menu_order":0,"comment_status":"closed","ping_status":"closed","template":"","meta":{"footnotes":""},"class_list":["post-10593","page","type-page","status-publish","hentry"],"yoast_head":"<!-- This site is optimized with the Yoast SEO plugin v26.8 - https:\/\/yoast.com\/product\/yoast-seo-wordpress\/ -->\n<title>Entdecken - Office de Tourisme du Pays de Forbach<\/title>\n<meta name=\"robots\" content=\"index, follow, max-snippet:-1, max-image-preview:large, max-video-preview:-1\" \/>\n<link rel=\"canonical\" href=\"https:\/\/paysdeforbach.com\/de\/entdecken\/\" \/>\n<meta property=\"og:locale\" content=\"de_DE\" \/>\n<meta property=\"og:type\" content=\"article\" \/>\n<meta property=\"og:title\" content=\"Entdecken - Office de Tourisme du Pays de Forbach\" \/>\n<meta property=\"og:description\" content=\"Entdecken Das Forbacher Land, direkt an Deutschland gelegen, l\u00e4dt Sie ein, seine Vorz\u00fcge zu entdecken: zwischen Natur und Kulturerbe, zwischen Traditionen und Handwerkskunst, zwischen Kultur und Freizeitm\u00f6glichkeiten. Die Must-haves Natur und Unterwegssein Kulturerbe Aktivit\u00e4ten Lokales Know-how Bei unseren Nachbarn BROSCH\u00dcREN Forbacher Land im Video Touristenkarte\" \/>\n<meta property=\"og:url\" content=\"https:\/\/paysdeforbach.com\/de\/entdecken\/\" \/>\n<meta property=\"og:site_name\" content=\"Office de Tourisme du Pays de Forbach\" \/>\n<meta property=\"article:modified_time\" content=\"2026-01-21T10:38:08+00:00\" \/>\n<meta name=\"twitter:card\" content=\"summary_large_image\" \/>\n<script type=\"application\/ld+json\" class=\"yoast-schema-graph\">{\"@context\":\"https:\/\/schema.org\",\"@graph\":[{\"@type\":\"WebPage\",\"@id\":\"https:\/\/paysdeforbach.com\/de\/entdecken\/\",\"url\":\"https:\/\/paysdeforbach.com\/de\/entdecken\/\",\"name\":\"Entdecken - Office de Tourisme du Pays de Forbach\",\"isPartOf\":{\"@id\":\"https:\/\/paysdeforbach.com\/de\/#website\"},\"datePublished\":\"2025-09-22T13:32:11+00:00\",\"dateModified\":\"2026-01-21T10:38:08+00:00\",\"breadcrumb\":{\"@id\":\"https:\/\/paysdeforbach.com\/de\/entdecken\/#breadcrumb\"},\"inLanguage\":\"de\",\"potentialAction\":[{\"@type\":\"ReadAction\",\"target\":[\"https:\/\/paysdeforbach.com\/de\/entdecken\/\"]}]},{\"@type\":\"BreadcrumbList\",\"@id\":\"https:\/\/paysdeforbach.com\/de\/entdecken\/#breadcrumb\",\"itemListElement\":[{\"@type\":\"ListItem\",\"position\":1,\"name\":\"Accueil\",\"item\":\"https:\/\/paysdeforbach.com\/de\/\"},{\"@type\":\"ListItem\",\"position\":2,\"name\":\"Entdecken\"}]},{\"@type\":\"WebSite\",\"@id\":\"https:\/\/paysdeforbach.com\/de\/#website\",\"url\":\"https:\/\/paysdeforbach.com\/de\/\",\"name\":\"OT Pays de Forbach\",\"description\":\"\",\"publisher\":{\"@id\":\"https:\/\/paysdeforbach.com\/de\/#organization\"},\"potentialAction\":[{\"@type\":\"SearchAction\",\"target\":{\"@type\":\"EntryPoint\",\"urlTemplate\":\"https:\/\/paysdeforbach.com\/de\/?s={search_term_string}\"},\"query-input\":{\"@type\":\"PropertyValueSpecification\",\"valueRequired\":true,\"valueName\":\"search_term_string\"}}],\"inLanguage\":\"de\"},{\"@type\":\"Organization\",\"@id\":\"https:\/\/paysdeforbach.com\/de\/#organization\",\"name\":\"OT Pays de Forbach\",\"url\":\"https:\/\/paysdeforbach.com\/de\/\",\"logo\":{\"@type\":\"ImageObject\",\"inLanguage\":\"de\",\"@id\":\"https:\/\/paysdeforbach.com\/de\/#\/schema\/logo\/image\/\",\"url\":\"https:\/\/paysdeforbach.com\/wp-content\/uploads\/2025\/11\/cropped-logo-Pays-de-Forbach_Quadri.webp\",\"contentUrl\":\"https:\/\/paysdeforbach.com\/wp-content\/uploads\/2025\/11\/cropped-logo-Pays-de-Forbach_Quadri.webp\",\"width\":623,\"height\":356,\"caption\":\"OT Pays de Forbach\"},\"image\":{\"@id\":\"https:\/\/paysdeforbach.com\/de\/#\/schema\/logo\/image\/\"}}]}<\/script>\n<!-- \/ Yoast SEO plugin. -->","yoast_head_json":{"title":"Entdecken - Office de Tourisme du Pays de Forbach","robots":{"index":"index","follow":"follow","max-snippet":"max-snippet:-1","max-image-preview":"max-image-preview:large","max-video-preview":"max-video-preview:-1"},"canonical":"https:\/\/paysdeforbach.com\/de\/entdecken\/","og_locale":"de_DE","og_type":"article","og_title":"Entdecken - Office de Tourisme du Pays de Forbach","og_description":"Entdecken Das Forbacher Land, direkt an Deutschland gelegen, l\u00e4dt Sie ein, seine Vorz\u00fcge zu entdecken: zwischen Natur und Kulturerbe, zwischen Traditionen und Handwerkskunst, zwischen Kultur und Freizeitm\u00f6glichkeiten. Die Must-haves Natur und Unterwegssein Kulturerbe Aktivit\u00e4ten Lokales Know-how Bei unseren Nachbarn BROSCH\u00dcREN Forbacher Land im Video Touristenkarte","og_url":"https:\/\/paysdeforbach.com\/de\/entdecken\/","og_site_name":"Office de Tourisme du Pays de Forbach","article_modified_time":"2026-01-21T10:38:08+00:00","twitter_card":"summary_large_image","schema":{"@context":"https:\/\/schema.org","@graph":[{"@type":"WebPage","@id":"https:\/\/paysdeforbach.com\/de\/entdecken\/","url":"https:\/\/paysdeforbach.com\/de\/entdecken\/","name":"Entdecken - Office de Tourisme du Pays de Forbach","isPartOf":{"@id":"https:\/\/paysdeforbach.com\/de\/#website"},"datePublished":"2025-09-22T13:32:11+00:00","dateModified":"2026-01-21T10:38:08+00:00","breadcrumb":{"@id":"https:\/\/paysdeforbach.com\/de\/entdecken\/#breadcrumb"},"inLanguage":"de","potentialAction":[{"@type":"ReadAction","target":["https:\/\/paysdeforbach.com\/de\/entdecken\/"]}]},{"@type":"BreadcrumbList","@id":"https:\/\/paysdeforbach.com\/de\/entdecken\/#breadcrumb","itemListElement":[{"@type":"ListItem","position":1,"name":"Accueil","item":"https:\/\/paysdeforbach.com\/de\/"},{"@type":"ListItem","position":2,"name":"Entdecken"}]},{"@type":"WebSite","@id":"https:\/\/paysdeforbach.com\/de\/#website","url":"https:\/\/paysdeforbach.com\/de\/","name":"OT Pays de Forbach","description":"","publisher":{"@id":"https:\/\/paysdeforbach.com\/de\/#organization"},"potentialAction":[{"@type":"SearchAction","target":{"@type":"EntryPoint","urlTemplate":"https:\/\/paysdeforbach.com\/de\/?s={search_term_string}"},"query-input":{"@type":"PropertyValueSpecification","valueRequired":true,"valueName":"search_term_string"}}],"inLanguage":"de"},{"@type":"Organization","@id":"https:\/\/paysdeforbach.com\/de\/#organization","name":"OT Pays de Forbach","url":"https:\/\/paysdeforbach.com\/de\/","logo":{"@type":"ImageObject","inLanguage":"de","@id":"https:\/\/paysdeforbach.com\/de\/#\/schema\/logo\/image\/","url":"https:\/\/paysdeforbach.com\/wp-content\/uploads\/2025\/11\/cropped-logo-Pays-de-Forbach_Quadri.webp","contentUrl":"https:\/\/paysdeforbach.com\/wp-content\/uploads\/2025\/11\/cropped-logo-Pays-de-Forbach_Quadri.webp","width":623,"height":356,"caption":"OT Pays de Forbach"},"image":{"@id":"https:\/\/paysdeforbach.com\/de\/#\/schema\/logo\/image\/"}}]}},"_links":{"self":[{"href":"https:\/\/paysdeforbach.com\/de\/wp-json\/wp\/v2\/pages\/10593","targetHints":{"allow":["GET"]}}],"collection":[{"href":"https:\/\/paysdeforbach.com\/de\/wp-json\/wp\/v2\/pages"}],"about":[{"href":"https:\/\/paysdeforbach.com\/de\/wp-json\/wp\/v2\/types\/page"}],"author":[{"embeddable":true,"href":"https:\/\/paysdeforbach.com\/de\/wp-json\/wp\/v2\/users\/3"}],"replies":[{"embeddable":true,"href":"https:\/\/paysdeforbach.com\/de\/wp-json\/wp\/v2\/comments?post=10593"}],"version-history":[{"count":4,"href":"https:\/\/paysdeforbach.com\/de\/wp-json\/wp\/v2\/pages\/10593\/revisions"}],"predecessor-version":[{"id":12787,"href":"https:\/\/paysdeforbach.com\/de\/wp-json\/wp\/v2\/pages\/10593\/revisions\/12787"}],"wp:attachment":[{"href":"https:\/\/paysdeforbach.com\/de\/wp-json\/wp\/v2\/media?parent=10593"}],"curies":[{"name":"wp","href":"https:\/\/api.w.org\/{rel}","templated":true}]}}