{"id":10666,"date":"2025-10-15T07:37:52","date_gmt":"2025-10-15T07:37:52","guid":{"rendered":"https:\/\/paysdeforbach.com\/besuchen-sie-uns\/"},"modified":"2026-01-20T09:50:20","modified_gmt":"2026-01-20T09:50:20","slug":"besuchen-sie-uns","status":"publish","type":"page","link":"https:\/\/paysdeforbach.com\/de\/besuchen-sie-uns\/","title":{"rendered":"Besuchen Sie uns"},"content":{"rendered":"\t\t<div data-elementor-type=\"wp-page\" data-elementor-id=\"10666\" class=\"elementor elementor-10666 elementor-2730\" data-elementor-post-type=\"page\">\n\t\t\t\t<div class=\"elementor-element elementor-element-33bd7238 e-con-full e-flex e-con e-parent\" data-id=\"33bd7238\" data-element_type=\"container\">\n\t\t<section class=\"elementor-element elementor-element-2fa0f0a6 e-con-full e-flex e-con e-child\" data-id=\"2fa0f0a6\" data-element_type=\"container\" data-settings=\"{&quot;background_background&quot;:&quot;classic&quot;}\">\n\t\t\t\t<div class=\"elementor-element elementor-element-7bf828ac elementor-widget elementor-widget-heading\" data-id=\"7bf828ac\" data-element_type=\"widget\" data-widget_type=\"heading.default\">\n\t\t\t\t\t<h2 class=\"elementor-heading-title elementor-size-default\">Besuchen Sie uns<\/h2>\t\t\t\t<\/div>\n\t\t\t\t<\/section>\n\t\t<div class=\"elementor-element elementor-element-c3a539a e-flex e-con-boxed e-con e-child\" data-id=\"c3a539a\" data-element_type=\"container\">\n\t\t\t\t\t<div class=\"e-con-inner\">\n\t\t\t\t<div class=\"elementor-element elementor-element-87f4b81 elementor-widget elementor-widget-breadcrumbs\" data-id=\"87f4b81\" data-element_type=\"widget\" data-widget_type=\"breadcrumbs.default\">\n\t\t\t\t\t<span id=\"breadcrumbs\"><span><span><a href=\"https:\/\/paysdeforbach.com\/de\/\">Accueil<\/a><\/span><\/span><\/span>\t\t\t\t<\/div>\n\t\t\t\t<div class=\"elementor-element elementor-element-6e01031 elementor-widget elementor-widget-text-editor\" data-id=\"6e01031\" data-element_type=\"widget\" data-widget_type=\"text-editor.default\">\n\t\t\t\t\t\t\t\t\t<p><strong>Das Tourismusb\u00fcro Pays de Forbach befindet sich im Herzen der Stadt Forbach, im Erdgeschoss des Ch\u00e2teau Barrabino, in der N\u00e4he des Rathauses. Ein engagiertes Team empf\u00e4ngt Sie das ganze Jahr \u00fcber, um Sie gut zu beraten und Ihre Bed\u00fcrfnisse zu erf\u00fcllen. <\/strong><\/p><p><br><strong>Besuchen Sie uns und erfahren Sie mehr \u00fcber das Pays de Forbach!<\/strong><\/p>\t\t\t\t\t\t\t\t<\/div>\n\t\t\t\t\t<\/div>\n\t\t\t\t<\/div>\n\t\t\t\t<\/div>\n\t\t<div class=\"elementor-element elementor-element-1a73ce78 e-con-full page-liaison e-flex e-con e-parent\" data-id=\"1a73ce78\" data-element_type=\"container\">\n\t\t<div class=\"elementor-element elementor-element-37473e05 e-grid e-con-full e-con e-child\" data-id=\"37473e05\" data-element_type=\"container\">\n\t\t<a class=\"elementor-element elementor-element-ddc0784 e-con-full page-liaison-block e-flex e-con e-child\" data-id=\"ddc0784\" data-element_type=\"container\" data-settings=\"{&quot;background_background&quot;:&quot;classic&quot;}\" href=\"https:\/\/paysdeforbach.com\/nous-rencontrer\/contact\/\">\n\t\t\t\t<div class=\"elementor-element elementor-element-2381b695 elementor-widget elementor-widget-heading\" data-id=\"2381b695\" data-element_type=\"widget\" data-widget_type=\"heading.default\">\n\t\t\t\t\t<h3 class=\"elementor-heading-title elementor-size-default\">Kontakt<\/h3>\t\t\t\t<\/div>\n\t\t\t\t<\/a>\n\t\t<a class=\"elementor-element elementor-element-55c7b44 e-con-full page-liaison-block e-flex e-con e-child\" data-id=\"55c7b44\" data-element_type=\"container\" data-settings=\"{&quot;background_background&quot;:&quot;classic&quot;}\" href=\"https:\/\/paysdeforbach.com\/nous-rencontrer\/horaires-douverture\/\">\n\t\t\t\t<div class=\"elementor-element elementor-element-a14940c elementor-widget elementor-widget-heading\" data-id=\"a14940c\" data-element_type=\"widget\" data-widget_type=\"heading.default\">\n\t\t\t\t\t<h3 class=\"elementor-heading-title elementor-size-default\">\u00d6ffnungszeiten<\/h3>\t\t\t\t<\/div>\n\t\t\t\t<\/a>\n\t\t<a class=\"elementor-element elementor-element-4e148a5 e-con-full page-liaison-block e-flex e-con e-child\" data-id=\"4e148a5\" data-element_type=\"container\" data-settings=\"{&quot;background_background&quot;:&quot;classic&quot;}\" href=\"https:\/\/paysdeforbach.com\/nous-rencontrer\/qui-sommes-nous\/\">\n\t\t\t\t<div class=\"elementor-element elementor-element-438ef9e2 elementor-widget elementor-widget-heading\" data-id=\"438ef9e2\" data-element_type=\"widget\" data-widget_type=\"heading.default\">\n\t\t\t\t\t<h3 class=\"elementor-heading-title elementor-size-default\">\u00dcber uns<\/h3>\t\t\t\t<\/div>\n\t\t\t\t<\/a>\n\t\t<a class=\"elementor-element elementor-element-e54ca4c e-con-full page-liaison-block e-flex e-con e-child\" data-id=\"e54ca4c\" data-element_type=\"container\" data-settings=\"{&quot;background_background&quot;:&quot;classic&quot;}\" href=\"https:\/\/paysdeforbach.com\/nous-rencontrer\/nos-partenaires\/\">\n\t\t\t\t<div class=\"elementor-element elementor-element-9127d3f elementor-widget elementor-widget-heading\" data-id=\"9127d3f\" data-element_type=\"widget\" data-widget_type=\"heading.default\">\n\t\t\t\t\t<h3 class=\"elementor-heading-title elementor-size-default\">Unsere Partner<\/h3>\t\t\t\t<\/div>\n\t\t\t\t<\/a>\n\t\t\t\t<\/div>\n\t\t\t\t<\/div>\n\t\t<div class=\"elementor-element elementor-element-0b6fecf e-grid e-con-full e-con e-parent\" data-id=\"0b6fecf\" data-element_type=\"container\">\n\t\t<a class=\"elementor-element elementor-element-9830221 e-con-full e-flex e-con e-child\" data-id=\"9830221\" data-element_type=\"container\" data-settings=\"{&quot;background_background&quot;:&quot;classic&quot;}\" href=\"https:\/\/paysdeforbach.com\/nous-rencontrer\/notre-gouvernance\/\">\n\t\t\t\t<div class=\"elementor-element elementor-element-cc5290b elementor-widget elementor-widget-heading\" data-id=\"cc5290b\" data-element_type=\"widget\" data-widget_type=\"heading.default\">\n\t\t\t\t\t<h2 class=\"elementor-heading-title elementor-size-default\">Unsere F\u00fchrung<\/h2>\t\t\t\t<\/div>\n\t\t\t\t<\/a>\n\t\t<a class=\"elementor-element elementor-element-40bdd22 e-con-full e-flex e-con e-child\" data-id=\"40bdd22\" data-element_type=\"container\" data-settings=\"{&quot;background_background&quot;:&quot;classic&quot;}\" href=\"https:\/\/paysdeforbach.com\/nous-rencontrer\/nos-communes\/\">\n\t\t\t\t<div class=\"elementor-element elementor-element-7d5c1fe elementor-widget elementor-widget-heading\" data-id=\"7d5c1fe\" data-element_type=\"widget\" data-widget_type=\"heading.default\">\n\t\t\t\t\t<h2 class=\"elementor-heading-title elementor-size-default\">Unsere Gemeinden<\/h2>\t\t\t\t<\/div>\n\t\t\t\t<\/a>\n\t\t<a class=\"elementor-element elementor-element-a46368a e-con-full e-flex e-con e-child\" data-id=\"a46368a\" data-element_type=\"container\" data-settings=\"{&quot;background_background&quot;:&quot;classic&quot;}\" href=\"https:\/\/paysdeforbach.com\/nous-rencontrer\/nos-engagements\/\">\n\t\t\t\t<div class=\"elementor-element elementor-element-759b3e2 elementor-widget elementor-widget-heading\" data-id=\"759b3e2\" data-element_type=\"widget\" data-widget_type=\"heading.default\">\n\t\t\t\t\t<h2 class=\"elementor-heading-title elementor-size-default\">Unser Engagement<\/h2>\t\t\t\t<\/div>\n\t\t\t\t<\/a>\n\t\t\t\t<\/div>\n\t\t<div class=\"elementor-element elementor-element-b4d2356 e-con-full e-flex e-con e-child\" data-id=\"b4d2356\" data-element_type=\"container\">\n\t\t\t\t<div class=\"elementor-element elementor-element-e03c80f elementor-widget elementor-widget-shortcode\" data-id=\"e03c80f\" data-element_type=\"widget\" data-widget_type=\"shortcode.default\">\n\t\t\t\t\t\t\t<div class=\"elementor-shortcode\"><\/div>\n\t\t\t\t\t\t<\/div>\n\t\t\t\t<\/div>\n\t\t\t\t<\/div>\n\t\t","protected":false},"excerpt":{"rendered":"<p>Besuchen Sie uns Das Tourismusb\u00fcro Pays de Forbach befindet sich im Herzen der Stadt Forbach, im Erdgeschoss des Ch\u00e2teau Barrabino, in der N\u00e4he des Rathauses. Ein engagiertes Team empf\u00e4ngt Sie das ganze Jahr \u00fcber, um Sie gut zu beraten und Ihre Bed\u00fcrfnisse zu erf\u00fcllen. Besuchen Sie uns und erfahren Sie mehr \u00fcber das Pays de [&hellip;]<\/p>\n","protected":false},"author":3,"featured_media":0,"parent":0,"menu_order":0,"comment_status":"closed","ping_status":"closed","template":"","meta":{"footnotes":""},"class_list":["post-10666","page","type-page","status-publish","hentry"],"yoast_head":"<!-- This site is optimized with the Yoast SEO plugin v26.8 - https:\/\/yoast.com\/product\/yoast-seo-wordpress\/ -->\n<title>Besuchen Sie uns - Office de Tourisme du Pays de Forbach<\/title>\n<meta name=\"robots\" content=\"index, follow, max-snippet:-1, max-image-preview:large, max-video-preview:-1\" \/>\n<link rel=\"canonical\" href=\"https:\/\/paysdeforbach.com\/de\/besuchen-sie-uns\/\" \/>\n<meta property=\"og:locale\" content=\"de_DE\" \/>\n<meta property=\"og:type\" content=\"article\" \/>\n<meta property=\"og:title\" content=\"Besuchen Sie uns - Office de Tourisme du Pays de Forbach\" \/>\n<meta property=\"og:description\" content=\"Besuchen Sie uns Das Tourismusb\u00fcro Pays de Forbach befindet sich im Herzen der Stadt Forbach, im Erdgeschoss des Ch\u00e2teau Barrabino, in der N\u00e4he des Rathauses. Ein engagiertes Team empf\u00e4ngt Sie das ganze Jahr \u00fcber, um Sie gut zu beraten und Ihre Bed\u00fcrfnisse zu erf\u00fcllen. Besuchen Sie uns und erfahren Sie mehr \u00fcber das Pays de [&hellip;]\" \/>\n<meta property=\"og:url\" content=\"https:\/\/paysdeforbach.com\/de\/besuchen-sie-uns\/\" \/>\n<meta property=\"og:site_name\" content=\"Office de Tourisme du Pays de Forbach\" \/>\n<meta property=\"article:modified_time\" content=\"2026-01-20T09:50:20+00:00\" \/>\n<meta name=\"twitter:card\" content=\"summary_large_image\" \/>\n<script type=\"application\/ld+json\" class=\"yoast-schema-graph\">{\"@context\":\"https:\/\/schema.org\",\"@graph\":[{\"@type\":\"WebPage\",\"@id\":\"https:\/\/paysdeforbach.com\/de\/besuchen-sie-uns\/\",\"url\":\"https:\/\/paysdeforbach.com\/de\/besuchen-sie-uns\/\",\"name\":\"Besuchen Sie uns - Office de Tourisme du Pays de Forbach\",\"isPartOf\":{\"@id\":\"https:\/\/paysdeforbach.com\/de\/#website\"},\"datePublished\":\"2025-10-15T07:37:52+00:00\",\"dateModified\":\"2026-01-20T09:50:20+00:00\",\"breadcrumb\":{\"@id\":\"https:\/\/paysdeforbach.com\/de\/besuchen-sie-uns\/#breadcrumb\"},\"inLanguage\":\"de\",\"potentialAction\":[{\"@type\":\"ReadAction\",\"target\":[\"https:\/\/paysdeforbach.com\/de\/besuchen-sie-uns\/\"]}]},{\"@type\":\"BreadcrumbList\",\"@id\":\"https:\/\/paysdeforbach.com\/de\/besuchen-sie-uns\/#breadcrumb\",\"itemListElement\":[{\"@type\":\"ListItem\",\"position\":1,\"name\":\"Accueil\",\"item\":\"https:\/\/paysdeforbach.com\/de\/\"},{\"@type\":\"ListItem\",\"position\":2,\"name\":\"Besuchen Sie uns\"}]},{\"@type\":\"WebSite\",\"@id\":\"https:\/\/paysdeforbach.com\/de\/#website\",\"url\":\"https:\/\/paysdeforbach.com\/de\/\",\"name\":\"OT Pays de Forbach\",\"description\":\"\",\"publisher\":{\"@id\":\"https:\/\/paysdeforbach.com\/de\/#organization\"},\"potentialAction\":[{\"@type\":\"SearchAction\",\"target\":{\"@type\":\"EntryPoint\",\"urlTemplate\":\"https:\/\/paysdeforbach.com\/de\/?s={search_term_string}\"},\"query-input\":{\"@type\":\"PropertyValueSpecification\",\"valueRequired\":true,\"valueName\":\"search_term_string\"}}],\"inLanguage\":\"de\"},{\"@type\":\"Organization\",\"@id\":\"https:\/\/paysdeforbach.com\/de\/#organization\",\"name\":\"OT Pays de Forbach\",\"url\":\"https:\/\/paysdeforbach.com\/de\/\",\"logo\":{\"@type\":\"ImageObject\",\"inLanguage\":\"de\",\"@id\":\"https:\/\/paysdeforbach.com\/de\/#\/schema\/logo\/image\/\",\"url\":\"https:\/\/paysdeforbach.com\/wp-content\/uploads\/2025\/11\/cropped-logo-Pays-de-Forbach_Quadri.webp\",\"contentUrl\":\"https:\/\/paysdeforbach.com\/wp-content\/uploads\/2025\/11\/cropped-logo-Pays-de-Forbach_Quadri.webp\",\"width\":623,\"height\":356,\"caption\":\"OT Pays de Forbach\"},\"image\":{\"@id\":\"https:\/\/paysdeforbach.com\/de\/#\/schema\/logo\/image\/\"}}]}<\/script>\n<!-- \/ Yoast SEO plugin. -->","yoast_head_json":{"title":"Besuchen Sie uns - Office de Tourisme du Pays de Forbach","robots":{"index":"index","follow":"follow","max-snippet":"max-snippet:-1","max-image-preview":"max-image-preview:large","max-video-preview":"max-video-preview:-1"},"canonical":"https:\/\/paysdeforbach.com\/de\/besuchen-sie-uns\/","og_locale":"de_DE","og_type":"article","og_title":"Besuchen Sie uns - Office de Tourisme du Pays de Forbach","og_description":"Besuchen Sie uns Das Tourismusb\u00fcro Pays de Forbach befindet sich im Herzen der Stadt Forbach, im Erdgeschoss des Ch\u00e2teau Barrabino, in der N\u00e4he des Rathauses. Ein engagiertes Team empf\u00e4ngt Sie das ganze Jahr \u00fcber, um Sie gut zu beraten und Ihre Bed\u00fcrfnisse zu erf\u00fcllen. Besuchen Sie uns und erfahren Sie mehr \u00fcber das Pays de [&hellip;]","og_url":"https:\/\/paysdeforbach.com\/de\/besuchen-sie-uns\/","og_site_name":"Office de Tourisme du Pays de Forbach","article_modified_time":"2026-01-20T09:50:20+00:00","twitter_card":"summary_large_image","schema":{"@context":"https:\/\/schema.org","@graph":[{"@type":"WebPage","@id":"https:\/\/paysdeforbach.com\/de\/besuchen-sie-uns\/","url":"https:\/\/paysdeforbach.com\/de\/besuchen-sie-uns\/","name":"Besuchen Sie uns - Office de Tourisme du Pays de Forbach","isPartOf":{"@id":"https:\/\/paysdeforbach.com\/de\/#website"},"datePublished":"2025-10-15T07:37:52+00:00","dateModified":"2026-01-20T09:50:20+00:00","breadcrumb":{"@id":"https:\/\/paysdeforbach.com\/de\/besuchen-sie-uns\/#breadcrumb"},"inLanguage":"de","potentialAction":[{"@type":"ReadAction","target":["https:\/\/paysdeforbach.com\/de\/besuchen-sie-uns\/"]}]},{"@type":"BreadcrumbList","@id":"https:\/\/paysdeforbach.com\/de\/besuchen-sie-uns\/#breadcrumb","itemListElement":[{"@type":"ListItem","position":1,"name":"Accueil","item":"https:\/\/paysdeforbach.com\/de\/"},{"@type":"ListItem","position":2,"name":"Besuchen Sie uns"}]},{"@type":"WebSite","@id":"https:\/\/paysdeforbach.com\/de\/#website","url":"https:\/\/paysdeforbach.com\/de\/","name":"OT Pays de Forbach","description":"","publisher":{"@id":"https:\/\/paysdeforbach.com\/de\/#organization"},"potentialAction":[{"@type":"SearchAction","target":{"@type":"EntryPoint","urlTemplate":"https:\/\/paysdeforbach.com\/de\/?s={search_term_string}"},"query-input":{"@type":"PropertyValueSpecification","valueRequired":true,"valueName":"search_term_string"}}],"inLanguage":"de"},{"@type":"Organization","@id":"https:\/\/paysdeforbach.com\/de\/#organization","name":"OT Pays de Forbach","url":"https:\/\/paysdeforbach.com\/de\/","logo":{"@type":"ImageObject","inLanguage":"de","@id":"https:\/\/paysdeforbach.com\/de\/#\/schema\/logo\/image\/","url":"https:\/\/paysdeforbach.com\/wp-content\/uploads\/2025\/11\/cropped-logo-Pays-de-Forbach_Quadri.webp","contentUrl":"https:\/\/paysdeforbach.com\/wp-content\/uploads\/2025\/11\/cropped-logo-Pays-de-Forbach_Quadri.webp","width":623,"height":356,"caption":"OT Pays de Forbach"},"image":{"@id":"https:\/\/paysdeforbach.com\/de\/#\/schema\/logo\/image\/"}}]}},"_links":{"self":[{"href":"https:\/\/paysdeforbach.com\/de\/wp-json\/wp\/v2\/pages\/10666","targetHints":{"allow":["GET"]}}],"collection":[{"href":"https:\/\/paysdeforbach.com\/de\/wp-json\/wp\/v2\/pages"}],"about":[{"href":"https:\/\/paysdeforbach.com\/de\/wp-json\/wp\/v2\/types\/page"}],"author":[{"embeddable":true,"href":"https:\/\/paysdeforbach.com\/de\/wp-json\/wp\/v2\/users\/3"}],"replies":[{"embeddable":true,"href":"https:\/\/paysdeforbach.com\/de\/wp-json\/wp\/v2\/comments?post=10666"}],"version-history":[{"count":2,"href":"https:\/\/paysdeforbach.com\/de\/wp-json\/wp\/v2\/pages\/10666\/revisions"}],"predecessor-version":[{"id":10674,"href":"https:\/\/paysdeforbach.com\/de\/wp-json\/wp\/v2\/pages\/10666\/revisions\/10674"}],"wp:attachment":[{"href":"https:\/\/paysdeforbach.com\/de\/wp-json\/wp\/v2\/media?parent=10666"}],"curies":[{"name":"wp","href":"https:\/\/api.w.org\/{rel}","templated":true}]}}