{"id":10698,"date":"2025-10-15T12:44:06","date_gmt":"2025-10-15T12:44:06","guid":{"rendered":"https:\/\/paysdeforbach.com\/eine-aktivitaet-buchen\/"},"modified":"2026-03-18T10:08:32","modified_gmt":"2026-03-18T10:08:32","slug":"eine-aktivitaet-buchen","status":"publish","type":"page","link":"https:\/\/paysdeforbach.com\/de\/planung\/eine-aktivitaet-buchen\/","title":{"rendered":"Eine Aktivit\u00e4t buchen"},"content":{"rendered":"\t\t<div data-elementor-type=\"wp-page\" data-elementor-id=\"10698\" class=\"elementor elementor-10698 elementor-2818\" data-elementor-post-type=\"page\">\n\t\t\t\t<div class=\"elementor-element elementor-element-7a437e34 e-con-full e-flex e-con e-parent\" data-id=\"7a437e34\" data-element_type=\"container\">\n\t\t<section class=\"elementor-element elementor-element-30090e9 e-con-full e-flex e-con e-child\" data-id=\"30090e9\" data-element_type=\"container\" data-settings=\"{&quot;background_background&quot;:&quot;classic&quot;}\">\n\t\t\t\t<div class=\"elementor-element elementor-element-150720e3 elementor-widget elementor-widget-heading\" data-id=\"150720e3\" data-element_type=\"widget\" data-widget_type=\"heading.default\">\n\t\t\t\t\t<h2 class=\"elementor-heading-title elementor-size-default\">Eine Aktivit\u00e4t buchen<\/h2>\t\t\t\t<\/div>\n\t\t\t\t<\/section>\n\t\t\t\t<\/div>\n\t\t<div class=\"elementor-element elementor-element-db46622 e-con-full e-flex e-con e-parent\" data-id=\"db46622\" data-element_type=\"container\" data-settings=\"{&quot;background_background&quot;:&quot;classic&quot;}\">\n\t\t\t\t<div class=\"elementor-element elementor-element-e878e55 elementor-widget elementor-widget-breadcrumbs\" data-id=\"e878e55\" data-element_type=\"widget\" data-widget_type=\"breadcrumbs.default\">\n\t\t\t\t\t<span id=\"breadcrumbs\"><span><span><a href=\"https:\/\/paysdeforbach.com\/de\/\">Accueil<\/a><\/span><\/span><\/span>\t\t\t\t<\/div>\n\t\t\t\t<div class=\"elementor-element elementor-element-9f6d8f3 elementor-widget elementor-widget-text-editor\" data-id=\"9f6d8f3\" data-element_type=\"widget\" data-widget_type=\"text-editor.default\">\n\t\t\t\t\t\t\t\t\t<p><strong>Zahlreiche F\u00fchrungen werden organisiert, um das Pays de Forbach zu entdecken!<\/strong><\/p>\t\t\t\t\t\t\t\t<\/div>\n\t\t<div class=\"elementor-element elementor-element-ce8da4a e-con-full e-flex e-con e-child\" data-id=\"ce8da4a\" data-element_type=\"container\" data-settings=\"{&quot;background_background&quot;:&quot;classic&quot;}\">\n\t\t<div class=\"elementor-element elementor-element-4b607ab e-con-full e-flex e-con e-child\" data-id=\"4b607ab\" data-element_type=\"container\">\n\t\t\t\t<div class=\"elementor-element elementor-element-1d4669c elementor-widget elementor-widget-heading\" data-id=\"1d4669c\" data-element_type=\"widget\" data-widget_type=\"heading.default\">\n\t\t\t\t\t<h2 class=\"elementor-heading-title elementor-size-default\">Das Tourismusb\u00fcro l\u00e4dt Sie ein, einzigartige Erlebnisse zu erleben und die Region auf andere Weise zu entdecken<\/h2>\t\t\t\t<\/div>\n\t\t\t\t<div class=\"elementor-element elementor-element-9e620aa elementor-widget elementor-widget-text-editor\" data-id=\"9e620aa\" data-element_type=\"widget\" data-widget_type=\"text-editor.default\">\n\t\t\t\t\t\t\t\t\t<p>Das ganze Jahr \u00fcber werden Ihnen zahlreiche Termine und Aktivit\u00e4ten angeboten: Begegnungen mit Produzenten und Handwerkern, gef\u00fchrte Touren, Ausfl\u00fcge in die Natur, originelle Besichtigungen des Kulturerbes...<\/p><p>Dank der Zusammenarbeit unserer lokalen Partner erhalten Sie Zugang zu manchmal unbekannten Orten, erleben Ungew\u00f6hnliches, entdecken authentisches Handwerk und nehmen an speziell f\u00fcr Sie konzipierten Workshops teil.<\/p>\t\t\t\t\t\t\t\t<\/div>\n\t\t\t\t<div class=\"elementor-element elementor-element-53d9470 elementor-widget elementor-widget-button\" data-id=\"53d9470\" data-element_type=\"widget\" data-widget_type=\"button.default\">\n\t\t\t\t\t\t\t\t\t\t<a class=\"elementor-button elementor-button-link elementor-size-sm\" href=\"https:\/\/paysdeforbach.com\/de\/shop\/\">\n\t\t\t\t\t\t<span class=\"elementor-button-content-wrapper\">\n\t\t\t\t\t\t\t\t\t<span class=\"elementor-button-text\">Rubriken: Ticketverkauf, Entdeckungstouren, Workshops...<\/span>\n\t\t\t\t\t<\/span>\n\t\t\t\t\t<\/a>\n\t\t\t\t\t\t\t\t<\/div>\n\t\t\t\t<\/div>\n\t\t<div class=\"elementor-element elementor-element-573f3f8 e-con-full e-flex e-con e-child\" data-id=\"573f3f8\" data-element_type=\"container\">\n\t\t\t\t<div class=\"elementor-element elementor-element-6ccc308 elementor-arrows-position-inside elementor-widget elementor-widget-image-carousel\" data-id=\"6ccc308\" data-element_type=\"widget\" data-settings=\"{&quot;slides_to_show&quot;:&quot;1&quot;,&quot;navigation&quot;:&quot;arrows&quot;,&quot;effect&quot;:&quot;fade&quot;,&quot;autoplay&quot;:&quot;yes&quot;,&quot;pause_on_hover&quot;:&quot;yes&quot;,&quot;pause_on_interaction&quot;:&quot;yes&quot;,&quot;autoplay_speed&quot;:5000,&quot;infinite&quot;:&quot;yes&quot;,&quot;speed&quot;:500}\" data-widget_type=\"image-carousel.default\">\n\t\t\t\t\t\t\t<div class=\"elementor-image-carousel-wrapper swiper\" role=\"region\" aria-roledescription=\"carousel\" aria-label=\"Image Carousel\" dir=\"ltr\">\n\t\t\t<div class=\"elementor-image-carousel swiper-wrapper\" aria-live=\"off\">\n\t\t\t\t\t\t\t\t<div class=\"swiper-slide\" role=\"group\" aria-roledescription=\"slide\" aria-label=\"1 von 5\"><figure class=\"swiper-slide-inner\"><img decoding=\"async\" class=\"swiper-slide-image\" src=\"https:\/\/paysdeforbach.com\/wp-content\/uploads\/2025\/11\/Randonnee-a-pied.webp\" alt=\"Wanderungen\" \/><\/figure><\/div><div class=\"swiper-slide\" role=\"group\" aria-roledescription=\"slide\" aria-label=\"2 von 5\"><figure class=\"swiper-slide-inner\"><img decoding=\"async\" class=\"swiper-slide-image\" src=\"https:\/\/paysdeforbach.com\/wp-content\/uploads\/2025\/10\/ChapelleSainteCroix-1.webp\" alt=\"ChapelleSainteCroix-1\" \/><\/figure><\/div><div class=\"swiper-slide\" role=\"group\" aria-roledescription=\"slide\" aria-label=\"3 von 5\"><figure class=\"swiper-slide-inner\"><img decoding=\"async\" class=\"swiper-slide-image\" src=\"https:\/\/paysdeforbach.com\/wp-content\/uploads\/2025\/10\/Spicheren-11.webp\" alt=\"Spicheren-11\" \/><\/figure><\/div><div class=\"swiper-slide\" role=\"group\" aria-roledescription=\"slide\" aria-label=\"4 von 5\"><figure class=\"swiper-slide-inner\"><img decoding=\"async\" class=\"swiper-slide-image\" src=\"https:\/\/paysdeforbach.com\/wp-content\/uploads\/2025\/11\/ChateauSchlossberg5.webp\" alt=\"ChateauSchlossberg5\" \/><\/figure><\/div><div class=\"swiper-slide\" role=\"group\" aria-roledescription=\"slide\" aria-label=\"5 von 5\"><figure class=\"swiper-slide-inner\"><img decoding=\"async\" class=\"swiper-slide-image\" src=\"https:\/\/paysdeforbach.com\/wp-content\/uploads\/2025\/11\/CarriereSimon-4-1.webp\" alt=\"CarriereSimon-4\" \/><\/figure><\/div>\t\t\t<\/div>\n\t\t\t\t\t\t\t\t\t\t\t\t<div class=\"elementor-swiper-button elementor-swiper-button-prev\" role=\"button\" tabindex=\"0\">\n\t\t\t\t\t\t<svg xmlns=\"http:\/\/www.w3.org\/2000\/svg\" width=\"22.349\" height=\"18.971\" viewBox=\"0 0 22.349 18.971\"><path id=\"trending_flat_FILL0_wght200_GRAD0_opsz24\" d=\"M169.485-613.337l1.777-1.763-6.477-6.477h17.563v-2.491H164.786l6.462-6.477-1.777-1.763L160-622.823Z\" transform=\"translate(-160 632.308)\" fill=\"currentcolor\"><\/path><\/svg>\t\t\t\t\t<\/div>\n\t\t\t\t\t<div class=\"elementor-swiper-button elementor-swiper-button-next\" role=\"button\" tabindex=\"0\">\n\t\t\t\t\t\t<svg xmlns=\"http:\/\/www.w3.org\/2000\/svg\" width=\"22.349\" height=\"18.971\" viewBox=\"0 0 22.349 18.971\"><path id=\"trending_flat_FILL0_wght200_GRAD0_opsz24\" d=\"M192.863-613.337l-1.777-1.763,6.477-6.477H180v-2.491h17.563l-6.462-6.477,1.777-1.763,9.471,9.485Z\" transform=\"translate(-180 632.308)\" fill=\"currentcolor\"><\/path><\/svg>\t\t\t\t\t<\/div>\n\t\t\t\t\n\t\t\t\t\t\t\t\t\t<\/div>\n\t\t\t\t\t\t<\/div>\n\t\t\t\t<\/div>\n\t\t\t\t<\/div>\n\t\t\t\t<div class=\"elementor-element elementor-element-4fe19be elementor-widget elementor-widget-spacer\" data-id=\"4fe19be\" data-element_type=\"widget\" data-widget_type=\"spacer.default\">\n\t\t\t\t\t\t\t<div class=\"elementor-spacer\">\n\t\t\t<div class=\"elementor-spacer-inner\"><\/div>\n\t\t<\/div>\n\t\t\t\t\t\t<\/div>\n\t\t\t\t<\/div>\n\t\t<div class=\"elementor-element elementor-element-93cfd76 e-con-full e-flex e-con e-parent\" data-id=\"93cfd76\" data-element_type=\"container\">\n\t\t\t\t<div class=\"elementor-element elementor-element-6bbc570 elementor-widget elementor-widget-shortcode\" data-id=\"6bbc570\" data-element_type=\"widget\" data-widget_type=\"shortcode.default\">\n\t\t\t\t\t\t\t<div class=\"elementor-shortcode\"><\/div>\n\t\t\t\t\t\t<\/div>\n\t\t\t\t<\/div>\n\t\t\t\t<\/div>\n\t\t","protected":false},"excerpt":{"rendered":"<p>Eine Aktivit\u00e4t buchen Zahlreiche F\u00fchrungen werden organisiert, um das Pays de Forbach zu entdecken! Das Tourismusb\u00fcro l\u00e4dt Sie ein, einzigartige Erlebnisse zu erleben und die Region auf andere Weise zu entdecken Das ganze Jahr \u00fcber werden Ihnen zahlreiche Termine und Aktivit\u00e4ten angeboten: Begegnungen mit Produzenten und Handwerkern, gef\u00fchrte Touren, Ausfl\u00fcge in die Natur, originelle Besichtigungen [&hellip;]<\/p>\n","protected":false},"author":3,"featured_media":0,"parent":10814,"menu_order":0,"comment_status":"closed","ping_status":"closed","template":"","meta":{"footnotes":""},"class_list":["post-10698","page","type-page","status-publish","hentry"],"yoast_head":"<!-- This site is optimized with the Yoast SEO plugin v26.8 - https:\/\/yoast.com\/product\/yoast-seo-wordpress\/ -->\n<title>Eine Aktivit\u00e4t buchen - Office de Tourisme du Pays de Forbach<\/title>\n<meta name=\"robots\" content=\"index, follow, max-snippet:-1, max-image-preview:large, max-video-preview:-1\" \/>\n<link rel=\"canonical\" href=\"https:\/\/paysdeforbach.com\/de\/planung\/eine-aktivitaet-buchen\/\" \/>\n<meta property=\"og:locale\" content=\"de_DE\" \/>\n<meta property=\"og:type\" content=\"article\" \/>\n<meta property=\"og:title\" content=\"Eine Aktivit\u00e4t buchen - Office de Tourisme du Pays de Forbach\" \/>\n<meta property=\"og:description\" content=\"Eine Aktivit\u00e4t buchen Zahlreiche F\u00fchrungen werden organisiert, um das Pays de Forbach zu entdecken! Das Tourismusb\u00fcro l\u00e4dt Sie ein, einzigartige Erlebnisse zu erleben und die Region auf andere Weise zu entdecken Das ganze Jahr \u00fcber werden Ihnen zahlreiche Termine und Aktivit\u00e4ten angeboten: Begegnungen mit Produzenten und Handwerkern, gef\u00fchrte Touren, Ausfl\u00fcge in die Natur, originelle Besichtigungen [&hellip;]\" \/>\n<meta property=\"og:url\" content=\"https:\/\/paysdeforbach.com\/de\/planung\/eine-aktivitaet-buchen\/\" \/>\n<meta property=\"og:site_name\" content=\"Office de Tourisme du Pays de Forbach\" \/>\n<meta property=\"article:modified_time\" content=\"2026-03-18T10:08:32+00:00\" \/>\n<meta property=\"og:image\" content=\"https:\/\/paysdeforbach.com\/wp-content\/uploads\/2025\/11\/Randonnee-a-pied.webp\" \/>\n<meta name=\"twitter:card\" content=\"summary_large_image\" \/>\n<script type=\"application\/ld+json\" class=\"yoast-schema-graph\">{\"@context\":\"https:\/\/schema.org\",\"@graph\":[{\"@type\":\"WebPage\",\"@id\":\"https:\/\/paysdeforbach.com\/de\/planung\/eine-aktivitaet-buchen\/\",\"url\":\"https:\/\/paysdeforbach.com\/de\/planung\/eine-aktivitaet-buchen\/\",\"name\":\"Eine Aktivit\u00e4t buchen - Office de Tourisme du Pays de Forbach\",\"isPartOf\":{\"@id\":\"https:\/\/paysdeforbach.com\/de\/#website\"},\"primaryImageOfPage\":{\"@id\":\"https:\/\/paysdeforbach.com\/de\/planung\/eine-aktivitaet-buchen\/#primaryimage\"},\"image\":{\"@id\":\"https:\/\/paysdeforbach.com\/de\/planung\/eine-aktivitaet-buchen\/#primaryimage\"},\"thumbnailUrl\":\"https:\/\/paysdeforbach.com\/wp-content\/uploads\/2025\/11\/Randonnee-a-pied.webp\",\"datePublished\":\"2025-10-15T12:44:06+00:00\",\"dateModified\":\"2026-03-18T10:08:32+00:00\",\"breadcrumb\":{\"@id\":\"https:\/\/paysdeforbach.com\/de\/planung\/eine-aktivitaet-buchen\/#breadcrumb\"},\"inLanguage\":\"de\",\"potentialAction\":[{\"@type\":\"ReadAction\",\"target\":[\"https:\/\/paysdeforbach.com\/de\/planung\/eine-aktivitaet-buchen\/\"]}]},{\"@type\":\"ImageObject\",\"inLanguage\":\"de\",\"@id\":\"https:\/\/paysdeforbach.com\/de\/planung\/eine-aktivitaet-buchen\/#primaryimage\",\"url\":\"https:\/\/paysdeforbach.com\/wp-content\/uploads\/2025\/11\/Randonnee-a-pied.webp\",\"contentUrl\":\"https:\/\/paysdeforbach.com\/wp-content\/uploads\/2025\/11\/Randonnee-a-pied.webp\"},{\"@type\":\"BreadcrumbList\",\"@id\":\"https:\/\/paysdeforbach.com\/de\/planung\/eine-aktivitaet-buchen\/#breadcrumb\",\"itemListElement\":[{\"@type\":\"ListItem\",\"position\":1,\"name\":\"Accueil\",\"item\":\"https:\/\/paysdeforbach.com\/de\/\"},{\"@type\":\"ListItem\",\"position\":2,\"name\":\"Planung\",\"item\":\"https:\/\/paysdeforbach.com\/de\/planung\/\"},{\"@type\":\"ListItem\",\"position\":3,\"name\":\"Eine Aktivit\u00e4t buchen\"}]},{\"@type\":\"WebSite\",\"@id\":\"https:\/\/paysdeforbach.com\/de\/#website\",\"url\":\"https:\/\/paysdeforbach.com\/de\/\",\"name\":\"OT Pays de Forbach\",\"description\":\"\",\"publisher\":{\"@id\":\"https:\/\/paysdeforbach.com\/de\/#organization\"},\"potentialAction\":[{\"@type\":\"SearchAction\",\"target\":{\"@type\":\"EntryPoint\",\"urlTemplate\":\"https:\/\/paysdeforbach.com\/de\/?s={search_term_string}\"},\"query-input\":{\"@type\":\"PropertyValueSpecification\",\"valueRequired\":true,\"valueName\":\"search_term_string\"}}],\"inLanguage\":\"de\"},{\"@type\":\"Organization\",\"@id\":\"https:\/\/paysdeforbach.com\/de\/#organization\",\"name\":\"OT Pays de Forbach\",\"url\":\"https:\/\/paysdeforbach.com\/de\/\",\"logo\":{\"@type\":\"ImageObject\",\"inLanguage\":\"de\",\"@id\":\"https:\/\/paysdeforbach.com\/de\/#\/schema\/logo\/image\/\",\"url\":\"https:\/\/paysdeforbach.com\/wp-content\/uploads\/2025\/11\/cropped-logo-Pays-de-Forbach_Quadri.webp\",\"contentUrl\":\"https:\/\/paysdeforbach.com\/wp-content\/uploads\/2025\/11\/cropped-logo-Pays-de-Forbach_Quadri.webp\",\"width\":623,\"height\":356,\"caption\":\"OT Pays de Forbach\"},\"image\":{\"@id\":\"https:\/\/paysdeforbach.com\/de\/#\/schema\/logo\/image\/\"}}]}<\/script>\n<!-- \/ Yoast SEO plugin. -->","yoast_head_json":{"title":"Eine Aktivit\u00e4t buchen - Office de Tourisme du Pays de Forbach","robots":{"index":"index","follow":"follow","max-snippet":"max-snippet:-1","max-image-preview":"max-image-preview:large","max-video-preview":"max-video-preview:-1"},"canonical":"https:\/\/paysdeforbach.com\/de\/planung\/eine-aktivitaet-buchen\/","og_locale":"de_DE","og_type":"article","og_title":"Eine Aktivit\u00e4t buchen - Office de Tourisme du Pays de Forbach","og_description":"Eine Aktivit\u00e4t buchen Zahlreiche F\u00fchrungen werden organisiert, um das Pays de Forbach zu entdecken! Das Tourismusb\u00fcro l\u00e4dt Sie ein, einzigartige Erlebnisse zu erleben und die Region auf andere Weise zu entdecken Das ganze Jahr \u00fcber werden Ihnen zahlreiche Termine und Aktivit\u00e4ten angeboten: Begegnungen mit Produzenten und Handwerkern, gef\u00fchrte Touren, Ausfl\u00fcge in die Natur, originelle Besichtigungen [&hellip;]","og_url":"https:\/\/paysdeforbach.com\/de\/planung\/eine-aktivitaet-buchen\/","og_site_name":"Office de Tourisme du Pays de Forbach","article_modified_time":"2026-03-18T10:08:32+00:00","og_image":[{"url":"https:\/\/paysdeforbach.com\/wp-content\/uploads\/2025\/11\/Randonnee-a-pied.webp","type":"","width":"","height":""}],"twitter_card":"summary_large_image","schema":{"@context":"https:\/\/schema.org","@graph":[{"@type":"WebPage","@id":"https:\/\/paysdeforbach.com\/de\/planung\/eine-aktivitaet-buchen\/","url":"https:\/\/paysdeforbach.com\/de\/planung\/eine-aktivitaet-buchen\/","name":"Eine Aktivit\u00e4t buchen - Office de Tourisme du Pays de Forbach","isPartOf":{"@id":"https:\/\/paysdeforbach.com\/de\/#website"},"primaryImageOfPage":{"@id":"https:\/\/paysdeforbach.com\/de\/planung\/eine-aktivitaet-buchen\/#primaryimage"},"image":{"@id":"https:\/\/paysdeforbach.com\/de\/planung\/eine-aktivitaet-buchen\/#primaryimage"},"thumbnailUrl":"https:\/\/paysdeforbach.com\/wp-content\/uploads\/2025\/11\/Randonnee-a-pied.webp","datePublished":"2025-10-15T12:44:06+00:00","dateModified":"2026-03-18T10:08:32+00:00","breadcrumb":{"@id":"https:\/\/paysdeforbach.com\/de\/planung\/eine-aktivitaet-buchen\/#breadcrumb"},"inLanguage":"de","potentialAction":[{"@type":"ReadAction","target":["https:\/\/paysdeforbach.com\/de\/planung\/eine-aktivitaet-buchen\/"]}]},{"@type":"ImageObject","inLanguage":"de","@id":"https:\/\/paysdeforbach.com\/de\/planung\/eine-aktivitaet-buchen\/#primaryimage","url":"https:\/\/paysdeforbach.com\/wp-content\/uploads\/2025\/11\/Randonnee-a-pied.webp","contentUrl":"https:\/\/paysdeforbach.com\/wp-content\/uploads\/2025\/11\/Randonnee-a-pied.webp"},{"@type":"BreadcrumbList","@id":"https:\/\/paysdeforbach.com\/de\/planung\/eine-aktivitaet-buchen\/#breadcrumb","itemListElement":[{"@type":"ListItem","position":1,"name":"Accueil","item":"https:\/\/paysdeforbach.com\/de\/"},{"@type":"ListItem","position":2,"name":"Planung","item":"https:\/\/paysdeforbach.com\/de\/planung\/"},{"@type":"ListItem","position":3,"name":"Eine Aktivit\u00e4t buchen"}]},{"@type":"WebSite","@id":"https:\/\/paysdeforbach.com\/de\/#website","url":"https:\/\/paysdeforbach.com\/de\/","name":"OT Pays de Forbach","description":"","publisher":{"@id":"https:\/\/paysdeforbach.com\/de\/#organization"},"potentialAction":[{"@type":"SearchAction","target":{"@type":"EntryPoint","urlTemplate":"https:\/\/paysdeforbach.com\/de\/?s={search_term_string}"},"query-input":{"@type":"PropertyValueSpecification","valueRequired":true,"valueName":"search_term_string"}}],"inLanguage":"de"},{"@type":"Organization","@id":"https:\/\/paysdeforbach.com\/de\/#organization","name":"OT Pays de Forbach","url":"https:\/\/paysdeforbach.com\/de\/","logo":{"@type":"ImageObject","inLanguage":"de","@id":"https:\/\/paysdeforbach.com\/de\/#\/schema\/logo\/image\/","url":"https:\/\/paysdeforbach.com\/wp-content\/uploads\/2025\/11\/cropped-logo-Pays-de-Forbach_Quadri.webp","contentUrl":"https:\/\/paysdeforbach.com\/wp-content\/uploads\/2025\/11\/cropped-logo-Pays-de-Forbach_Quadri.webp","width":623,"height":356,"caption":"OT Pays de Forbach"},"image":{"@id":"https:\/\/paysdeforbach.com\/de\/#\/schema\/logo\/image\/"}}]}},"_links":{"self":[{"href":"https:\/\/paysdeforbach.com\/de\/wp-json\/wp\/v2\/pages\/10698","targetHints":{"allow":["GET"]}}],"collection":[{"href":"https:\/\/paysdeforbach.com\/de\/wp-json\/wp\/v2\/pages"}],"about":[{"href":"https:\/\/paysdeforbach.com\/de\/wp-json\/wp\/v2\/types\/page"}],"author":[{"embeddable":true,"href":"https:\/\/paysdeforbach.com\/de\/wp-json\/wp\/v2\/users\/3"}],"replies":[{"embeddable":true,"href":"https:\/\/paysdeforbach.com\/de\/wp-json\/wp\/v2\/comments?post=10698"}],"version-history":[{"count":2,"href":"https:\/\/paysdeforbach.com\/de\/wp-json\/wp\/v2\/pages\/10698\/revisions"}],"predecessor-version":[{"id":10701,"href":"https:\/\/paysdeforbach.com\/de\/wp-json\/wp\/v2\/pages\/10698\/revisions\/10701"}],"up":[{"embeddable":true,"href":"https:\/\/paysdeforbach.com\/de\/wp-json\/wp\/v2\/pages\/10814"}],"wp:attachment":[{"href":"https:\/\/paysdeforbach.com\/de\/wp-json\/wp\/v2\/media?parent=10698"}],"curies":[{"name":"wp","href":"https:\/\/api.w.org\/{rel}","templated":true}]}}