{"id":10711,"date":"2025-10-15T07:42:58","date_gmt":"2025-10-15T07:42:58","guid":{"rendered":"https:\/\/paysdeforbach.com\/besuchen-sie-uns\/ueber-uns\/"},"modified":"2026-03-18T10:08:20","modified_gmt":"2026-03-18T10:08:20","slug":"ueber-uns","status":"publish","type":"page","link":"https:\/\/paysdeforbach.com\/de\/besuchen-sie-uns\/ueber-uns\/","title":{"rendered":"\u00dcber uns"},"content":{"rendered":"\t\t<div data-elementor-type=\"wp-page\" data-elementor-id=\"10711\" class=\"elementor elementor-10711 elementor-2739\" data-elementor-post-type=\"page\">\n\t\t\t\t<div class=\"elementor-element elementor-element-523f043b e-con-full e-flex e-con e-parent\" data-id=\"523f043b\" data-element_type=\"container\">\n\t\t<section class=\"elementor-element elementor-element-47c373 e-con-full e-flex e-con e-child\" data-id=\"47c373\" data-element_type=\"container\" data-settings=\"{&quot;background_background&quot;:&quot;classic&quot;}\">\n\t\t\t\t<div class=\"elementor-element elementor-element-796d20fd elementor-widget elementor-widget-heading\" data-id=\"796d20fd\" data-element_type=\"widget\" data-widget_type=\"heading.default\">\n\t\t\t\t\t<h2 class=\"elementor-heading-title elementor-size-default\">\u00dcber uns<\/h2>\t\t\t\t<\/div>\n\t\t\t\t<\/section>\n\t\t\t\t<div class=\"elementor-element elementor-element-27259ed elementor-widget elementor-widget-breadcrumbs\" data-id=\"27259ed\" data-element_type=\"widget\" data-widget_type=\"breadcrumbs.default\">\n\t\t\t\t\t<span id=\"breadcrumbs\"><span><span><a href=\"https:\/\/paysdeforbach.com\/de\/\">Accueil<\/a><\/span><\/span><\/span>\t\t\t\t<\/div>\n\t\t\t\t<div class=\"elementor-element elementor-element-3a15cd4 elementor-widget elementor-widget-image\" data-id=\"3a15cd4\" data-element_type=\"widget\" data-widget_type=\"image.default\">\n\t\t\t\t\t\t\t\t\t\t\t\t\t\t\t<img fetchpriority=\"high\" decoding=\"async\" width=\"623\" height=\"356\" src=\"https:\/\/paysdeforbach.com\/wp-content\/uploads\/2025\/11\/logo-Pays-de-Forbach_Quadri.webp\" class=\"attachment-full size-full wp-image-10712\" alt=\"\" srcset=\"https:\/\/paysdeforbach.com\/wp-content\/uploads\/2025\/11\/logo-Pays-de-Forbach_Quadri.webp 623w, https:\/\/paysdeforbach.com\/wp-content\/uploads\/2025\/11\/logo-Pays-de-Forbach_Quadri-300x171.webp 300w\" sizes=\"(max-width: 623px) 100vw, 623px\" \/>\t\t\t\t\t\t\t\t\t\t\t\t\t\t\t<\/div>\n\t\t<div class=\"elementor-element elementor-element-144a757 e-con-full e-flex e-con e-child\" data-id=\"144a757\" data-element_type=\"container\">\n\t\t<div class=\"elementor-element elementor-element-4515f5d e-con-full e-flex e-con e-child\" data-id=\"4515f5d\" data-element_type=\"container\" data-settings=\"{&quot;background_background&quot;:&quot;classic&quot;}\">\n\t\t<div class=\"elementor-element elementor-element-b64737c e-grid e-con-full e-con e-child\" data-id=\"b64737c\" data-element_type=\"container\" data-settings=\"{&quot;background_background&quot;:&quot;classic&quot;}\">\n\t\t\t\t<div class=\"elementor-element elementor-element-dc41145 elementor-widget__width-initial elementor-widget elementor-widget-text-editor\" data-id=\"dc41145\" data-element_type=\"widget\" data-widget_type=\"text-editor.default\">\n\t\t\t\t\t\t\t\t\t<p><strong>Pays de Forbach, ich bin begeistert! Im Herzen des Pays de Forbach spielt das Tourismusb\u00fcro eine Schl\u00fcsselrolle f\u00fcr Einwohner und Touristen. Wir sind Ihre Anlaufstelle f\u00fcr lokale Informationen.  <\/strong><\/p><p>Wir informieren Sie und erleichtern Ihnen den Zugang zu Veranstaltungen, Unterhaltung, Freizeitaktivit\u00e4ten und n\u00fctzlichen Dienstleistungen der Region (Gastronomie, Unterk\u00fcnfte, praktische Dienstleistungen...).<\/p><p>Wir bieten Ihnen eine Vielzahl von Dienstleistungen an: Verteilung thematischer Brosch\u00fcren (Veranstaltungskalender, Gastronomie, Unterk\u00fcnfte...), Bereitstellung detaillierter Wanderkarten, Verkauf lokaler Produkte, Ticketverkauf f\u00fcr Ihre Lieblingsveranstaltungen, Geschenkideen, ma\u00dfgeschneiderte Informationen, Entdeckung von Handwerkern, Programm hochwertiger Aktivit\u00e4ten und Unterhaltung. Das ganze Jahr \u00fcber setzen sich Handwerker, H\u00e4ndler, Hoteliers, Gastronomen und lokale Akteure daf\u00fcr ein, die Region durch ihr Know-how und ihre Leidenschaft lebendig zu halten. Ihr herzlicher Empfang und ihre Dynamik tragen dazu bei, das Pays de Forbach zu einem Reiseziel zu machen, das es zu entdecken und zu genie\u00dfen gilt.  <\/p><p><strong>Das ganze Jahr \u00fcber empf\u00e4ngt Sie unser Team im Ch\u00e2teau Barrabino, um Sie pers\u00f6nlich zu beraten und Ihre Bed\u00fcrfnisse zu erf\u00fcllen.<\/strong><\/p>\t\t\t\t\t\t\t\t<\/div>\n\t\t<div class=\"elementor-element elementor-element-efb9e1e e-con-full e-flex e-con e-child\" data-id=\"efb9e1e\" data-element_type=\"container\">\n\t\t\t\t<div class=\"elementor-element elementor-element-f386ad3 elementor-arrows-position-inside elementor-widget elementor-widget-image-carousel\" data-id=\"f386ad3\" data-element_type=\"widget\" data-settings=\"{&quot;slides_to_show&quot;:&quot;1&quot;,&quot;navigation&quot;:&quot;arrows&quot;,&quot;effect&quot;:&quot;fade&quot;,&quot;autoplay&quot;:&quot;yes&quot;,&quot;pause_on_hover&quot;:&quot;yes&quot;,&quot;pause_on_interaction&quot;:&quot;yes&quot;,&quot;autoplay_speed&quot;:5000,&quot;infinite&quot;:&quot;yes&quot;,&quot;speed&quot;:500}\" data-widget_type=\"image-carousel.default\">\n\t\t\t\t\t\t\t<div class=\"elementor-image-carousel-wrapper swiper\" role=\"region\" aria-roledescription=\"carousel\" aria-label=\"Image Carousel\" dir=\"ltr\">\n\t\t\t<div class=\"elementor-image-carousel swiper-wrapper\" aria-live=\"off\">\n\t\t\t\t\t\t\t\t<div class=\"swiper-slide\" role=\"group\" aria-roledescription=\"slide\" aria-label=\"1 von 1\"><figure class=\"swiper-slide-inner\"><img decoding=\"async\" class=\"swiper-slide-image\" src=\"https:\/\/paysdeforbach.com\/wp-content\/uploads\/2025\/11\/photo-chateau-OT.webp\" alt=\"Schloss\" \/><\/figure><\/div>\t\t\t<\/div>\n\t\t\t\t\t<\/div>\n\t\t\t\t\t\t<\/div>\n\t\t\t\t<\/div>\n\t\t\t\t<\/div>\n\t\t\t\t<\/div>\n\t\t\t\t<\/div>\n\t\t\t\t<\/div>\n\t\t<div class=\"elementor-element elementor-element-73faf543 e-con-full e-flex e-con e-child\" data-id=\"73faf543\" data-element_type=\"container\">\n\t\t\t\t<div class=\"elementor-element elementor-element-716101a5 elementor-widget elementor-widget-heading\" data-id=\"716101a5\" data-element_type=\"widget\" data-widget_type=\"heading.default\">\n\t\t\t\t\t<h5 class=\"elementor-heading-title elementor-size-default\">Teilen Sie diesen Inhalt!<\/h5>\t\t\t\t<\/div>\n\t\t\t\t<div class=\"elementor-element elementor-element-482500c7 elementor-share-buttons--view-icon elementor-share-buttons--shape-circle elementor-share-buttons--color-custom elementor-share-buttons--skin-gradient elementor-grid-0 elementor-widget elementor-widget-share-buttons\" data-id=\"482500c7\" data-element_type=\"widget\" data-widget_type=\"share-buttons.default\">\n\t\t\t\t\t\t\t<div class=\"elementor-grid\" role=\"list\">\n\t\t\t\t\t\t\t\t<div class=\"elementor-grid-item\" role=\"listitem\">\n\t\t\t\t\t\t<div class=\"elementor-share-btn elementor-share-btn_facebook\" role=\"button\" tabindex=\"0\" aria-label=\"Teilen auf facebook\">\n\t\t\t\t\t\t\t\t\t\t\t\t\t\t\t<span class=\"elementor-share-btn__icon\">\n\t\t\t\t\t\t\t\t<svg aria-hidden=\"true\" class=\"e-font-icon-svg e-fab-facebook\" viewBox=\"0 0 512 512\" xmlns=\"http:\/\/www.w3.org\/2000\/svg\"><path d=\"M504 256C504 119 393 8 256 8S8 119 8 256c0 123.78 90.69 226.38 209.25 245V327.69h-63V256h63v-54.64c0-62.15 37-96.48 93.67-96.48 27.14 0 55.52 4.84 55.52 4.84v61h-31.28c-30.8 0-40.41 19.12-40.41 38.73V256h68.78l-11 71.69h-57.78V501C413.31 482.38 504 379.78 504 256z\"><\/path><\/svg>\t\t\t\t\t\t\t<\/span>\n\t\t\t\t\t\t\t\t\t\t\t\t\t\t\t\t\t\t\t\t<\/div>\n\t\t\t\t\t<\/div>\n\t\t\t\t\t\t\t\t\t<div class=\"elementor-grid-item\" role=\"listitem\">\n\t\t\t\t\t\t<div class=\"elementor-share-btn elementor-share-btn_x-twitter\" role=\"button\" tabindex=\"0\" aria-label=\"Teilen auf x-twitter\">\n\t\t\t\t\t\t\t\t\t\t\t\t\t\t\t<span class=\"elementor-share-btn__icon\">\n\t\t\t\t\t\t\t\t<svg aria-hidden=\"true\" class=\"e-font-icon-svg e-fab-x-twitter\" viewBox=\"0 0 512 512\" xmlns=\"http:\/\/www.w3.org\/2000\/svg\"><path d=\"M389.2 48h70.6L305.6 224.2 487 464H345L233.7 318.6 106.5 464H35.8L200.7 275.5 26.8 48H172.4L272.9 180.9 389.2 48zM364.4 421.8h39.1L151.1 88h-42L364.4 421.8z\"><\/path><\/svg>\t\t\t\t\t\t\t<\/span>\n\t\t\t\t\t\t\t\t\t\t\t\t\t\t\t\t\t\t\t\t<\/div>\n\t\t\t\t\t<\/div>\n\t\t\t\t\t\t\t\t\t<div class=\"elementor-grid-item\" role=\"listitem\">\n\t\t\t\t\t\t<div class=\"elementor-share-btn elementor-share-btn_linkedin\" role=\"button\" tabindex=\"0\" aria-label=\"Teilen auf linkedin\">\n\t\t\t\t\t\t\t\t\t\t\t\t\t\t\t<span class=\"elementor-share-btn__icon\">\n\t\t\t\t\t\t\t\t<svg aria-hidden=\"true\" class=\"e-font-icon-svg e-fab-linkedin\" viewBox=\"0 0 448 512\" xmlns=\"http:\/\/www.w3.org\/2000\/svg\"><path d=\"M416 32H31.9C14.3 32 0 46.5 0 64.3v383.4C0 465.5 14.3 480 31.9 480H416c17.6 0 32-14.5 32-32.3V64.3c0-17.8-14.4-32.3-32-32.3zM135.4 416H69V202.2h66.5V416zm-33.2-243c-21.3 0-38.5-17.3-38.5-38.5S80.9 96 102.2 96c21.2 0 38.5 17.3 38.5 38.5 0 21.3-17.2 38.5-38.5 38.5zm282.1 243h-66.4V312c0-24.8-.5-56.7-34.5-56.7-34.6 0-39.9 27-39.9 54.9V416h-66.4V202.2h63.7v29.2h.9c8.9-16.8 30.6-34.5 62.9-34.5 67.2 0 79.7 44.3 79.7 101.9V416z\"><\/path><\/svg>\t\t\t\t\t\t\t<\/span>\n\t\t\t\t\t\t\t\t\t\t\t\t\t\t\t\t\t\t\t\t<\/div>\n\t\t\t\t\t<\/div>\n\t\t\t\t\t\t\t\t\t<div class=\"elementor-grid-item\" role=\"listitem\">\n\t\t\t\t\t\t<div class=\"elementor-share-btn elementor-share-btn_email\" role=\"button\" tabindex=\"0\" aria-label=\"Teilen auf email\">\n\t\t\t\t\t\t\t\t\t\t\t\t\t\t\t<span class=\"elementor-share-btn__icon\">\n\t\t\t\t\t\t\t\t<svg aria-hidden=\"true\" class=\"e-font-icon-svg e-fas-envelope\" viewBox=\"0 0 512 512\" xmlns=\"http:\/\/www.w3.org\/2000\/svg\"><path d=\"M502.3 190.8c3.9-3.1 9.7-.2 9.7 4.7V400c0 26.5-21.5 48-48 48H48c-26.5 0-48-21.5-48-48V195.6c0-5 5.7-7.8 9.7-4.7 22.4 17.4 52.1 39.5 154.1 113.6 21.1 15.4 56.7 47.8 92.2 47.6 35.7.3 72-32.8 92.3-47.6 102-74.1 131.6-96.3 154-113.7zM256 320c23.2.4 56.6-29.2 73.4-41.4 132.7-96.3 142.8-104.7 173.4-128.7 5.8-4.5 9.2-11.5 9.2-18.9v-19c0-26.5-21.5-48-48-48H48C21.5 64 0 85.5 0 112v19c0 7.4 3.4 14.3 9.2 18.9 30.6 23.9 40.7 32.4 173.4 128.7 16.8 12.2 50.2 41.8 73.4 41.4z\"><\/path><\/svg>\t\t\t\t\t\t\t<\/span>\n\t\t\t\t\t\t\t\t\t\t\t\t\t\t\t\t\t\t\t\t<\/div>\n\t\t\t\t\t<\/div>\n\t\t\t\t\t\t\t\t\t<div class=\"elementor-grid-item\" role=\"listitem\">\n\t\t\t\t\t\t<div class=\"elementor-share-btn elementor-share-btn_whatsapp\" role=\"button\" tabindex=\"0\" aria-label=\"Teilen auf whatsapp\">\n\t\t\t\t\t\t\t\t\t\t\t\t\t\t\t<span class=\"elementor-share-btn__icon\">\n\t\t\t\t\t\t\t\t<svg aria-hidden=\"true\" class=\"e-font-icon-svg e-fab-whatsapp\" viewBox=\"0 0 448 512\" xmlns=\"http:\/\/www.w3.org\/2000\/svg\"><path d=\"M380.9 97.1C339 55.1 283.2 32 223.9 32c-122.4 0-222 99.6-222 222 0 39.1 10.2 77.3 29.6 111L0 480l117.7-30.9c32.4 17.7 68.9 27 106.1 27h.1c122.3 0 224.1-99.6 224.1-222 0-59.3-25.2-115-67.1-157zm-157 341.6c-33.2 0-65.7-8.9-94-25.7l-6.7-4-69.8 18.3L72 359.2l-4.4-7c-18.5-29.4-28.2-63.3-28.2-98.2 0-101.7 82.8-184.5 184.6-184.5 49.3 0 95.6 19.2 130.4 54.1 34.8 34.9 56.2 81.2 56.1 130.5 0 101.8-84.9 184.6-186.6 184.6zm101.2-138.2c-5.5-2.8-32.8-16.2-37.9-18-5.1-1.9-8.8-2.8-12.5 2.8-3.7 5.6-14.3 18-17.6 21.8-3.2 3.7-6.5 4.2-12 1.4-32.6-16.3-54-29.1-75.5-66-5.7-9.8 5.7-9.1 16.3-30.3 1.8-3.7.9-6.9-.5-9.7-1.4-2.8-12.5-30.1-17.1-41.2-4.5-10.8-9.1-9.3-12.5-9.5-3.2-.2-6.9-.2-10.6-.2-3.7 0-9.7 1.4-14.8 6.9-5.1 5.6-19.4 19-19.4 46.3 0 27.3 19.9 53.7 22.6 57.4 2.8 3.7 39.1 59.7 94.8 83.8 35.2 15.2 49 16.5 66.6 13.9 10.7-1.6 32.8-13.4 37.4-26.4 4.6-13 4.6-24.1 3.2-26.4-1.3-2.5-5-3.9-10.5-6.6z\"><\/path><\/svg>\t\t\t\t\t\t\t<\/span>\n\t\t\t\t\t\t\t\t\t\t\t\t\t\t\t\t\t\t\t\t<\/div>\n\t\t\t\t\t<\/div>\n\t\t\t\t\t\t<\/div>\n\t\t\t\t\t\t<\/div>\n\t\t\t\t<\/div>\n\t\t\t\t<\/div>\n\t\t","protected":false},"excerpt":{"rendered":"<p>\u00dcber uns Pays de Forbach, ich bin begeistert! Im Herzen des Pays de Forbach spielt das Tourismusb\u00fcro eine Schl\u00fcsselrolle f\u00fcr Einwohner und Touristen. Wir sind Ihre Anlaufstelle f\u00fcr lokale Informationen. Wir informieren Sie und erleichtern Ihnen den Zugang zu Veranstaltungen, Unterhaltung, Freizeitaktivit\u00e4ten und n\u00fctzlichen Dienstleistungen der Region (Gastronomie, Unterk\u00fcnfte, praktische Dienstleistungen...). Wir bieten Ihnen eine [&hellip;]<\/p>\n","protected":false},"author":3,"featured_media":0,"parent":10666,"menu_order":0,"comment_status":"closed","ping_status":"closed","template":"","meta":{"footnotes":""},"class_list":["post-10711","page","type-page","status-publish","hentry"],"yoast_head":"<!-- This site is optimized with the Yoast SEO plugin v26.8 - https:\/\/yoast.com\/product\/yoast-seo-wordpress\/ -->\n<title>\u00dcber uns - Office de Tourisme du Pays de Forbach<\/title>\n<meta name=\"robots\" content=\"index, follow, max-snippet:-1, max-image-preview:large, max-video-preview:-1\" \/>\n<link rel=\"canonical\" href=\"https:\/\/paysdeforbach.com\/de\/besuchen-sie-uns\/ueber-uns\/\" \/>\n<meta property=\"og:locale\" content=\"de_DE\" \/>\n<meta property=\"og:type\" content=\"article\" \/>\n<meta property=\"og:title\" content=\"\u00dcber uns - Office de Tourisme du Pays de Forbach\" \/>\n<meta property=\"og:description\" content=\"\u00dcber uns Pays de Forbach, ich bin begeistert! Im Herzen des Pays de Forbach spielt das Tourismusb\u00fcro eine Schl\u00fcsselrolle f\u00fcr Einwohner und Touristen. Wir sind Ihre Anlaufstelle f\u00fcr lokale Informationen. Wir informieren Sie und erleichtern Ihnen den Zugang zu Veranstaltungen, Unterhaltung, Freizeitaktivit\u00e4ten und n\u00fctzlichen Dienstleistungen der Region (Gastronomie, Unterk\u00fcnfte, praktische Dienstleistungen...). Wir bieten Ihnen eine [&hellip;]\" \/>\n<meta property=\"og:url\" content=\"https:\/\/paysdeforbach.com\/de\/besuchen-sie-uns\/ueber-uns\/\" \/>\n<meta property=\"og:site_name\" content=\"Office de Tourisme du Pays de Forbach\" \/>\n<meta property=\"article:modified_time\" content=\"2026-03-18T10:08:20+00:00\" \/>\n<meta property=\"og:image\" content=\"https:\/\/paysdeforbach.com\/wp-content\/uploads\/2025\/11\/logo-Pays-de-Forbach_Quadri.webp\" \/>\n<meta name=\"twitter:card\" content=\"summary_large_image\" \/>\n<meta name=\"twitter:label1\" content=\"Gesch\u00e4tzte Lesezeit\" \/>\n\t<meta name=\"twitter:data1\" content=\"1\u00a0Minute\" \/>\n<script type=\"application\/ld+json\" class=\"yoast-schema-graph\">{\"@context\":\"https:\/\/schema.org\",\"@graph\":[{\"@type\":\"WebPage\",\"@id\":\"https:\/\/paysdeforbach.com\/de\/besuchen-sie-uns\/ueber-uns\/\",\"url\":\"https:\/\/paysdeforbach.com\/de\/besuchen-sie-uns\/ueber-uns\/\",\"name\":\"\u00dcber uns - Office de Tourisme du Pays de Forbach\",\"isPartOf\":{\"@id\":\"https:\/\/paysdeforbach.com\/de\/#website\"},\"primaryImageOfPage\":{\"@id\":\"https:\/\/paysdeforbach.com\/de\/besuchen-sie-uns\/ueber-uns\/#primaryimage\"},\"image\":{\"@id\":\"https:\/\/paysdeforbach.com\/de\/besuchen-sie-uns\/ueber-uns\/#primaryimage\"},\"thumbnailUrl\":\"https:\/\/paysdeforbach.com\/wp-content\/uploads\/2025\/11\/logo-Pays-de-Forbach_Quadri.webp\",\"datePublished\":\"2025-10-15T07:42:58+00:00\",\"dateModified\":\"2026-03-18T10:08:20+00:00\",\"breadcrumb\":{\"@id\":\"https:\/\/paysdeforbach.com\/de\/besuchen-sie-uns\/ueber-uns\/#breadcrumb\"},\"inLanguage\":\"de\",\"potentialAction\":[{\"@type\":\"ReadAction\",\"target\":[\"https:\/\/paysdeforbach.com\/de\/besuchen-sie-uns\/ueber-uns\/\"]}]},{\"@type\":\"ImageObject\",\"inLanguage\":\"de\",\"@id\":\"https:\/\/paysdeforbach.com\/de\/besuchen-sie-uns\/ueber-uns\/#primaryimage\",\"url\":\"https:\/\/paysdeforbach.com\/wp-content\/uploads\/2025\/11\/logo-Pays-de-Forbach_Quadri.webp\",\"contentUrl\":\"https:\/\/paysdeforbach.com\/wp-content\/uploads\/2025\/11\/logo-Pays-de-Forbach_Quadri.webp\"},{\"@type\":\"BreadcrumbList\",\"@id\":\"https:\/\/paysdeforbach.com\/de\/besuchen-sie-uns\/ueber-uns\/#breadcrumb\",\"itemListElement\":[{\"@type\":\"ListItem\",\"position\":1,\"name\":\"Accueil\",\"item\":\"https:\/\/paysdeforbach.com\/de\/\"},{\"@type\":\"ListItem\",\"position\":2,\"name\":\"Besuchen Sie uns\",\"item\":\"https:\/\/paysdeforbach.com\/de\/besuchen-sie-uns\/\"},{\"@type\":\"ListItem\",\"position\":3,\"name\":\"\u00dcber uns\"}]},{\"@type\":\"WebSite\",\"@id\":\"https:\/\/paysdeforbach.com\/de\/#website\",\"url\":\"https:\/\/paysdeforbach.com\/de\/\",\"name\":\"OT Pays de Forbach\",\"description\":\"\",\"publisher\":{\"@id\":\"https:\/\/paysdeforbach.com\/de\/#organization\"},\"potentialAction\":[{\"@type\":\"SearchAction\",\"target\":{\"@type\":\"EntryPoint\",\"urlTemplate\":\"https:\/\/paysdeforbach.com\/de\/?s={search_term_string}\"},\"query-input\":{\"@type\":\"PropertyValueSpecification\",\"valueRequired\":true,\"valueName\":\"search_term_string\"}}],\"inLanguage\":\"de\"},{\"@type\":\"Organization\",\"@id\":\"https:\/\/paysdeforbach.com\/de\/#organization\",\"name\":\"OT Pays de Forbach\",\"url\":\"https:\/\/paysdeforbach.com\/de\/\",\"logo\":{\"@type\":\"ImageObject\",\"inLanguage\":\"de\",\"@id\":\"https:\/\/paysdeforbach.com\/de\/#\/schema\/logo\/image\/\",\"url\":\"https:\/\/paysdeforbach.com\/wp-content\/uploads\/2025\/11\/cropped-logo-Pays-de-Forbach_Quadri.webp\",\"contentUrl\":\"https:\/\/paysdeforbach.com\/wp-content\/uploads\/2025\/11\/cropped-logo-Pays-de-Forbach_Quadri.webp\",\"width\":623,\"height\":356,\"caption\":\"OT Pays de Forbach\"},\"image\":{\"@id\":\"https:\/\/paysdeforbach.com\/de\/#\/schema\/logo\/image\/\"}}]}<\/script>\n<!-- \/ Yoast SEO plugin. -->","yoast_head_json":{"title":"\u00dcber uns - Office de Tourisme du Pays de Forbach","robots":{"index":"index","follow":"follow","max-snippet":"max-snippet:-1","max-image-preview":"max-image-preview:large","max-video-preview":"max-video-preview:-1"},"canonical":"https:\/\/paysdeforbach.com\/de\/besuchen-sie-uns\/ueber-uns\/","og_locale":"de_DE","og_type":"article","og_title":"\u00dcber uns - Office de Tourisme du Pays de Forbach","og_description":"\u00dcber uns Pays de Forbach, ich bin begeistert! Im Herzen des Pays de Forbach spielt das Tourismusb\u00fcro eine Schl\u00fcsselrolle f\u00fcr Einwohner und Touristen. Wir sind Ihre Anlaufstelle f\u00fcr lokale Informationen. Wir informieren Sie und erleichtern Ihnen den Zugang zu Veranstaltungen, Unterhaltung, Freizeitaktivit\u00e4ten und n\u00fctzlichen Dienstleistungen der Region (Gastronomie, Unterk\u00fcnfte, praktische Dienstleistungen...). Wir bieten Ihnen eine [&hellip;]","og_url":"https:\/\/paysdeforbach.com\/de\/besuchen-sie-uns\/ueber-uns\/","og_site_name":"Office de Tourisme du Pays de Forbach","article_modified_time":"2026-03-18T10:08:20+00:00","og_image":[{"url":"https:\/\/paysdeforbach.com\/wp-content\/uploads\/2025\/11\/logo-Pays-de-Forbach_Quadri.webp","type":"","width":"","height":""}],"twitter_card":"summary_large_image","twitter_misc":{"Gesch\u00e4tzte Lesezeit":"1\u00a0Minute"},"schema":{"@context":"https:\/\/schema.org","@graph":[{"@type":"WebPage","@id":"https:\/\/paysdeforbach.com\/de\/besuchen-sie-uns\/ueber-uns\/","url":"https:\/\/paysdeforbach.com\/de\/besuchen-sie-uns\/ueber-uns\/","name":"\u00dcber uns - Office de Tourisme du Pays de Forbach","isPartOf":{"@id":"https:\/\/paysdeforbach.com\/de\/#website"},"primaryImageOfPage":{"@id":"https:\/\/paysdeforbach.com\/de\/besuchen-sie-uns\/ueber-uns\/#primaryimage"},"image":{"@id":"https:\/\/paysdeforbach.com\/de\/besuchen-sie-uns\/ueber-uns\/#primaryimage"},"thumbnailUrl":"https:\/\/paysdeforbach.com\/wp-content\/uploads\/2025\/11\/logo-Pays-de-Forbach_Quadri.webp","datePublished":"2025-10-15T07:42:58+00:00","dateModified":"2026-03-18T10:08:20+00:00","breadcrumb":{"@id":"https:\/\/paysdeforbach.com\/de\/besuchen-sie-uns\/ueber-uns\/#breadcrumb"},"inLanguage":"de","potentialAction":[{"@type":"ReadAction","target":["https:\/\/paysdeforbach.com\/de\/besuchen-sie-uns\/ueber-uns\/"]}]},{"@type":"ImageObject","inLanguage":"de","@id":"https:\/\/paysdeforbach.com\/de\/besuchen-sie-uns\/ueber-uns\/#primaryimage","url":"https:\/\/paysdeforbach.com\/wp-content\/uploads\/2025\/11\/logo-Pays-de-Forbach_Quadri.webp","contentUrl":"https:\/\/paysdeforbach.com\/wp-content\/uploads\/2025\/11\/logo-Pays-de-Forbach_Quadri.webp"},{"@type":"BreadcrumbList","@id":"https:\/\/paysdeforbach.com\/de\/besuchen-sie-uns\/ueber-uns\/#breadcrumb","itemListElement":[{"@type":"ListItem","position":1,"name":"Accueil","item":"https:\/\/paysdeforbach.com\/de\/"},{"@type":"ListItem","position":2,"name":"Besuchen Sie uns","item":"https:\/\/paysdeforbach.com\/de\/besuchen-sie-uns\/"},{"@type":"ListItem","position":3,"name":"\u00dcber uns"}]},{"@type":"WebSite","@id":"https:\/\/paysdeforbach.com\/de\/#website","url":"https:\/\/paysdeforbach.com\/de\/","name":"OT Pays de Forbach","description":"","publisher":{"@id":"https:\/\/paysdeforbach.com\/de\/#organization"},"potentialAction":[{"@type":"SearchAction","target":{"@type":"EntryPoint","urlTemplate":"https:\/\/paysdeforbach.com\/de\/?s={search_term_string}"},"query-input":{"@type":"PropertyValueSpecification","valueRequired":true,"valueName":"search_term_string"}}],"inLanguage":"de"},{"@type":"Organization","@id":"https:\/\/paysdeforbach.com\/de\/#organization","name":"OT Pays de Forbach","url":"https:\/\/paysdeforbach.com\/de\/","logo":{"@type":"ImageObject","inLanguage":"de","@id":"https:\/\/paysdeforbach.com\/de\/#\/schema\/logo\/image\/","url":"https:\/\/paysdeforbach.com\/wp-content\/uploads\/2025\/11\/cropped-logo-Pays-de-Forbach_Quadri.webp","contentUrl":"https:\/\/paysdeforbach.com\/wp-content\/uploads\/2025\/11\/cropped-logo-Pays-de-Forbach_Quadri.webp","width":623,"height":356,"caption":"OT Pays de Forbach"},"image":{"@id":"https:\/\/paysdeforbach.com\/de\/#\/schema\/logo\/image\/"}}]}},"_links":{"self":[{"href":"https:\/\/paysdeforbach.com\/de\/wp-json\/wp\/v2\/pages\/10711","targetHints":{"allow":["GET"]}}],"collection":[{"href":"https:\/\/paysdeforbach.com\/de\/wp-json\/wp\/v2\/pages"}],"about":[{"href":"https:\/\/paysdeforbach.com\/de\/wp-json\/wp\/v2\/types\/page"}],"author":[{"embeddable":true,"href":"https:\/\/paysdeforbach.com\/de\/wp-json\/wp\/v2\/users\/3"}],"replies":[{"embeddable":true,"href":"https:\/\/paysdeforbach.com\/de\/wp-json\/wp\/v2\/comments?post=10711"}],"version-history":[{"count":2,"href":"https:\/\/paysdeforbach.com\/de\/wp-json\/wp\/v2\/pages\/10711\/revisions"}],"predecessor-version":[{"id":10714,"href":"https:\/\/paysdeforbach.com\/de\/wp-json\/wp\/v2\/pages\/10711\/revisions\/10714"}],"up":[{"embeddable":true,"href":"https:\/\/paysdeforbach.com\/de\/wp-json\/wp\/v2\/pages\/10666"}],"wp:attachment":[{"href":"https:\/\/paysdeforbach.com\/de\/wp-json\/wp\/v2\/media?parent=10711"}],"curies":[{"name":"wp","href":"https:\/\/api.w.org\/{rel}","templated":true}]}}