{"id":10778,"date":"2025-12-17T10:09:28","date_gmt":"2025-12-17T10:09:28","guid":{"rendered":"https:\/\/paysdeforbach.com\/aktuelles\/autoren\/tourismusbuero-pays-de-forbach\/"},"modified":"2026-03-18T10:08:20","modified_gmt":"2026-03-18T10:08:20","slug":"tourismusbuero-pays-de-forbach","status":"publish","type":"page","link":"https:\/\/paysdeforbach.com\/de\/aktuelles\/autoren\/tourismusbuero-pays-de-forbach\/","title":{"rendered":"Tourismusb\u00fcro Pays de Forbach"},"content":{"rendered":"\t\t<div data-elementor-type=\"wp-page\" data-elementor-id=\"10778\" class=\"elementor elementor-10778 elementor-9118\" data-elementor-post-type=\"page\">\n\t\t\t\t<div class=\"elementor-element elementor-element-63194185 e-con-full e-flex e-con e-parent\" data-id=\"63194185\" data-element_type=\"container\" data-settings=\"{&quot;background_background&quot;:&quot;classic&quot;}\">\n\t\t<section class=\"elementor-element elementor-element-233422fe e-con-full e-flex e-con e-child\" data-id=\"233422fe\" data-element_type=\"container\" data-settings=\"{&quot;background_background&quot;:&quot;classic&quot;}\">\n\t\t\t\t<div class=\"elementor-element elementor-element-8a0d703 elementor-widget elementor-widget-heading\" data-id=\"8a0d703\" data-element_type=\"widget\" data-widget_type=\"heading.default\">\n\t\t\t\t\t<h2 class=\"elementor-heading-title elementor-size-default\">Autor: Tourismusb\u00fcro Pays de Forbach<\/h2>\t\t\t\t<\/div>\n\t\t\t\t<\/section>\n\t\t\t\t<\/div>\n\t\t<div class=\"elementor-element elementor-element-6bd3445f e-con-full e-flex e-con e-parent\" data-id=\"6bd3445f\" data-element_type=\"container\">\n\t\t\t\t<div class=\"elementor-element elementor-element-c11bb0c elementor-align-left elementor-widget elementor-widget-breadcrumbs\" data-id=\"c11bb0c\" data-element_type=\"widget\" data-widget_type=\"breadcrumbs.default\">\n\t\t\t\t\t<span id=\"breadcrumbs\"><span><span><a href=\"https:\/\/paysdeforbach.com\/de\/\">Accueil<\/a><\/span><\/span><\/span>\t\t\t\t<\/div>\n\t\t\t\t<\/div>\n\t\t\t\t<section class=\"elementor-section elementor-top-section elementor-element elementor-element-1e2589f6 elementor-section-boxed elementor-section-height-default elementor-section-height-default\" data-id=\"1e2589f6\" data-element_type=\"section\" data-settings=\"{&quot;background_background&quot;:&quot;classic&quot;}\">\n\t\t\t\t\t\t<div class=\"elementor-container elementor-column-gap-no\">\n\t\t\t\t\t<div class=\"elementor-column elementor-col-100 elementor-top-column elementor-element elementor-element-7d95834\" data-id=\"7d95834\" data-element_type=\"column\">\n\t\t\t<div class=\"elementor-widget-wrap elementor-element-populated\">\n\t\t\t\t\t\t<div class=\"elementor-element elementor-element-5873d0d5 elementor-widget-divider--view-line_text elementor-widget-divider--element-align-left elementor-widget elementor-widget-divider\" data-id=\"5873d0d5\" data-element_type=\"widget\" data-widget_type=\"divider.default\">\n\t\t\t\t\t\t\t<div class=\"elementor-divider\">\n\t\t\t<span class=\"elementor-divider-separator\">\n\t\t\t\t\t\t\t<h2 class=\"elementor-divider__text elementor-divider__element\">\n\t\t\t\tArtikel\t\t\t\t<\/h2>\n\t\t\t\t\t\t<\/span>\n\t\t<\/div>\n\t\t\t\t\t\t<\/div>\n\t\t\t\t<div class=\"elementor-element elementor-element-6ccfcf8c elementor-posts--align-left elementor-grid-3 elementor-grid-tablet-2 elementor-grid-mobile-1 elementor-posts--thumbnail-top elementor-widget elementor-widget-posts\" data-id=\"6ccfcf8c\" data-element_type=\"widget\" data-settings=\"{&quot;classic_row_gap&quot;:{&quot;unit&quot;:&quot;px&quot;,&quot;size&quot;:40,&quot;sizes&quot;:[]},&quot;classic_row_gap_mobile&quot;:{&quot;unit&quot;:&quot;px&quot;,&quot;size&quot;:20,&quot;sizes&quot;:[]},&quot;classic_row_gap_tablet&quot;:{&quot;unit&quot;:&quot;px&quot;,&quot;size&quot;:40,&quot;sizes&quot;:[]},&quot;pagination_type&quot;:&quot;numbers&quot;,&quot;classic_columns&quot;:&quot;3&quot;,&quot;classic_columns_tablet&quot;:&quot;2&quot;,&quot;classic_columns_mobile&quot;:&quot;1&quot;,&quot;classic_row_gap_widescreen&quot;:{&quot;unit&quot;:&quot;px&quot;,&quot;size&quot;:&quot;&quot;,&quot;sizes&quot;:[]},&quot;classic_row_gap_laptop&quot;:{&quot;unit&quot;:&quot;px&quot;,&quot;size&quot;:&quot;&quot;,&quot;sizes&quot;:[]},&quot;classic_row_gap_tablet_extra&quot;:{&quot;unit&quot;:&quot;px&quot;,&quot;size&quot;:&quot;&quot;,&quot;sizes&quot;:[]}}\" data-widget_type=\"posts.classic\">\n\t\t\t\t<div class=\"elementor-widget-container\">\n\t\t\t\t\t\t\t<div class=\"elementor-posts-container elementor-posts elementor-posts--skin-classic elementor-grid\" role=\"list\">\n\t\t\t\t<article class=\"elementor-post elementor-grid-item post-10385 post type-post status-publish format-standard has-post-thumbnail hentry category-kulturerbe\" role=\"listitem\">\n\t\t\t\t<a class=\"elementor-post__thumbnail__link\" href=\"https:\/\/paysdeforbach.com\/de\/die-legende-von-alice-von-forbach-zwischen-geschichte-und-geheimnis-am-mont-sainte-croix\/\" tabindex=\"-1\" target=&quot;_blank&quot;>\n\t\t\t<div class=\"elementor-post__thumbnail\"><img fetchpriority=\"high\" decoding=\"async\" width=\"768\" height=\"512\" src=\"https:\/\/paysdeforbach.com\/wp-content\/uploads\/2025\/11\/Legende-Alice-1-768x512.webp\" class=\"attachment-medium_large size-medium_large wp-image-10387\" alt=\"\" srcset=\"https:\/\/paysdeforbach.com\/wp-content\/uploads\/2025\/11\/Legende-Alice-1-768x512.webp 768w, https:\/\/paysdeforbach.com\/wp-content\/uploads\/2025\/11\/Legende-Alice-1-300x200.webp 300w, https:\/\/paysdeforbach.com\/wp-content\/uploads\/2025\/11\/Legende-Alice-1-450x300.webp 450w, https:\/\/paysdeforbach.com\/wp-content\/uploads\/2025\/11\/Legende-Alice-1.webp 1024w\" sizes=\"(max-width: 768px) 100vw, 768px\" \/><\/div>\n\t\t<\/a>\n\t\t\t\t<div class=\"elementor-post__text\">\n\t\t\t\t<h3 class=\"elementor-post__title\">\n\t\t\t<a href=\"https:\/\/paysdeforbach.com\/de\/die-legende-von-alice-von-forbach-zwischen-geschichte-und-geheimnis-am-mont-sainte-croix\/\" target=&quot;_blank&quot;>\n\t\t\t\tDie Legende von Alice von Forbach: zwischen Geschichte und Geheimnis am Mont Sainte-Croix\t\t\t<\/a>\n\t\t<\/h3>\n\t\t\t\t<div class=\"elementor-post__meta-data\">\n\t\t\t\t\t<span class=\"elementor-post-author\">\n\t\t\tOffice de Tourisme Pays de Forbach\t\t<\/span>\n\t\t\t\t<span class=\"elementor-post-date\">\n\t\t\t08\/11\/2025\t\t<\/span>\n\t\t\t\t<\/div>\n\t\t\t\t<div class=\"elementor-post__excerpt\">\n\t\t\t<p>Die Legende von Alice von Forbach: zwischen Geschichte und Geheimnis am Mont Sainte-Croix 08\/11\/2025 Kulturerbe<\/p>\n\t\t<\/div>\n\t\t\n\t\t<a class=\"elementor-post__read-more\" href=\"https:\/\/paysdeforbach.com\/de\/die-legende-von-alice-von-forbach-zwischen-geschichte-und-geheimnis-am-mont-sainte-croix\/\" aria-label=\"Mehr \u00fcber Die Legende von Alice von Forbach: zwischen Geschichte und Geheimnis am Mont Sainte-Croix\" tabindex=\"-1\" target=\"_blank\">\n\t\t\tMehr lesen...\t\t<\/a>\n\n\t\t\t\t<\/div>\n\t\t\t\t<\/article>\n\t\t\t\t<article class=\"elementor-post elementor-grid-item post-10403 post type-post status-publish format-standard has-post-thumbnail hentry category-traditionen\" role=\"listitem\">\n\t\t\t\t<a class=\"elementor-post__thumbnail__link\" href=\"https:\/\/paysdeforbach.com\/de\/kulinarische-reise-im-pays-de-forbach-zwischen-quiche-lorraine-und-kaesekuchen\/\" tabindex=\"-1\" target=&quot;_blank&quot;>\n\t\t\t<div class=\"elementor-post__thumbnail\"><img decoding=\"async\" width=\"768\" height=\"512\" src=\"https:\/\/paysdeforbach.com\/wp-content\/uploads\/2025\/10\/Quiche-Lorraine-768x512.jpg\" class=\"attachment-medium_large size-medium_large wp-image-10404\" alt=\"\" srcset=\"https:\/\/paysdeforbach.com\/wp-content\/uploads\/2025\/10\/Quiche-Lorraine-768x512.jpg 768w, https:\/\/paysdeforbach.com\/wp-content\/uploads\/2025\/10\/Quiche-Lorraine-300x200.jpg 300w, https:\/\/paysdeforbach.com\/wp-content\/uploads\/2025\/10\/Quiche-Lorraine-1024x683.jpg 1024w, https:\/\/paysdeforbach.com\/wp-content\/uploads\/2025\/10\/Quiche-Lorraine-450x300.jpg 450w, https:\/\/paysdeforbach.com\/wp-content\/uploads\/2025\/10\/Quiche-Lorraine.jpg 1200w\" sizes=\"(max-width: 768px) 100vw, 768px\" \/><\/div>\n\t\t<\/a>\n\t\t\t\t<div class=\"elementor-post__text\">\n\t\t\t\t<h3 class=\"elementor-post__title\">\n\t\t\t<a href=\"https:\/\/paysdeforbach.com\/de\/kulinarische-reise-im-pays-de-forbach-zwischen-quiche-lorraine-und-kaesekuchen\/\" target=&quot;_blank&quot;>\n\t\t\t\tKulinarische Reise im Pays de Forbach: zwischen Quiche Lorraine und K\u00e4sekuchen\t\t\t<\/a>\n\t\t<\/h3>\n\t\t\t\t<div class=\"elementor-post__meta-data\">\n\t\t\t\t\t<span class=\"elementor-post-author\">\n\t\t\tOffice de Tourisme Pays de Forbach\t\t<\/span>\n\t\t\t\t<span class=\"elementor-post-date\">\n\t\t\t01\/10\/2025\t\t<\/span>\n\t\t\t\t<\/div>\n\t\t\t\t<div class=\"elementor-post__excerpt\">\n\t\t\t<p>Kulinarische Reise im Pays de Forbach: zwischen Quiche Lorraine und K\u00e4sekuchen 08\/11\/2025 Traditionen Tourismusb\u00fcro Forbach<\/p>\n\t\t<\/div>\n\t\t\n\t\t<a class=\"elementor-post__read-more\" href=\"https:\/\/paysdeforbach.com\/de\/kulinarische-reise-im-pays-de-forbach-zwischen-quiche-lorraine-und-kaesekuchen\/\" aria-label=\"Mehr \u00fcber Kulinarische Reise im Pays de Forbach: zwischen Quiche Lorraine und K\u00e4sekuchen\" tabindex=\"-1\" target=\"_blank\">\n\t\t\tMehr lesen...\t\t<\/a>\n\n\t\t\t\t<\/div>\n\t\t\t\t<\/article>\n\t\t\t\t<article class=\"elementor-post elementor-grid-item post-10918 post type-post status-publish format-standard has-post-thumbnail hentry category-highlights\" role=\"listitem\">\n\t\t\t\t<a class=\"elementor-post__thumbnail__link\" href=\"https:\/\/paysdeforbach.com\/de\/auf-den-spuren-der-geschichte-entdecken-sie-die-hoehen-von-spicheren-neu\/\" tabindex=\"-1\" target=&quot;_blank&quot;>\n\t\t\t<div class=\"elementor-post__thumbnail\"><img decoding=\"async\" width=\"768\" height=\"512\" src=\"https:\/\/paysdeforbach.com\/wp-content\/uploads\/2025\/10\/Spicheren-10-768x512.webp\" class=\"attachment-medium_large size-medium_large wp-image-10900\" alt=\"\" srcset=\"https:\/\/paysdeforbach.com\/wp-content\/uploads\/2025\/10\/Spicheren-10-768x512.webp 768w, https:\/\/paysdeforbach.com\/wp-content\/uploads\/2025\/10\/Spicheren-10-300x200.webp 300w, https:\/\/paysdeforbach.com\/wp-content\/uploads\/2025\/10\/Spicheren-10-450x300.webp 450w, https:\/\/paysdeforbach.com\/wp-content\/uploads\/2025\/10\/Spicheren-10.webp 1024w\" sizes=\"(max-width: 768px) 100vw, 768px\" \/><\/div>\n\t\t<\/a>\n\t\t\t\t<div class=\"elementor-post__text\">\n\t\t\t\t<h3 class=\"elementor-post__title\">\n\t\t\t<a href=\"https:\/\/paysdeforbach.com\/de\/auf-den-spuren-der-geschichte-entdecken-sie-die-hoehen-von-spicheren-neu\/\" target=&quot;_blank&quot;>\n\t\t\t\tAuf den Spuren der Geschichte: Entdecken Sie die H\u00f6hen von Spicheren neu\t\t\t<\/a>\n\t\t<\/h3>\n\t\t\t\t<div class=\"elementor-post__meta-data\">\n\t\t\t\t\t<span class=\"elementor-post-author\">\n\t\t\tOffice de Tourisme Pays de Forbach\t\t<\/span>\n\t\t\t\t<span class=\"elementor-post-date\">\n\t\t\t23\/09\/2025\t\t<\/span>\n\t\t\t\t<\/div>\n\t\t\t\t<div class=\"elementor-post__excerpt\">\n\t\t\t<p>Auf den Spuren der Geschichte: entdecken Sie die H\u00f6hen von Spicheren neu Unumg\u00e4nglich Tourismusb\u00fcro Forbach<\/p>\n\t\t<\/div>\n\t\t\n\t\t<a class=\"elementor-post__read-more\" href=\"https:\/\/paysdeforbach.com\/de\/auf-den-spuren-der-geschichte-entdecken-sie-die-hoehen-von-spicheren-neu\/\" aria-label=\"Mehr \u00fcber Auf den Spuren der Geschichte: Entdecken Sie die H\u00f6hen von Spicheren neu\" tabindex=\"-1\" target=\"_blank\">\n\t\t\tMehr lesen...\t\t<\/a>\n\n\t\t\t\t<\/div>\n\t\t\t\t<\/article>\n\t\t\t\t<\/div>\n\t\t\n\t\t\t\t\t\t<\/div>\n\t\t\t\t<\/div>\n\t\t\t\t\t<\/div>\n\t\t<\/div>\n\t\t\t\t\t<\/div>\n\t\t<\/section>\n\t\t<div class=\"elementor-element elementor-element-572552d8 e-flex e-con-boxed e-con e-parent\" data-id=\"572552d8\" data-element_type=\"container\">\n\t\t\t\t\t<div class=\"e-con-inner\">\n\t\t\t\t<div class=\"elementor-element elementor-element-478077f elementor-widget elementor-widget-spacer\" data-id=\"478077f\" data-element_type=\"widget\" data-widget_type=\"spacer.default\">\n\t\t\t\t\t\t\t<div class=\"elementor-spacer\">\n\t\t\t<div class=\"elementor-spacer-inner\"><\/div>\n\t\t<\/div>\n\t\t\t\t\t\t<\/div>\n\t\t\t\t\t<\/div>\n\t\t\t\t<\/div>\n\t\t<div class=\"elementor-element elementor-element-323b06a9 e-con-full e-flex e-con e-parent\" data-id=\"323b06a9\" data-element_type=\"container\">\n\t\t\t\t<div class=\"elementor-element elementor-element-44a6f6f elementor-widget elementor-widget-shortcode\" data-id=\"44a6f6f\" data-element_type=\"widget\" data-widget_type=\"shortcode.default\">\n\t\t\t\t\t\t\t<div class=\"elementor-shortcode\"><\/div>\n\t\t\t\t\t\t<\/div>\n\t\t\t\t<\/div>\n\t\t\t\t<\/div>\n\t\t","protected":false},"excerpt":{"rendered":"<p>Autor: Tourismusb\u00fcro Pays de Forbach Artikel<\/p>\n","protected":false},"author":2,"featured_media":0,"parent":10775,"menu_order":0,"comment_status":"closed","ping_status":"closed","template":"","meta":{"footnotes":""},"class_list":["post-10778","page","type-page","status-publish","hentry"],"yoast_head":"<!-- This site is optimized with the Yoast SEO plugin v26.8 - https:\/\/yoast.com\/product\/yoast-seo-wordpress\/ -->\n<title>Tourismusb\u00fcro Pays de Forbach - Office de Tourisme du Pays de Forbach<\/title>\n<meta name=\"robots\" content=\"index, follow, max-snippet:-1, max-image-preview:large, max-video-preview:-1\" \/>\n<link rel=\"canonical\" href=\"https:\/\/paysdeforbach.com\/de\/aktuelles\/autoren\/tourismusbuero-pays-de-forbach\/\" \/>\n<meta property=\"og:locale\" content=\"de_DE\" \/>\n<meta property=\"og:type\" content=\"article\" \/>\n<meta property=\"og:title\" content=\"Tourismusb\u00fcro Pays de Forbach - Office de Tourisme du Pays de Forbach\" \/>\n<meta property=\"og:description\" content=\"Autor: Tourismusb\u00fcro Pays de Forbach Artikel\" \/>\n<meta property=\"og:url\" content=\"https:\/\/paysdeforbach.com\/de\/aktuelles\/autoren\/tourismusbuero-pays-de-forbach\/\" \/>\n<meta property=\"og:site_name\" content=\"Office de Tourisme du Pays de Forbach\" \/>\n<meta property=\"article:modified_time\" content=\"2026-03-18T10:08:20+00:00\" \/>\n<meta name=\"twitter:card\" content=\"summary_large_image\" \/>\n<script type=\"application\/ld+json\" class=\"yoast-schema-graph\">{\"@context\":\"https:\/\/schema.org\",\"@graph\":[{\"@type\":\"WebPage\",\"@id\":\"https:\/\/paysdeforbach.com\/de\/aktuelles\/autoren\/tourismusbuero-pays-de-forbach\/\",\"url\":\"https:\/\/paysdeforbach.com\/de\/aktuelles\/autoren\/tourismusbuero-pays-de-forbach\/\",\"name\":\"Tourismusb\u00fcro Pays de Forbach - Office de Tourisme du Pays de Forbach\",\"isPartOf\":{\"@id\":\"https:\/\/paysdeforbach.com\/de\/#website\"},\"datePublished\":\"2025-12-17T10:09:28+00:00\",\"dateModified\":\"2026-03-18T10:08:20+00:00\",\"breadcrumb\":{\"@id\":\"https:\/\/paysdeforbach.com\/de\/aktuelles\/autoren\/tourismusbuero-pays-de-forbach\/#breadcrumb\"},\"inLanguage\":\"de\",\"potentialAction\":[{\"@type\":\"ReadAction\",\"target\":[\"https:\/\/paysdeforbach.com\/de\/aktuelles\/autoren\/tourismusbuero-pays-de-forbach\/\"]}]},{\"@type\":\"BreadcrumbList\",\"@id\":\"https:\/\/paysdeforbach.com\/de\/aktuelles\/autoren\/tourismusbuero-pays-de-forbach\/#breadcrumb\",\"itemListElement\":[{\"@type\":\"ListItem\",\"position\":1,\"name\":\"Accueil\",\"item\":\"https:\/\/paysdeforbach.com\/de\/\"},{\"@type\":\"ListItem\",\"position\":2,\"name\":\"Aktuelles\",\"item\":\"https:\/\/paysdeforbach.com\/de\/aktuelles\/\"},{\"@type\":\"ListItem\",\"position\":3,\"name\":\"Autoren\",\"item\":\"https:\/\/paysdeforbach.com\/de\/aktuelles\/autoren\/\"},{\"@type\":\"ListItem\",\"position\":4,\"name\":\"Tourismusb\u00fcro Pays de Forbach\"}]},{\"@type\":\"WebSite\",\"@id\":\"https:\/\/paysdeforbach.com\/de\/#website\",\"url\":\"https:\/\/paysdeforbach.com\/de\/\",\"name\":\"OT Pays de Forbach\",\"description\":\"\",\"publisher\":{\"@id\":\"https:\/\/paysdeforbach.com\/de\/#organization\"},\"potentialAction\":[{\"@type\":\"SearchAction\",\"target\":{\"@type\":\"EntryPoint\",\"urlTemplate\":\"https:\/\/paysdeforbach.com\/de\/?s={search_term_string}\"},\"query-input\":{\"@type\":\"PropertyValueSpecification\",\"valueRequired\":true,\"valueName\":\"search_term_string\"}}],\"inLanguage\":\"de\"},{\"@type\":\"Organization\",\"@id\":\"https:\/\/paysdeforbach.com\/de\/#organization\",\"name\":\"OT Pays de Forbach\",\"url\":\"https:\/\/paysdeforbach.com\/de\/\",\"logo\":{\"@type\":\"ImageObject\",\"inLanguage\":\"de\",\"@id\":\"https:\/\/paysdeforbach.com\/de\/#\/schema\/logo\/image\/\",\"url\":\"https:\/\/paysdeforbach.com\/wp-content\/uploads\/2025\/11\/cropped-logo-Pays-de-Forbach_Quadri.webp\",\"contentUrl\":\"https:\/\/paysdeforbach.com\/wp-content\/uploads\/2025\/11\/cropped-logo-Pays-de-Forbach_Quadri.webp\",\"width\":623,\"height\":356,\"caption\":\"OT Pays de Forbach\"},\"image\":{\"@id\":\"https:\/\/paysdeforbach.com\/de\/#\/schema\/logo\/image\/\"}}]}<\/script>\n<!-- \/ Yoast SEO plugin. -->","yoast_head_json":{"title":"Tourismusb\u00fcro Pays de Forbach - Office de Tourisme du Pays de Forbach","robots":{"index":"index","follow":"follow","max-snippet":"max-snippet:-1","max-image-preview":"max-image-preview:large","max-video-preview":"max-video-preview:-1"},"canonical":"https:\/\/paysdeforbach.com\/de\/aktuelles\/autoren\/tourismusbuero-pays-de-forbach\/","og_locale":"de_DE","og_type":"article","og_title":"Tourismusb\u00fcro Pays de Forbach - Office de Tourisme du Pays de Forbach","og_description":"Autor: Tourismusb\u00fcro Pays de Forbach Artikel","og_url":"https:\/\/paysdeforbach.com\/de\/aktuelles\/autoren\/tourismusbuero-pays-de-forbach\/","og_site_name":"Office de Tourisme du Pays de Forbach","article_modified_time":"2026-03-18T10:08:20+00:00","twitter_card":"summary_large_image","schema":{"@context":"https:\/\/schema.org","@graph":[{"@type":"WebPage","@id":"https:\/\/paysdeforbach.com\/de\/aktuelles\/autoren\/tourismusbuero-pays-de-forbach\/","url":"https:\/\/paysdeforbach.com\/de\/aktuelles\/autoren\/tourismusbuero-pays-de-forbach\/","name":"Tourismusb\u00fcro Pays de Forbach - Office de Tourisme du Pays de Forbach","isPartOf":{"@id":"https:\/\/paysdeforbach.com\/de\/#website"},"datePublished":"2025-12-17T10:09:28+00:00","dateModified":"2026-03-18T10:08:20+00:00","breadcrumb":{"@id":"https:\/\/paysdeforbach.com\/de\/aktuelles\/autoren\/tourismusbuero-pays-de-forbach\/#breadcrumb"},"inLanguage":"de","potentialAction":[{"@type":"ReadAction","target":["https:\/\/paysdeforbach.com\/de\/aktuelles\/autoren\/tourismusbuero-pays-de-forbach\/"]}]},{"@type":"BreadcrumbList","@id":"https:\/\/paysdeforbach.com\/de\/aktuelles\/autoren\/tourismusbuero-pays-de-forbach\/#breadcrumb","itemListElement":[{"@type":"ListItem","position":1,"name":"Accueil","item":"https:\/\/paysdeforbach.com\/de\/"},{"@type":"ListItem","position":2,"name":"Aktuelles","item":"https:\/\/paysdeforbach.com\/de\/aktuelles\/"},{"@type":"ListItem","position":3,"name":"Autoren","item":"https:\/\/paysdeforbach.com\/de\/aktuelles\/autoren\/"},{"@type":"ListItem","position":4,"name":"Tourismusb\u00fcro Pays de Forbach"}]},{"@type":"WebSite","@id":"https:\/\/paysdeforbach.com\/de\/#website","url":"https:\/\/paysdeforbach.com\/de\/","name":"OT Pays de Forbach","description":"","publisher":{"@id":"https:\/\/paysdeforbach.com\/de\/#organization"},"potentialAction":[{"@type":"SearchAction","target":{"@type":"EntryPoint","urlTemplate":"https:\/\/paysdeforbach.com\/de\/?s={search_term_string}"},"query-input":{"@type":"PropertyValueSpecification","valueRequired":true,"valueName":"search_term_string"}}],"inLanguage":"de"},{"@type":"Organization","@id":"https:\/\/paysdeforbach.com\/de\/#organization","name":"OT Pays de Forbach","url":"https:\/\/paysdeforbach.com\/de\/","logo":{"@type":"ImageObject","inLanguage":"de","@id":"https:\/\/paysdeforbach.com\/de\/#\/schema\/logo\/image\/","url":"https:\/\/paysdeforbach.com\/wp-content\/uploads\/2025\/11\/cropped-logo-Pays-de-Forbach_Quadri.webp","contentUrl":"https:\/\/paysdeforbach.com\/wp-content\/uploads\/2025\/11\/cropped-logo-Pays-de-Forbach_Quadri.webp","width":623,"height":356,"caption":"OT Pays de Forbach"},"image":{"@id":"https:\/\/paysdeforbach.com\/de\/#\/schema\/logo\/image\/"}}]}},"_links":{"self":[{"href":"https:\/\/paysdeforbach.com\/de\/wp-json\/wp\/v2\/pages\/10778","targetHints":{"allow":["GET"]}}],"collection":[{"href":"https:\/\/paysdeforbach.com\/de\/wp-json\/wp\/v2\/pages"}],"about":[{"href":"https:\/\/paysdeforbach.com\/de\/wp-json\/wp\/v2\/types\/page"}],"author":[{"embeddable":true,"href":"https:\/\/paysdeforbach.com\/de\/wp-json\/wp\/v2\/users\/2"}],"replies":[{"embeddable":true,"href":"https:\/\/paysdeforbach.com\/de\/wp-json\/wp\/v2\/comments?post=10778"}],"version-history":[{"count":4,"href":"https:\/\/paysdeforbach.com\/de\/wp-json\/wp\/v2\/pages\/10778\/revisions"}],"predecessor-version":[{"id":12761,"href":"https:\/\/paysdeforbach.com\/de\/wp-json\/wp\/v2\/pages\/10778\/revisions\/12761"}],"up":[{"embeddable":true,"href":"https:\/\/paysdeforbach.com\/de\/wp-json\/wp\/v2\/pages\/10775"}],"wp:attachment":[{"href":"https:\/\/paysdeforbach.com\/de\/wp-json\/wp\/v2\/media?parent=10778"}],"curies":[{"name":"wp","href":"https:\/\/api.w.org\/{rel}","templated":true}]}}