{"id":10814,"date":"2025-10-15T07:19:13","date_gmt":"2025-10-15T07:19:13","guid":{"rendered":"https:\/\/paysdeforbach.com\/planung\/"},"modified":"2026-03-18T10:08:21","modified_gmt":"2026-03-18T10:08:21","slug":"planung","status":"publish","type":"page","link":"https:\/\/paysdeforbach.com\/de\/planung\/","title":{"rendered":"Planung"},"content":{"rendered":"\t\t<div data-elementor-type=\"wp-page\" data-elementor-id=\"10814\" class=\"elementor elementor-10814 elementor-2701\" data-elementor-post-type=\"page\">\n\t\t\t\t<div class=\"elementor-element elementor-element-6f98dbff e-con-full e-flex e-con e-parent\" data-id=\"6f98dbff\" data-element_type=\"container\">\n\t\t<section class=\"elementor-element elementor-element-2d99a550 e-con-full e-flex e-con e-child\" data-id=\"2d99a550\" data-element_type=\"container\" data-settings=\"{&quot;background_background&quot;:&quot;classic&quot;}\">\n\t\t\t\t<div class=\"elementor-element elementor-element-49c96989 elementor-widget elementor-widget-heading\" data-id=\"49c96989\" data-element_type=\"widget\" data-widget_type=\"heading.default\">\n\t\t\t\t\t<h2 class=\"elementor-heading-title elementor-size-default\">Planung<\/h2>\t\t\t\t<\/div>\n\t\t\t\t<\/section>\n\t\t\t\t<div class=\"elementor-element elementor-element-6f0e969 elementor-widget elementor-widget-breadcrumbs\" data-id=\"6f0e969\" data-element_type=\"widget\" data-widget_type=\"breadcrumbs.default\">\n\t\t\t\t\t<span id=\"breadcrumbs\"><span><span><a href=\"https:\/\/paysdeforbach.com\/de\/\">Accueil<\/a><\/span><\/span><\/span>\t\t\t\t<\/div>\n\t\t\t\t<div class=\"elementor-element elementor-element-ccf0384 elementor-widget elementor-widget-text-editor\" data-id=\"ccf0384\" data-element_type=\"widget\" data-widget_type=\"text-editor.default\">\n\t\t\t\t\t\t\t\t\t<p><strong>Ihren Aufenthalt im Pays de Forbach zu planen war noch nie so einfach! Ob Sie ein gutes Restaurant, eine passende Unterkunft, die besten Anreisem\u00f6glichkeiten und Fortbewegungsmittel suchen oder Ideen f\u00fcr Ausfl\u00fcge und Aktivit\u00e4ten f\u00fcr Ihr Programm ben\u00f6tigen\u2026<\/strong><br><strong>Alle Antworten f\u00fcr einen gelungenen Aufenthalt im Pays de Forbach finden Sie in diesem Bereich.<\/strong><\/p>\t\t\t\t\t\t\t\t<\/div>\n\t\t<div class=\"elementor-element elementor-element-230f1ec e-con-full page-liaison e-flex e-con e-child\" data-id=\"230f1ec\" data-element_type=\"container\">\n\t\t<div class=\"elementor-element elementor-element-4e77f4a e-grid e-con-full e-con e-child\" data-id=\"4e77f4a\" data-element_type=\"container\">\n\t\t<a class=\"elementor-element elementor-element-4a92604 e-con-full page-liaison-block e-flex e-con e-child\" data-id=\"4a92604\" data-element_type=\"container\" data-settings=\"{&quot;background_background&quot;:&quot;classic&quot;}\" href=\"https:\/\/paysdeforbach.com\/sorganiser\/ou-manger\/\">\n\t\t\t\t<div class=\"elementor-element elementor-element-02b88c0 elementor-widget elementor-widget-heading\" data-id=\"02b88c0\" data-element_type=\"widget\" data-widget_type=\"heading.default\">\n\t\t\t\t\t<h2 class=\"elementor-heading-title elementor-size-default\">Wo essen?<\/h2>\t\t\t\t<\/div>\n\t\t\t\t<\/a>\n\t\t<a class=\"elementor-element elementor-element-70b1ea7 e-con-full page-liaison-block e-flex e-con e-child\" data-id=\"70b1ea7\" data-element_type=\"container\" data-settings=\"{&quot;background_background&quot;:&quot;classic&quot;}\" href=\"https:\/\/paysdeforbach.com\/sorganiser\/ou-dormir\/\">\n\t\t\t\t<div class=\"elementor-element elementor-element-3857d16 elementor-widget elementor-widget-heading\" data-id=\"3857d16\" data-element_type=\"widget\" data-widget_type=\"heading.default\">\n\t\t\t\t\t<h2 class=\"elementor-heading-title elementor-size-default\">Wo \u00fcbernachten?<\/h2>\t\t\t\t<\/div>\n\t\t\t\t<\/a>\n\t\t<a class=\"elementor-element elementor-element-e71e05f e-con-full page-liaison-block e-flex e-con e-child\" data-id=\"e71e05f\" data-element_type=\"container\" data-settings=\"{&quot;background_background&quot;:&quot;classic&quot;}\" href=\"https:\/\/paysdeforbach.com\/sorganiser\/comment-venir-et-se-deplacer\/\">\n\t\t\t\t<div class=\"elementor-element elementor-element-5ddcb10 elementor-widget elementor-widget-heading\" data-id=\"5ddcb10\" data-element_type=\"widget\" data-widget_type=\"heading.default\">\n\t\t\t\t\t<h3 class=\"elementor-heading-title elementor-size-default\">Anreise und Fortbewegung<\/h3>\t\t\t\t<\/div>\n\t\t\t\t<\/a>\n\t\t\t\t<\/div>\n\t\t\t\t<\/div>\n\t\t\t\t<\/div>\n\t\t<div class=\"elementor-element elementor-element-e1dbfde e-grid e-con-full e-con e-parent\" data-id=\"e1dbfde\" data-element_type=\"container\">\n\t\t<a class=\"elementor-element elementor-element-9d981c8 e-con-full e-flex e-con e-child\" data-id=\"9d981c8\" data-element_type=\"container\" data-settings=\"{&quot;background_background&quot;:&quot;classic&quot;}\" href=\"https:\/\/paysdeforbach.com\/decouvrir\/brochures\/\" target=\"_blank\">\n\t\t\t\t<div class=\"elementor-element elementor-element-0d241e2 elementor-widget elementor-widget-heading\" data-id=\"0d241e2\" data-element_type=\"widget\" data-widget_type=\"heading.default\">\n\t\t\t\t\t<h2 class=\"elementor-heading-title elementor-size-default\">BROSCH\u00dcREN<\/h2>\t\t\t\t<\/div>\n\t\t\t\t<\/a>\n\t\t<a class=\"elementor-element elementor-element-681db7f e-con-full e-flex e-con e-child\" data-id=\"681db7f\" data-element_type=\"container\" data-settings=\"{&quot;background_background&quot;:&quot;classic&quot;}\" href=\"https:\/\/paysdeforbach.com\/agenda\/\" target=\"_blank\">\n\t\t\t\t<div class=\"elementor-element elementor-element-f3de7d2 elementor-widget elementor-widget-heading\" data-id=\"f3de7d2\" data-element_type=\"widget\" data-widget_type=\"heading.default\">\n\t\t\t\t\t<h2 class=\"elementor-heading-title elementor-size-default\">Veranstaltungen<\/h2>\t\t\t\t<\/div>\n\t\t\t\t<\/a>\n\t\t<a class=\"elementor-element elementor-element-41c953b e-con-full e-flex e-con e-child\" data-id=\"41c953b\" data-element_type=\"container\" data-settings=\"{&quot;background_background&quot;:&quot;classic&quot;}\" href=\"https:\/\/paysdeforbach.com\/sorganiser\/reserver-une-activite\/\">\n\t\t\t\t<div class=\"elementor-element elementor-element-6a1f4fb elementor-widget elementor-widget-heading\" data-id=\"6a1f4fb\" data-element_type=\"widget\" data-widget_type=\"heading.default\">\n\t\t\t\t\t<h2 class=\"elementor-heading-title elementor-size-default\">Buchen<\/h2>\t\t\t\t<\/div>\n\t\t\t\t<\/a>\n\t\t\t\t<\/div>\n\t\t\t\t<\/div>\n\t\t","protected":false},"excerpt":{"rendered":"<p>Planung Ihren Aufenthalt im Pays de Forbach zu planen war noch nie so einfach! Ob Sie ein gutes Restaurant, eine passende Unterkunft, die besten Anreisem\u00f6glichkeiten und Fortbewegungsmittel suchen oder Ideen f\u00fcr Ausfl\u00fcge und Aktivit\u00e4ten f\u00fcr Ihr Programm ben\u00f6tigen\u2026Alle Antworten f\u00fcr einen gelungenen Aufenthalt im Pays de Forbach finden Sie in diesem Bereich. Wo essen? Wo [&hellip;]<\/p>\n","protected":false},"author":3,"featured_media":0,"parent":0,"menu_order":0,"comment_status":"closed","ping_status":"closed","template":"","meta":{"footnotes":""},"class_list":["post-10814","page","type-page","status-publish","hentry"],"yoast_head":"<!-- This site is optimized with the Yoast SEO plugin v26.8 - https:\/\/yoast.com\/product\/yoast-seo-wordpress\/ -->\n<title>Planung - Office de Tourisme du Pays de Forbach<\/title>\n<meta name=\"robots\" content=\"index, follow, max-snippet:-1, max-image-preview:large, max-video-preview:-1\" \/>\n<link rel=\"canonical\" href=\"https:\/\/paysdeforbach.com\/de\/planung\/\" \/>\n<meta property=\"og:locale\" content=\"de_DE\" \/>\n<meta property=\"og:type\" content=\"article\" \/>\n<meta property=\"og:title\" content=\"Planung - Office de Tourisme du Pays de Forbach\" \/>\n<meta property=\"og:description\" content=\"Planung Ihren Aufenthalt im Pays de Forbach zu planen war noch nie so einfach! Ob Sie ein gutes Restaurant, eine passende Unterkunft, die besten Anreisem\u00f6glichkeiten und Fortbewegungsmittel suchen oder Ideen f\u00fcr Ausfl\u00fcge und Aktivit\u00e4ten f\u00fcr Ihr Programm ben\u00f6tigen\u2026Alle Antworten f\u00fcr einen gelungenen Aufenthalt im Pays de Forbach finden Sie in diesem Bereich. Wo essen? Wo [&hellip;]\" \/>\n<meta property=\"og:url\" content=\"https:\/\/paysdeforbach.com\/de\/planung\/\" \/>\n<meta property=\"og:site_name\" content=\"Office de Tourisme du Pays de Forbach\" \/>\n<meta property=\"article:modified_time\" content=\"2026-03-18T10:08:21+00:00\" \/>\n<meta name=\"twitter:card\" content=\"summary_large_image\" \/>\n<script type=\"application\/ld+json\" class=\"yoast-schema-graph\">{\"@context\":\"https:\/\/schema.org\",\"@graph\":[{\"@type\":\"WebPage\",\"@id\":\"https:\/\/paysdeforbach.com\/de\/planung\/\",\"url\":\"https:\/\/paysdeforbach.com\/de\/planung\/\",\"name\":\"Planung - Office de Tourisme du Pays de Forbach\",\"isPartOf\":{\"@id\":\"https:\/\/paysdeforbach.com\/de\/#website\"},\"datePublished\":\"2025-10-15T07:19:13+00:00\",\"dateModified\":\"2026-03-18T10:08:21+00:00\",\"breadcrumb\":{\"@id\":\"https:\/\/paysdeforbach.com\/de\/planung\/#breadcrumb\"},\"inLanguage\":\"de\",\"potentialAction\":[{\"@type\":\"ReadAction\",\"target\":[\"https:\/\/paysdeforbach.com\/de\/planung\/\"]}]},{\"@type\":\"BreadcrumbList\",\"@id\":\"https:\/\/paysdeforbach.com\/de\/planung\/#breadcrumb\",\"itemListElement\":[{\"@type\":\"ListItem\",\"position\":1,\"name\":\"Accueil\",\"item\":\"https:\/\/paysdeforbach.com\/de\/\"},{\"@type\":\"ListItem\",\"position\":2,\"name\":\"Planung\"}]},{\"@type\":\"WebSite\",\"@id\":\"https:\/\/paysdeforbach.com\/de\/#website\",\"url\":\"https:\/\/paysdeforbach.com\/de\/\",\"name\":\"OT Pays de Forbach\",\"description\":\"\",\"publisher\":{\"@id\":\"https:\/\/paysdeforbach.com\/de\/#organization\"},\"potentialAction\":[{\"@type\":\"SearchAction\",\"target\":{\"@type\":\"EntryPoint\",\"urlTemplate\":\"https:\/\/paysdeforbach.com\/de\/?s={search_term_string}\"},\"query-input\":{\"@type\":\"PropertyValueSpecification\",\"valueRequired\":true,\"valueName\":\"search_term_string\"}}],\"inLanguage\":\"de\"},{\"@type\":\"Organization\",\"@id\":\"https:\/\/paysdeforbach.com\/de\/#organization\",\"name\":\"OT Pays de Forbach\",\"url\":\"https:\/\/paysdeforbach.com\/de\/\",\"logo\":{\"@type\":\"ImageObject\",\"inLanguage\":\"de\",\"@id\":\"https:\/\/paysdeforbach.com\/de\/#\/schema\/logo\/image\/\",\"url\":\"https:\/\/paysdeforbach.com\/wp-content\/uploads\/2025\/11\/cropped-logo-Pays-de-Forbach_Quadri.webp\",\"contentUrl\":\"https:\/\/paysdeforbach.com\/wp-content\/uploads\/2025\/11\/cropped-logo-Pays-de-Forbach_Quadri.webp\",\"width\":623,\"height\":356,\"caption\":\"OT Pays de Forbach\"},\"image\":{\"@id\":\"https:\/\/paysdeforbach.com\/de\/#\/schema\/logo\/image\/\"}}]}<\/script>\n<!-- \/ Yoast SEO plugin. -->","yoast_head_json":{"title":"Planung - Office de Tourisme du Pays de Forbach","robots":{"index":"index","follow":"follow","max-snippet":"max-snippet:-1","max-image-preview":"max-image-preview:large","max-video-preview":"max-video-preview:-1"},"canonical":"https:\/\/paysdeforbach.com\/de\/planung\/","og_locale":"de_DE","og_type":"article","og_title":"Planung - Office de Tourisme du Pays de Forbach","og_description":"Planung Ihren Aufenthalt im Pays de Forbach zu planen war noch nie so einfach! Ob Sie ein gutes Restaurant, eine passende Unterkunft, die besten Anreisem\u00f6glichkeiten und Fortbewegungsmittel suchen oder Ideen f\u00fcr Ausfl\u00fcge und Aktivit\u00e4ten f\u00fcr Ihr Programm ben\u00f6tigen\u2026Alle Antworten f\u00fcr einen gelungenen Aufenthalt im Pays de Forbach finden Sie in diesem Bereich. Wo essen? Wo [&hellip;]","og_url":"https:\/\/paysdeforbach.com\/de\/planung\/","og_site_name":"Office de Tourisme du Pays de Forbach","article_modified_time":"2026-03-18T10:08:21+00:00","twitter_card":"summary_large_image","schema":{"@context":"https:\/\/schema.org","@graph":[{"@type":"WebPage","@id":"https:\/\/paysdeforbach.com\/de\/planung\/","url":"https:\/\/paysdeforbach.com\/de\/planung\/","name":"Planung - Office de Tourisme du Pays de Forbach","isPartOf":{"@id":"https:\/\/paysdeforbach.com\/de\/#website"},"datePublished":"2025-10-15T07:19:13+00:00","dateModified":"2026-03-18T10:08:21+00:00","breadcrumb":{"@id":"https:\/\/paysdeforbach.com\/de\/planung\/#breadcrumb"},"inLanguage":"de","potentialAction":[{"@type":"ReadAction","target":["https:\/\/paysdeforbach.com\/de\/planung\/"]}]},{"@type":"BreadcrumbList","@id":"https:\/\/paysdeforbach.com\/de\/planung\/#breadcrumb","itemListElement":[{"@type":"ListItem","position":1,"name":"Accueil","item":"https:\/\/paysdeforbach.com\/de\/"},{"@type":"ListItem","position":2,"name":"Planung"}]},{"@type":"WebSite","@id":"https:\/\/paysdeforbach.com\/de\/#website","url":"https:\/\/paysdeforbach.com\/de\/","name":"OT Pays de Forbach","description":"","publisher":{"@id":"https:\/\/paysdeforbach.com\/de\/#organization"},"potentialAction":[{"@type":"SearchAction","target":{"@type":"EntryPoint","urlTemplate":"https:\/\/paysdeforbach.com\/de\/?s={search_term_string}"},"query-input":{"@type":"PropertyValueSpecification","valueRequired":true,"valueName":"search_term_string"}}],"inLanguage":"de"},{"@type":"Organization","@id":"https:\/\/paysdeforbach.com\/de\/#organization","name":"OT Pays de Forbach","url":"https:\/\/paysdeforbach.com\/de\/","logo":{"@type":"ImageObject","inLanguage":"de","@id":"https:\/\/paysdeforbach.com\/de\/#\/schema\/logo\/image\/","url":"https:\/\/paysdeforbach.com\/wp-content\/uploads\/2025\/11\/cropped-logo-Pays-de-Forbach_Quadri.webp","contentUrl":"https:\/\/paysdeforbach.com\/wp-content\/uploads\/2025\/11\/cropped-logo-Pays-de-Forbach_Quadri.webp","width":623,"height":356,"caption":"OT Pays de Forbach"},"image":{"@id":"https:\/\/paysdeforbach.com\/de\/#\/schema\/logo\/image\/"}}]}},"_links":{"self":[{"href":"https:\/\/paysdeforbach.com\/de\/wp-json\/wp\/v2\/pages\/10814","targetHints":{"allow":["GET"]}}],"collection":[{"href":"https:\/\/paysdeforbach.com\/de\/wp-json\/wp\/v2\/pages"}],"about":[{"href":"https:\/\/paysdeforbach.com\/de\/wp-json\/wp\/v2\/types\/page"}],"author":[{"embeddable":true,"href":"https:\/\/paysdeforbach.com\/de\/wp-json\/wp\/v2\/users\/3"}],"replies":[{"embeddable":true,"href":"https:\/\/paysdeforbach.com\/de\/wp-json\/wp\/v2\/comments?post=10814"}],"version-history":[{"count":2,"href":"https:\/\/paysdeforbach.com\/de\/wp-json\/wp\/v2\/pages\/10814\/revisions"}],"predecessor-version":[{"id":10817,"href":"https:\/\/paysdeforbach.com\/de\/wp-json\/wp\/v2\/pages\/10814\/revisions\/10817"}],"wp:attachment":[{"href":"https:\/\/paysdeforbach.com\/de\/wp-json\/wp\/v2\/media?parent=10814"}],"curies":[{"name":"wp","href":"https:\/\/api.w.org\/{rel}","templated":true}]}}