{"id":10818,"date":"2025-10-14T14:27:03","date_gmt":"2025-10-14T14:27:03","guid":{"rendered":"https:\/\/paysdeforbach.com\/entdecken\/aktivitaeten\/"},"modified":"2026-03-18T10:08:03","modified_gmt":"2026-03-18T10:08:03","slug":"aktivitaeten","status":"publish","type":"page","link":"https:\/\/paysdeforbach.com\/de\/entdecken\/aktivitaeten\/","title":{"rendered":"Aktivit\u00e4ten"},"content":{"rendered":"\t\t<div data-elementor-type=\"wp-page\" data-elementor-id=\"10818\" class=\"elementor elementor-10818 elementor-2653\" data-elementor-post-type=\"page\">\n\t\t\t\t<div class=\"elementor-element elementor-element-41813596 e-con-full e-flex e-con e-parent\" data-id=\"41813596\" data-element_type=\"container\">\n\t\t<section class=\"elementor-element elementor-element-65913b29 e-con-full e-flex e-con e-child\" data-id=\"65913b29\" data-element_type=\"container\" data-settings=\"{&quot;background_background&quot;:&quot;classic&quot;}\">\n\t\t\t\t<div class=\"elementor-element elementor-element-6395aa0c elementor-widget elementor-widget-heading\" data-id=\"6395aa0c\" data-element_type=\"widget\" data-widget_type=\"heading.default\">\n\t\t\t\t\t<h2 class=\"elementor-heading-title elementor-size-default\">Aktivit\u00e4ten<\/h2>\t\t\t\t<\/div>\n\t\t\t\t<\/section>\n\t\t\t\t<div class=\"elementor-element elementor-element-eb328b3 elementor-widget elementor-widget-breadcrumbs\" data-id=\"eb328b3\" data-element_type=\"widget\" data-widget_type=\"breadcrumbs.default\">\n\t\t\t\t\t<span id=\"breadcrumbs\"><span><span><a href=\"https:\/\/paysdeforbach.com\/de\/\">Accueil<\/a><\/span><\/span><\/span>\t\t\t\t<\/div>\n\t\t\t\t<div class=\"elementor-element elementor-element-b2b2a95 elementor-widget elementor-widget-text-editor\" data-id=\"b2b2a95\" data-element_type=\"widget\" data-widget_type=\"text-editor.default\">\n\t\t\t\t\t\t\t\t\t<p><strong>Haben Sie Lust auf ein Bad im Schwimmbad? Auf etwas Kultur? Auf Unterhaltung? Oder auf sportliche Aktivit\u00e4ten? W\u00e4hlen Sie Ihr n\u00e4chstes Erlebnis im Pays de Forbach!    <\/strong><\/p>\t\t\t\t\t\t\t\t<\/div>\n\t\t\t\t<\/div>\n\t\t<div class=\"elementor-element elementor-element-635ee48b e-con-full page-liaison e-flex e-con e-parent\" data-id=\"635ee48b\" data-element_type=\"container\">\n\t\t<div class=\"elementor-element elementor-element-5141d95 e-grid e-con-full e-con e-child\" data-id=\"5141d95\" data-element_type=\"container\">\n\t\t<a class=\"elementor-element elementor-element-3cbe0f22 e-con-full page-liaison-block e-flex e-con e-child\" data-id=\"3cbe0f22\" data-element_type=\"container\" data-settings=\"{&quot;background_background&quot;:&quot;classic&quot;}\" href=\"https:\/\/paysdeforbach.com\/decouvrir\/activites\/loisirs\/\">\n\t\t\t\t<div class=\"elementor-element elementor-element-184e0eba elementor-widget elementor-widget-heading\" data-id=\"184e0eba\" data-element_type=\"widget\" data-widget_type=\"heading.default\">\n\t\t\t\t\t<h3 class=\"elementor-heading-title elementor-size-default\">Freizeit<\/h3>\t\t\t\t<\/div>\n\t\t\t\t<\/a>\n\t\t<a class=\"elementor-element elementor-element-6336284a e-con-full page-liaison-block e-flex e-con e-child\" data-id=\"6336284a\" data-element_type=\"container\" data-settings=\"{&quot;background_background&quot;:&quot;classic&quot;}\" href=\"https:\/\/paysdeforbach.com\/decouvrir\/activites\/culture\/\">\n\t\t\t\t<div class=\"elementor-element elementor-element-5e576489 elementor-widget elementor-widget-heading\" data-id=\"5e576489\" data-element_type=\"widget\" data-widget_type=\"heading.default\">\n\t\t\t\t\t<h3 class=\"elementor-heading-title elementor-size-default\">Kultur<\/h3>\t\t\t\t<\/div>\n\t\t\t\t<\/a>\n\t\t\t\t<\/div>\n\t\t<div class=\"elementor-element elementor-element-57890627 e-grid e-con-full e-con e-child\" data-id=\"57890627\" data-element_type=\"container\">\n\t\t<a class=\"elementor-element elementor-element-2a0a1962 e-con-full page-liaison-block e-flex e-con e-child\" data-id=\"2a0a1962\" data-element_type=\"container\" data-settings=\"{&quot;background_background&quot;:&quot;classic&quot;}\" href=\"https:\/\/paysdeforbach.com\/decouvrir\/activites\/balades-ludiques-randoland\/\">\n\t\t\t\t<div class=\"elementor-element elementor-element-543d6f9b elementor-widget elementor-widget-heading\" data-id=\"543d6f9b\" data-element_type=\"widget\" data-widget_type=\"heading.default\">\n\t\t\t\t\t<h3 class=\"elementor-heading-title elementor-size-default\">Randoland: Spielerische Wanderungen<\/h3>\t\t\t\t<\/div>\n\t\t\t\t<\/a>\n\t\t<a class=\"elementor-element elementor-element-1f6840dc e-con-full page-liaison-block e-flex e-con e-child\" data-id=\"1f6840dc\" data-element_type=\"container\" data-settings=\"{&quot;background_background&quot;:&quot;classic&quot;}\" href=\"https:\/\/paysdeforbach.com\/agenda\/\">\n\t\t\t\t<div class=\"elementor-element elementor-element-58987a31 elementor-widget elementor-widget-heading\" data-id=\"58987a31\" data-element_type=\"widget\" data-widget_type=\"heading.default\">\n\t\t\t\t\t<h3 class=\"elementor-heading-title elementor-size-default\">Veranstaltungen<\/h3>\t\t\t\t<\/div>\n\t\t\t\t<\/a>\n\t\t\t\t<\/div>\n\t\t\t\t<\/div>\n\t\t<div class=\"elementor-element elementor-element-f5632bd e-flex e-con-boxed e-con e-parent\" data-id=\"f5632bd\" data-element_type=\"container\">\n\t\t\t\t\t<div class=\"e-con-inner\">\n\t\t\t\t<div class=\"elementor-element elementor-element-dc4a0c5 elementor-widget elementor-widget-spacer\" data-id=\"dc4a0c5\" data-element_type=\"widget\" data-widget_type=\"spacer.default\">\n\t\t\t\t\t\t\t<div class=\"elementor-spacer\">\n\t\t\t<div class=\"elementor-spacer-inner\"><\/div>\n\t\t<\/div>\n\t\t\t\t\t\t<\/div>\n\t\t\t\t\t<\/div>\n\t\t\t\t<\/div>\n\t\t<div class=\"elementor-element elementor-element-5d981ae e-con-full e-flex e-con e-parent\" data-id=\"5d981ae\" data-element_type=\"container\">\n\t\t\t\t<div class=\"elementor-element elementor-element-77d5251 elementor-widget elementor-widget-shortcode\" data-id=\"77d5251\" data-element_type=\"widget\" data-widget_type=\"shortcode.default\">\n\t\t\t\t\t\t\t<div class=\"elementor-shortcode\"><\/div>\n\t\t\t\t\t\t<\/div>\n\t\t\t\t<\/div>\n\t\t\t\t<\/div>\n\t\t","protected":false},"excerpt":{"rendered":"<p>Aktivit\u00e4ten Haben Sie Lust auf ein Bad im Schwimmbad? Auf etwas Kultur? Auf Unterhaltung? Oder auf sportliche Aktivit\u00e4ten? W\u00e4hlen Sie Ihr n\u00e4chstes Erlebnis im Pays de Forbach! Freizeit Kultur Randoland: Spielerische Wanderungen Veranstaltungen<\/p>\n","protected":false},"author":3,"featured_media":0,"parent":10593,"menu_order":0,"comment_status":"closed","ping_status":"closed","template":"","meta":{"footnotes":""},"class_list":["post-10818","page","type-page","status-publish","hentry"],"yoast_head":"<!-- This site is optimized with the Yoast SEO plugin v26.8 - https:\/\/yoast.com\/product\/yoast-seo-wordpress\/ -->\n<title>Aktivit\u00e4ten - Office de Tourisme du Pays de Forbach<\/title>\n<meta name=\"robots\" content=\"index, follow, max-snippet:-1, max-image-preview:large, max-video-preview:-1\" \/>\n<link rel=\"canonical\" href=\"https:\/\/paysdeforbach.com\/de\/entdecken\/aktivitaeten\/\" \/>\n<meta property=\"og:locale\" content=\"de_DE\" \/>\n<meta property=\"og:type\" content=\"article\" \/>\n<meta property=\"og:title\" content=\"Aktivit\u00e4ten - Office de Tourisme du Pays de Forbach\" \/>\n<meta property=\"og:description\" content=\"Aktivit\u00e4ten Haben Sie Lust auf ein Bad im Schwimmbad? Auf etwas Kultur? Auf Unterhaltung? Oder auf sportliche Aktivit\u00e4ten? W\u00e4hlen Sie Ihr n\u00e4chstes Erlebnis im Pays de Forbach! Freizeit Kultur Randoland: Spielerische Wanderungen Veranstaltungen\" \/>\n<meta property=\"og:url\" content=\"https:\/\/paysdeforbach.com\/de\/entdecken\/aktivitaeten\/\" \/>\n<meta property=\"og:site_name\" content=\"Office de Tourisme du Pays de Forbach\" \/>\n<meta property=\"article:modified_time\" content=\"2026-03-18T10:08:03+00:00\" \/>\n<meta name=\"twitter:card\" content=\"summary_large_image\" \/>\n<script type=\"application\/ld+json\" class=\"yoast-schema-graph\">{\"@context\":\"https:\/\/schema.org\",\"@graph\":[{\"@type\":\"WebPage\",\"@id\":\"https:\/\/paysdeforbach.com\/de\/entdecken\/aktivitaeten\/\",\"url\":\"https:\/\/paysdeforbach.com\/de\/entdecken\/aktivitaeten\/\",\"name\":\"Aktivit\u00e4ten - Office de Tourisme du Pays de Forbach\",\"isPartOf\":{\"@id\":\"https:\/\/paysdeforbach.com\/de\/#website\"},\"datePublished\":\"2025-10-14T14:27:03+00:00\",\"dateModified\":\"2026-03-18T10:08:03+00:00\",\"breadcrumb\":{\"@id\":\"https:\/\/paysdeforbach.com\/de\/entdecken\/aktivitaeten\/#breadcrumb\"},\"inLanguage\":\"de\",\"potentialAction\":[{\"@type\":\"ReadAction\",\"target\":[\"https:\/\/paysdeforbach.com\/de\/entdecken\/aktivitaeten\/\"]}]},{\"@type\":\"BreadcrumbList\",\"@id\":\"https:\/\/paysdeforbach.com\/de\/entdecken\/aktivitaeten\/#breadcrumb\",\"itemListElement\":[{\"@type\":\"ListItem\",\"position\":1,\"name\":\"Accueil\",\"item\":\"https:\/\/paysdeforbach.com\/de\/\"},{\"@type\":\"ListItem\",\"position\":2,\"name\":\"Entdecken\",\"item\":\"https:\/\/paysdeforbach.com\/de\/entdecken\/\"},{\"@type\":\"ListItem\",\"position\":3,\"name\":\"Aktivit\u00e4ten\"}]},{\"@type\":\"WebSite\",\"@id\":\"https:\/\/paysdeforbach.com\/de\/#website\",\"url\":\"https:\/\/paysdeforbach.com\/de\/\",\"name\":\"OT Pays de Forbach\",\"description\":\"\",\"publisher\":{\"@id\":\"https:\/\/paysdeforbach.com\/de\/#organization\"},\"potentialAction\":[{\"@type\":\"SearchAction\",\"target\":{\"@type\":\"EntryPoint\",\"urlTemplate\":\"https:\/\/paysdeforbach.com\/de\/?s={search_term_string}\"},\"query-input\":{\"@type\":\"PropertyValueSpecification\",\"valueRequired\":true,\"valueName\":\"search_term_string\"}}],\"inLanguage\":\"de\"},{\"@type\":\"Organization\",\"@id\":\"https:\/\/paysdeforbach.com\/de\/#organization\",\"name\":\"OT Pays de Forbach\",\"url\":\"https:\/\/paysdeforbach.com\/de\/\",\"logo\":{\"@type\":\"ImageObject\",\"inLanguage\":\"de\",\"@id\":\"https:\/\/paysdeforbach.com\/de\/#\/schema\/logo\/image\/\",\"url\":\"https:\/\/paysdeforbach.com\/wp-content\/uploads\/2025\/11\/cropped-logo-Pays-de-Forbach_Quadri.webp\",\"contentUrl\":\"https:\/\/paysdeforbach.com\/wp-content\/uploads\/2025\/11\/cropped-logo-Pays-de-Forbach_Quadri.webp\",\"width\":623,\"height\":356,\"caption\":\"OT Pays de Forbach\"},\"image\":{\"@id\":\"https:\/\/paysdeforbach.com\/de\/#\/schema\/logo\/image\/\"}}]}<\/script>\n<!-- \/ Yoast SEO plugin. -->","yoast_head_json":{"title":"Aktivit\u00e4ten - Office de Tourisme du Pays de Forbach","robots":{"index":"index","follow":"follow","max-snippet":"max-snippet:-1","max-image-preview":"max-image-preview:large","max-video-preview":"max-video-preview:-1"},"canonical":"https:\/\/paysdeforbach.com\/de\/entdecken\/aktivitaeten\/","og_locale":"de_DE","og_type":"article","og_title":"Aktivit\u00e4ten - Office de Tourisme du Pays de Forbach","og_description":"Aktivit\u00e4ten Haben Sie Lust auf ein Bad im Schwimmbad? Auf etwas Kultur? Auf Unterhaltung? Oder auf sportliche Aktivit\u00e4ten? W\u00e4hlen Sie Ihr n\u00e4chstes Erlebnis im Pays de Forbach! Freizeit Kultur Randoland: Spielerische Wanderungen Veranstaltungen","og_url":"https:\/\/paysdeforbach.com\/de\/entdecken\/aktivitaeten\/","og_site_name":"Office de Tourisme du Pays de Forbach","article_modified_time":"2026-03-18T10:08:03+00:00","twitter_card":"summary_large_image","schema":{"@context":"https:\/\/schema.org","@graph":[{"@type":"WebPage","@id":"https:\/\/paysdeforbach.com\/de\/entdecken\/aktivitaeten\/","url":"https:\/\/paysdeforbach.com\/de\/entdecken\/aktivitaeten\/","name":"Aktivit\u00e4ten - Office de Tourisme du Pays de Forbach","isPartOf":{"@id":"https:\/\/paysdeforbach.com\/de\/#website"},"datePublished":"2025-10-14T14:27:03+00:00","dateModified":"2026-03-18T10:08:03+00:00","breadcrumb":{"@id":"https:\/\/paysdeforbach.com\/de\/entdecken\/aktivitaeten\/#breadcrumb"},"inLanguage":"de","potentialAction":[{"@type":"ReadAction","target":["https:\/\/paysdeforbach.com\/de\/entdecken\/aktivitaeten\/"]}]},{"@type":"BreadcrumbList","@id":"https:\/\/paysdeforbach.com\/de\/entdecken\/aktivitaeten\/#breadcrumb","itemListElement":[{"@type":"ListItem","position":1,"name":"Accueil","item":"https:\/\/paysdeforbach.com\/de\/"},{"@type":"ListItem","position":2,"name":"Entdecken","item":"https:\/\/paysdeforbach.com\/de\/entdecken\/"},{"@type":"ListItem","position":3,"name":"Aktivit\u00e4ten"}]},{"@type":"WebSite","@id":"https:\/\/paysdeforbach.com\/de\/#website","url":"https:\/\/paysdeforbach.com\/de\/","name":"OT Pays de Forbach","description":"","publisher":{"@id":"https:\/\/paysdeforbach.com\/de\/#organization"},"potentialAction":[{"@type":"SearchAction","target":{"@type":"EntryPoint","urlTemplate":"https:\/\/paysdeforbach.com\/de\/?s={search_term_string}"},"query-input":{"@type":"PropertyValueSpecification","valueRequired":true,"valueName":"search_term_string"}}],"inLanguage":"de"},{"@type":"Organization","@id":"https:\/\/paysdeforbach.com\/de\/#organization","name":"OT Pays de Forbach","url":"https:\/\/paysdeforbach.com\/de\/","logo":{"@type":"ImageObject","inLanguage":"de","@id":"https:\/\/paysdeforbach.com\/de\/#\/schema\/logo\/image\/","url":"https:\/\/paysdeforbach.com\/wp-content\/uploads\/2025\/11\/cropped-logo-Pays-de-Forbach_Quadri.webp","contentUrl":"https:\/\/paysdeforbach.com\/wp-content\/uploads\/2025\/11\/cropped-logo-Pays-de-Forbach_Quadri.webp","width":623,"height":356,"caption":"OT Pays de Forbach"},"image":{"@id":"https:\/\/paysdeforbach.com\/de\/#\/schema\/logo\/image\/"}}]}},"_links":{"self":[{"href":"https:\/\/paysdeforbach.com\/de\/wp-json\/wp\/v2\/pages\/10818","targetHints":{"allow":["GET"]}}],"collection":[{"href":"https:\/\/paysdeforbach.com\/de\/wp-json\/wp\/v2\/pages"}],"about":[{"href":"https:\/\/paysdeforbach.com\/de\/wp-json\/wp\/v2\/types\/page"}],"author":[{"embeddable":true,"href":"https:\/\/paysdeforbach.com\/de\/wp-json\/wp\/v2\/users\/3"}],"replies":[{"embeddable":true,"href":"https:\/\/paysdeforbach.com\/de\/wp-json\/wp\/v2\/comments?post=10818"}],"version-history":[{"count":4,"href":"https:\/\/paysdeforbach.com\/de\/wp-json\/wp\/v2\/pages\/10818\/revisions"}],"predecessor-version":[{"id":10987,"href":"https:\/\/paysdeforbach.com\/de\/wp-json\/wp\/v2\/pages\/10818\/revisions\/10987"}],"up":[{"embeddable":true,"href":"https:\/\/paysdeforbach.com\/de\/wp-json\/wp\/v2\/pages\/10593"}],"wp:attachment":[{"href":"https:\/\/paysdeforbach.com\/de\/wp-json\/wp\/v2\/media?parent=10818"}],"curies":[{"name":"wp","href":"https:\/\/api.w.org\/{rel}","templated":true}]}}