{"id":10829,"date":"2025-10-14T13:57:14","date_gmt":"2025-10-14T13:57:14","guid":{"rendered":"https:\/\/paysdeforbach.com\/radtouren\/"},"modified":"2026-03-18T10:08:07","modified_gmt":"2026-03-18T10:08:07","slug":"radtouren","status":"publish","type":"page","link":"https:\/\/paysdeforbach.com\/de\/entdecken\/natur-und-unterwegssein\/radtouren\/","title":{"rendered":"Radtouren"},"content":{"rendered":"\t\t<div data-elementor-type=\"wp-page\" data-elementor-id=\"10829\" class=\"elementor elementor-10829 elementor-2606\" data-elementor-post-type=\"page\">\n\t\t\t\t<div class=\"elementor-element elementor-element-7d8db2d0 e-con-full e-flex e-con e-parent\" data-id=\"7d8db2d0\" data-element_type=\"container\">\n\t\t<section class=\"elementor-element elementor-element-14f99d85 e-con-full e-flex e-con e-child\" data-id=\"14f99d85\" data-element_type=\"container\" data-settings=\"{&quot;background_background&quot;:&quot;classic&quot;}\">\n\t\t\t\t<div class=\"elementor-element elementor-element-7227a77a elementor-widget elementor-widget-heading\" data-id=\"7227a77a\" data-element_type=\"widget\" data-widget_type=\"heading.default\">\n\t\t\t\t\t<h2 class=\"elementor-heading-title elementor-size-default\">Fahrradtouren<\/h2>\t\t\t\t<\/div>\n\t\t\t\t<\/section>\n\t\t\t\t<div class=\"elementor-element elementor-element-5239833 elementor-widget elementor-widget-breadcrumbs\" data-id=\"5239833\" data-element_type=\"widget\" data-widget_type=\"breadcrumbs.default\">\n\t\t\t\t\t<span id=\"breadcrumbs\"><span><span><a href=\"https:\/\/paysdeforbach.com\/de\/\">Accueil<\/a><\/span><\/span><\/span>\t\t\t\t<\/div>\n\t\t\t\t<div class=\"elementor-element elementor-element-6b6ad59 elementor-widget elementor-widget-text-editor\" data-id=\"6b6ad59\" data-element_type=\"widget\" data-widget_type=\"text-editor.default\">\n\t\t\t\t\t\t\t\t\t<p><strong>M\u00f6chten Sie eine Fahrradtour unternehmen? Das Pays de Forbach bietet Ihnen mehrere zug\u00e4ngliche und angenehme Radwege, um zwischen Natur und Kulturerbe zu radeln.  <\/strong><\/p><p>Ob f\u00fcr einen Familienausflug oder eine sportlichere Strecke, eine Fahrradtour ist eine sch\u00f6ne Art, das Gebiet des Pays de Forbach auf andere Weise zu erkunden.<\/p>\t\t\t\t\t\t\t\t<\/div>\n\t\t\t\t<\/div>\n\t\t<div class=\"elementor-element elementor-element-464ff2e6 e-con-full page-liaison e-flex e-con e-parent\" data-id=\"464ff2e6\" data-element_type=\"container\">\n\t\t<div class=\"elementor-element elementor-element-99920bf e-con-full page-liaison e-flex e-con e-child\" data-id=\"99920bf\" data-element_type=\"container\">\n\t\t<div class=\"elementor-element elementor-element-ab69c67 e-grid e-con-full e-con e-child\" data-id=\"ab69c67\" data-element_type=\"container\">\n\t\t<a class=\"elementor-element elementor-element-d6f93bc e-con-full page-liaison-block e-flex e-con e-child\" data-id=\"d6f93bc\" data-element_type=\"container\" data-settings=\"{&quot;background_background&quot;:&quot;classic&quot;}\" href=\"https:\/\/paysdeforbach.com\/decouvrir\/nature-et-itinerance\/randonnees-a-velo\/pistes-cyclables\/\">\n\t\t\t\t<div class=\"elementor-element elementor-element-6a762e2 elementor-widget elementor-widget-heading\" data-id=\"6a762e2\" data-element_type=\"widget\" data-widget_type=\"heading.default\">\n\t\t\t\t\t<h2 class=\"elementor-heading-title elementor-size-default\">RADWEGE<\/h2>\t\t\t\t<\/div>\n\t\t\t\t<\/a>\n\t\t<a class=\"elementor-element elementor-element-e46a22b e-con-full page-liaison-block e-flex e-con e-child\" data-id=\"e46a22b\" data-element_type=\"container\" data-settings=\"{&quot;background_background&quot;:&quot;classic&quot;}\" href=\"https:\/\/paysdeforbach.com\/decouvrir\/nature-et-itinerance\/randonnees-a-velo\/reseau-velo-visavis\/\">\n\t\t\t\t<div class=\"elementor-element elementor-element-62b4e1d elementor-widget elementor-widget-heading\" data-id=\"62b4e1d\" data-element_type=\"widget\" data-widget_type=\"heading.default\">\n\t\t\t\t\t<h2 class=\"elementor-heading-title elementor-size-default\">Fahrradnetz visavis<\/h2>\t\t\t\t<\/div>\n\t\t\t\t<\/a>\n\t\t\t\t<\/div>\n\t\t\t\t<\/div>\n\t\t\t\t<\/div>\n\t\t<div class=\"elementor-element elementor-element-ef1118e e-con-full e-flex e-con e-parent\" data-id=\"ef1118e\" data-element_type=\"container\">\n\t\t\t\t<div class=\"elementor-element elementor-element-3ed9dbe elementor-widget elementor-widget-shortcode\" data-id=\"3ed9dbe\" data-element_type=\"widget\" data-widget_type=\"shortcode.default\">\n\t\t\t\t\t\t\t<div class=\"elementor-shortcode\"><\/div>\n\t\t\t\t\t\t<\/div>\n\t\t\t\t<\/div>\n\t\t\t\t<\/div>\n\t\t","protected":false},"excerpt":{"rendered":"<p>Fahrradtouren M\u00f6chten Sie eine Fahrradtour unternehmen? Das Pays de Forbach bietet Ihnen mehrere zug\u00e4ngliche und angenehme Radwege, um zwischen Natur und Kulturerbe zu radeln. Ob f\u00fcr einen Familienausflug oder eine sportlichere Strecke, eine Fahrradtour ist eine sch\u00f6ne Art, das Gebiet des Pays de Forbach auf andere Weise zu erkunden. RADWEGE Fahrradnetz visavis<\/p>\n","protected":false},"author":3,"featured_media":0,"parent":10833,"menu_order":0,"comment_status":"closed","ping_status":"closed","template":"","meta":{"footnotes":""},"class_list":["post-10829","page","type-page","status-publish","hentry"],"yoast_head":"<!-- This site is optimized with the Yoast SEO plugin v26.8 - https:\/\/yoast.com\/product\/yoast-seo-wordpress\/ -->\n<title>Radtouren - Fahrradrouten - Pays de Forbach<\/title>\n<meta name=\"description\" content=\"Fahrradrouten im Pays de Forbach: Rundwege von 6 bis 19 km (Rosselle, H\u00e9rapel, Teiche, Kohle &amp; Stahl). Distanzen, Schwierigkeitsgrade und Informationen\" \/>\n<meta name=\"robots\" content=\"index, follow, max-snippet:-1, max-image-preview:large, max-video-preview:-1\" \/>\n<link rel=\"canonical\" href=\"https:\/\/paysdeforbach.com\/de\/entdecken\/natur-und-unterwegssein\/radtouren\/\" \/>\n<meta property=\"og:locale\" content=\"de_DE\" \/>\n<meta property=\"og:type\" content=\"article\" \/>\n<meta property=\"og:title\" content=\"Radtouren - Fahrradrouten - Pays de Forbach\" \/>\n<meta property=\"og:description\" content=\"Fahrradrouten im Pays de Forbach: Rundwege von 6 bis 19 km (Rosselle, H\u00e9rapel, Teiche, Kohle &amp; Stahl). Distanzen, Schwierigkeitsgrade und Informationen\" \/>\n<meta property=\"og:url\" content=\"https:\/\/paysdeforbach.com\/de\/entdecken\/natur-und-unterwegssein\/radtouren\/\" \/>\n<meta property=\"og:site_name\" content=\"Office de Tourisme du Pays de Forbach\" \/>\n<meta property=\"article:modified_time\" content=\"2026-03-18T10:08:07+00:00\" \/>\n<meta name=\"twitter:card\" content=\"summary_large_image\" \/>\n<script type=\"application\/ld+json\" class=\"yoast-schema-graph\">{\"@context\":\"https:\/\/schema.org\",\"@graph\":[{\"@type\":\"WebPage\",\"@id\":\"https:\/\/paysdeforbach.com\/de\/entdecken\/natur-und-unterwegssein\/radtouren\/\",\"url\":\"https:\/\/paysdeforbach.com\/de\/entdecken\/natur-und-unterwegssein\/radtouren\/\",\"name\":\"Radtouren - Fahrradrouten - Pays de Forbach\",\"isPartOf\":{\"@id\":\"https:\/\/paysdeforbach.com\/de\/#website\"},\"datePublished\":\"2025-10-14T13:57:14+00:00\",\"dateModified\":\"2026-03-18T10:08:07+00:00\",\"description\":\"Fahrradrouten im Pays de Forbach: Rundwege von 6 bis 19 km (Rosselle, H\u00e9rapel, Teiche, Kohle & Stahl). Distanzen, Schwierigkeitsgrade und Informationen\",\"breadcrumb\":{\"@id\":\"https:\/\/paysdeforbach.com\/de\/entdecken\/natur-und-unterwegssein\/radtouren\/#breadcrumb\"},\"inLanguage\":\"de\",\"potentialAction\":[{\"@type\":\"ReadAction\",\"target\":[\"https:\/\/paysdeforbach.com\/de\/entdecken\/natur-und-unterwegssein\/radtouren\/\"]}]},{\"@type\":\"BreadcrumbList\",\"@id\":\"https:\/\/paysdeforbach.com\/de\/entdecken\/natur-und-unterwegssein\/radtouren\/#breadcrumb\",\"itemListElement\":[{\"@type\":\"ListItem\",\"position\":1,\"name\":\"Accueil\",\"item\":\"https:\/\/paysdeforbach.com\/de\/\"},{\"@type\":\"ListItem\",\"position\":2,\"name\":\"Entdecken\",\"item\":\"https:\/\/paysdeforbach.com\/de\/entdecken\/\"},{\"@type\":\"ListItem\",\"position\":3,\"name\":\"Natur und Unterwegssein\",\"item\":\"https:\/\/paysdeforbach.com\/de\/entdecken\/natur-und-unterwegssein\/\"},{\"@type\":\"ListItem\",\"position\":4,\"name\":\"Radtouren\"}]},{\"@type\":\"WebSite\",\"@id\":\"https:\/\/paysdeforbach.com\/de\/#website\",\"url\":\"https:\/\/paysdeforbach.com\/de\/\",\"name\":\"OT Pays de Forbach\",\"description\":\"\",\"publisher\":{\"@id\":\"https:\/\/paysdeforbach.com\/de\/#organization\"},\"potentialAction\":[{\"@type\":\"SearchAction\",\"target\":{\"@type\":\"EntryPoint\",\"urlTemplate\":\"https:\/\/paysdeforbach.com\/de\/?s={search_term_string}\"},\"query-input\":{\"@type\":\"PropertyValueSpecification\",\"valueRequired\":true,\"valueName\":\"search_term_string\"}}],\"inLanguage\":\"de\"},{\"@type\":\"Organization\",\"@id\":\"https:\/\/paysdeforbach.com\/de\/#organization\",\"name\":\"OT Pays de Forbach\",\"url\":\"https:\/\/paysdeforbach.com\/de\/\",\"logo\":{\"@type\":\"ImageObject\",\"inLanguage\":\"de\",\"@id\":\"https:\/\/paysdeforbach.com\/de\/#\/schema\/logo\/image\/\",\"url\":\"https:\/\/paysdeforbach.com\/wp-content\/uploads\/2025\/11\/cropped-logo-Pays-de-Forbach_Quadri.webp\",\"contentUrl\":\"https:\/\/paysdeforbach.com\/wp-content\/uploads\/2025\/11\/cropped-logo-Pays-de-Forbach_Quadri.webp\",\"width\":623,\"height\":356,\"caption\":\"OT Pays de Forbach\"},\"image\":{\"@id\":\"https:\/\/paysdeforbach.com\/de\/#\/schema\/logo\/image\/\"}}]}<\/script>\n<!-- \/ Yoast SEO plugin. -->","yoast_head_json":{"title":"Radtouren - Fahrradrouten - Pays de Forbach","description":"Fahrradrouten im Pays de Forbach: Rundwege von 6 bis 19 km (Rosselle, H\u00e9rapel, Teiche, Kohle & Stahl). Distanzen, Schwierigkeitsgrade und Informationen","robots":{"index":"index","follow":"follow","max-snippet":"max-snippet:-1","max-image-preview":"max-image-preview:large","max-video-preview":"max-video-preview:-1"},"canonical":"https:\/\/paysdeforbach.com\/de\/entdecken\/natur-und-unterwegssein\/radtouren\/","og_locale":"de_DE","og_type":"article","og_title":"Radtouren - Fahrradrouten - Pays de Forbach","og_description":"Fahrradrouten im Pays de Forbach: Rundwege von 6 bis 19 km (Rosselle, H\u00e9rapel, Teiche, Kohle & Stahl). Distanzen, Schwierigkeitsgrade und Informationen","og_url":"https:\/\/paysdeforbach.com\/de\/entdecken\/natur-und-unterwegssein\/radtouren\/","og_site_name":"Office de Tourisme du Pays de Forbach","article_modified_time":"2026-03-18T10:08:07+00:00","twitter_card":"summary_large_image","schema":{"@context":"https:\/\/schema.org","@graph":[{"@type":"WebPage","@id":"https:\/\/paysdeforbach.com\/de\/entdecken\/natur-und-unterwegssein\/radtouren\/","url":"https:\/\/paysdeforbach.com\/de\/entdecken\/natur-und-unterwegssein\/radtouren\/","name":"Radtouren - Fahrradrouten - Pays de Forbach","isPartOf":{"@id":"https:\/\/paysdeforbach.com\/de\/#website"},"datePublished":"2025-10-14T13:57:14+00:00","dateModified":"2026-03-18T10:08:07+00:00","description":"Fahrradrouten im Pays de Forbach: Rundwege von 6 bis 19 km (Rosselle, H\u00e9rapel, Teiche, Kohle & Stahl). Distanzen, Schwierigkeitsgrade und Informationen","breadcrumb":{"@id":"https:\/\/paysdeforbach.com\/de\/entdecken\/natur-und-unterwegssein\/radtouren\/#breadcrumb"},"inLanguage":"de","potentialAction":[{"@type":"ReadAction","target":["https:\/\/paysdeforbach.com\/de\/entdecken\/natur-und-unterwegssein\/radtouren\/"]}]},{"@type":"BreadcrumbList","@id":"https:\/\/paysdeforbach.com\/de\/entdecken\/natur-und-unterwegssein\/radtouren\/#breadcrumb","itemListElement":[{"@type":"ListItem","position":1,"name":"Accueil","item":"https:\/\/paysdeforbach.com\/de\/"},{"@type":"ListItem","position":2,"name":"Entdecken","item":"https:\/\/paysdeforbach.com\/de\/entdecken\/"},{"@type":"ListItem","position":3,"name":"Natur und Unterwegssein","item":"https:\/\/paysdeforbach.com\/de\/entdecken\/natur-und-unterwegssein\/"},{"@type":"ListItem","position":4,"name":"Radtouren"}]},{"@type":"WebSite","@id":"https:\/\/paysdeforbach.com\/de\/#website","url":"https:\/\/paysdeforbach.com\/de\/","name":"OT Pays de Forbach","description":"","publisher":{"@id":"https:\/\/paysdeforbach.com\/de\/#organization"},"potentialAction":[{"@type":"SearchAction","target":{"@type":"EntryPoint","urlTemplate":"https:\/\/paysdeforbach.com\/de\/?s={search_term_string}"},"query-input":{"@type":"PropertyValueSpecification","valueRequired":true,"valueName":"search_term_string"}}],"inLanguage":"de"},{"@type":"Organization","@id":"https:\/\/paysdeforbach.com\/de\/#organization","name":"OT Pays de Forbach","url":"https:\/\/paysdeforbach.com\/de\/","logo":{"@type":"ImageObject","inLanguage":"de","@id":"https:\/\/paysdeforbach.com\/de\/#\/schema\/logo\/image\/","url":"https:\/\/paysdeforbach.com\/wp-content\/uploads\/2025\/11\/cropped-logo-Pays-de-Forbach_Quadri.webp","contentUrl":"https:\/\/paysdeforbach.com\/wp-content\/uploads\/2025\/11\/cropped-logo-Pays-de-Forbach_Quadri.webp","width":623,"height":356,"caption":"OT Pays de Forbach"},"image":{"@id":"https:\/\/paysdeforbach.com\/de\/#\/schema\/logo\/image\/"}}]}},"_links":{"self":[{"href":"https:\/\/paysdeforbach.com\/de\/wp-json\/wp\/v2\/pages\/10829","targetHints":{"allow":["GET"]}}],"collection":[{"href":"https:\/\/paysdeforbach.com\/de\/wp-json\/wp\/v2\/pages"}],"about":[{"href":"https:\/\/paysdeforbach.com\/de\/wp-json\/wp\/v2\/types\/page"}],"author":[{"embeddable":true,"href":"https:\/\/paysdeforbach.com\/de\/wp-json\/wp\/v2\/users\/3"}],"replies":[{"embeddable":true,"href":"https:\/\/paysdeforbach.com\/de\/wp-json\/wp\/v2\/comments?post=10829"}],"version-history":[{"count":2,"href":"https:\/\/paysdeforbach.com\/de\/wp-json\/wp\/v2\/pages\/10829\/revisions"}],"predecessor-version":[{"id":10832,"href":"https:\/\/paysdeforbach.com\/de\/wp-json\/wp\/v2\/pages\/10829\/revisions\/10832"}],"up":[{"embeddable":true,"href":"https:\/\/paysdeforbach.com\/de\/wp-json\/wp\/v2\/pages\/10833"}],"wp:attachment":[{"href":"https:\/\/paysdeforbach.com\/de\/wp-json\/wp\/v2\/media?parent=10829"}],"curies":[{"name":"wp","href":"https:\/\/api.w.org\/{rel}","templated":true}]}}