{"id":10833,"date":"2025-10-14T13:42:45","date_gmt":"2025-10-14T13:42:45","guid":{"rendered":"https:\/\/paysdeforbach.com\/entdecken\/natur-und-unterwegssein\/"},"modified":"2026-03-18T10:08:07","modified_gmt":"2026-03-18T10:08:07","slug":"natur-und-unterwegssein","status":"publish","type":"page","link":"https:\/\/paysdeforbach.com\/de\/entdecken\/natur-und-unterwegssein\/","title":{"rendered":"Natur und Unterwegssein"},"content":{"rendered":"\t\t<div data-elementor-type=\"wp-page\" data-elementor-id=\"10833\" class=\"elementor elementor-10833 elementor-2577\" data-elementor-post-type=\"page\">\n\t\t\t\t<div class=\"elementor-element elementor-element-6330dd8e e-con-full e-flex e-con e-parent\" data-id=\"6330dd8e\" data-element_type=\"container\">\n\t\t<section class=\"elementor-element elementor-element-5e05eaf2 e-con-full e-flex e-con e-child\" data-id=\"5e05eaf2\" data-element_type=\"container\" data-settings=\"{&quot;background_background&quot;:&quot;classic&quot;}\">\n\t\t\t\t<div class=\"elementor-element elementor-element-298ebc60 elementor-widget elementor-widget-heading\" data-id=\"298ebc60\" data-element_type=\"widget\" data-widget_type=\"heading.default\">\n\t\t\t\t\t<h2 class=\"elementor-heading-title elementor-size-default\">Natur und Unterwegssein<\/h2>\t\t\t\t<\/div>\n\t\t\t\t<\/section>\n\t\t\t\t<div class=\"elementor-element elementor-element-e1f0f65 elementor-widget elementor-widget-breadcrumbs\" data-id=\"e1f0f65\" data-element_type=\"widget\" data-widget_type=\"breadcrumbs.default\">\n\t\t\t\t\t<span id=\"breadcrumbs\"><span><span><a href=\"https:\/\/paysdeforbach.com\/de\/\">Accueil<\/a><\/span><\/span><\/span>\t\t\t\t<\/div>\n\t\t\t\t<div class=\"elementor-element elementor-element-91122be elementor-widget__width-initial elementor-widget elementor-widget-text-editor\" data-id=\"91122be\" data-element_type=\"widget\" data-widget_type=\"text-editor.default\">\n\t\t\t\t\t\t\t\t\t<p><strong>Die Destination Pays de Forbach, eine wahre gr\u00fcne Lunge im Moselgebiet, ist ein Gebiet mit farbenfrohen und gr\u00fcnen Landschaften, das sich ideal f\u00fcr Wanderungen und Radtouren eignet. <\/strong><\/p><p><strong>Wenn Sie frische Luft schnappen, sich erholen, dem Alltag entfliehen und sich mit der Natur verbinden m\u00f6chten, ist ein sch\u00f6ner Spaziergang im Pays de Forbach genau das Richtige.<\/strong><\/p>\t\t\t\t\t\t\t\t<\/div>\n\t\t\t\t<\/div>\n\t\t<div class=\"elementor-element elementor-element-3203866d e-con-full page-liaison e-flex e-con e-parent\" data-id=\"3203866d\" data-element_type=\"container\">\n\t\t<div class=\"elementor-element elementor-element-35f2f882 e-grid e-con-full e-con e-child\" data-id=\"35f2f882\" data-element_type=\"container\">\n\t\t<a class=\"elementor-element elementor-element-64cf7c53 e-con-full page-liaison-block e-flex e-con e-child\" data-id=\"64cf7c53\" data-element_type=\"container\" data-settings=\"{&quot;background_background&quot;:&quot;classic&quot;}\" href=\"https:\/\/paysdeforbach.com\/decouvrir\/nature-et-itinerance\/espaces-naturels\/\">\n\t\t\t\t<div class=\"elementor-element elementor-element-51434a07 elementor-widget elementor-widget-heading\" data-id=\"51434a07\" data-element_type=\"widget\" data-widget_type=\"heading.default\">\n\t\t\t\t\t<h2 class=\"elementor-heading-title elementor-size-default\">Naturr\u00e4ume<\/h2>\t\t\t\t<\/div>\n\t\t\t\t<\/a>\n\t\t<a class=\"elementor-element elementor-element-5d7a8005 e-con-full page-liaison-block e-flex e-con e-child\" data-id=\"5d7a8005\" data-element_type=\"container\" data-settings=\"{&quot;background_background&quot;:&quot;classic&quot;}\" href=\"https:\/\/paysdeforbach.com\/decouvrir\/nature-et-itinerance\/randonnees-a-pied\/\">\n\t\t\t\t<div class=\"elementor-element elementor-element-271f4106 elementor-widget elementor-widget-heading\" data-id=\"271f4106\" data-element_type=\"widget\" data-widget_type=\"heading.default\">\n\t\t\t\t\t<h2 class=\"elementor-heading-title elementor-size-default\">Wanderungen<\/h2>\t\t\t\t<\/div>\n\t\t\t\t<\/a>\n\t\t\t\t<\/div>\n\t\t<div class=\"elementor-element elementor-element-57657ab3 e-grid e-con-full e-con e-child\" data-id=\"57657ab3\" data-element_type=\"container\">\n\t\t<a class=\"elementor-element elementor-element-d64372e e-con-full page-liaison-block e-flex e-con e-child\" data-id=\"d64372e\" data-element_type=\"container\" data-settings=\"{&quot;background_background&quot;:&quot;classic&quot;}\" href=\"https:\/\/paysdeforbach.com\/decouvrir\/nature-et-itinerance\/randonnees-a-velo\/\">\n\t\t\t\t<div class=\"elementor-element elementor-element-6469f3bc elementor-widget elementor-widget-heading\" data-id=\"6469f3bc\" data-element_type=\"widget\" data-widget_type=\"heading.default\">\n\t\t\t\t\t<h2 class=\"elementor-heading-title elementor-size-default\">Radtouren<\/h2>\t\t\t\t<\/div>\n\t\t\t\t<\/a>\n\t\t<a class=\"elementor-element elementor-element-c541a8 e-con-full page-liaison-block e-flex e-con e-child\" data-id=\"c541a8\" data-element_type=\"container\" data-settings=\"{&quot;background_background&quot;:&quot;classic&quot;}\" href=\"https:\/\/paysdeforbach.com\/decouvrir\/activites\/balades-ludiques-randoland\/\">\n\t\t\t\t<div class=\"elementor-element elementor-element-2f7ca377 elementor-widget elementor-widget-heading\" data-id=\"2f7ca377\" data-element_type=\"widget\" data-widget_type=\"heading.default\">\n\t\t\t\t\t<h2 class=\"elementor-heading-title elementor-size-default\">Spielerische Wanderungen Randoland<\/h2>\t\t\t\t<\/div>\n\t\t\t\t<\/a>\n\t\t\t\t<\/div>\n\t\t\t\t<\/div>\n\t\t<div class=\"elementor-element elementor-element-5a4b7a4 e-con-full e-flex e-con e-parent\" data-id=\"5a4b7a4\" data-element_type=\"container\">\n\t\t\t\t<div class=\"elementor-element elementor-element-5223235 elementor-widget elementor-widget-shortcode\" data-id=\"5223235\" data-element_type=\"widget\" data-widget_type=\"shortcode.default\">\n\t\t\t\t\t\t\t<div class=\"elementor-shortcode\"><\/div>\n\t\t\t\t\t\t<\/div>\n\t\t\t\t<\/div>\n\t\t\t\t<\/div>\n\t\t","protected":false},"excerpt":{"rendered":"<p>Natur und Unterwegssein Die Destination Pays de Forbach, eine wahre gr\u00fcne Lunge im Moselgebiet, ist ein Gebiet mit farbenfrohen und gr\u00fcnen Landschaften, das sich ideal f\u00fcr Wanderungen und Radtouren eignet. Wenn Sie frische Luft schnappen, sich erholen, dem Alltag entfliehen und sich mit der Natur verbinden m\u00f6chten, ist ein sch\u00f6ner Spaziergang im Pays de Forbach [&hellip;]<\/p>\n","protected":false},"author":3,"featured_media":0,"parent":10593,"menu_order":0,"comment_status":"closed","ping_status":"closed","template":"","meta":{"footnotes":""},"class_list":["post-10833","page","type-page","status-publish","hentry"],"yoast_head":"<!-- This site is optimized with the Yoast SEO plugin v26.8 - https:\/\/yoast.com\/product\/yoast-seo-wordpress\/ -->\n<title>Natur und Unterwegssein - Office de Tourisme du Pays de Forbach<\/title>\n<meta name=\"robots\" content=\"index, follow, max-snippet:-1, max-image-preview:large, max-video-preview:-1\" \/>\n<link rel=\"canonical\" href=\"https:\/\/paysdeforbach.com\/de\/entdecken\/natur-und-unterwegssein\/\" \/>\n<meta property=\"og:locale\" content=\"de_DE\" \/>\n<meta property=\"og:type\" content=\"article\" \/>\n<meta property=\"og:title\" content=\"Natur und Unterwegssein - Office de Tourisme du Pays de Forbach\" \/>\n<meta property=\"og:description\" content=\"Natur und Unterwegssein Die Destination Pays de Forbach, eine wahre gr\u00fcne Lunge im Moselgebiet, ist ein Gebiet mit farbenfrohen und gr\u00fcnen Landschaften, das sich ideal f\u00fcr Wanderungen und Radtouren eignet. Wenn Sie frische Luft schnappen, sich erholen, dem Alltag entfliehen und sich mit der Natur verbinden m\u00f6chten, ist ein sch\u00f6ner Spaziergang im Pays de Forbach [&hellip;]\" \/>\n<meta property=\"og:url\" content=\"https:\/\/paysdeforbach.com\/de\/entdecken\/natur-und-unterwegssein\/\" \/>\n<meta property=\"og:site_name\" content=\"Office de Tourisme du Pays de Forbach\" \/>\n<meta property=\"article:modified_time\" content=\"2026-03-18T10:08:07+00:00\" \/>\n<meta name=\"twitter:card\" content=\"summary_large_image\" \/>\n<script type=\"application\/ld+json\" class=\"yoast-schema-graph\">{\"@context\":\"https:\/\/schema.org\",\"@graph\":[{\"@type\":\"WebPage\",\"@id\":\"https:\/\/paysdeforbach.com\/de\/entdecken\/natur-und-unterwegssein\/\",\"url\":\"https:\/\/paysdeforbach.com\/de\/entdecken\/natur-und-unterwegssein\/\",\"name\":\"Natur und Unterwegssein - Office de Tourisme du Pays de Forbach\",\"isPartOf\":{\"@id\":\"https:\/\/paysdeforbach.com\/de\/#website\"},\"datePublished\":\"2025-10-14T13:42:45+00:00\",\"dateModified\":\"2026-03-18T10:08:07+00:00\",\"breadcrumb\":{\"@id\":\"https:\/\/paysdeforbach.com\/de\/entdecken\/natur-und-unterwegssein\/#breadcrumb\"},\"inLanguage\":\"de\",\"potentialAction\":[{\"@type\":\"ReadAction\",\"target\":[\"https:\/\/paysdeforbach.com\/de\/entdecken\/natur-und-unterwegssein\/\"]}]},{\"@type\":\"BreadcrumbList\",\"@id\":\"https:\/\/paysdeforbach.com\/de\/entdecken\/natur-und-unterwegssein\/#breadcrumb\",\"itemListElement\":[{\"@type\":\"ListItem\",\"position\":1,\"name\":\"Accueil\",\"item\":\"https:\/\/paysdeforbach.com\/de\/\"},{\"@type\":\"ListItem\",\"position\":2,\"name\":\"Entdecken\",\"item\":\"https:\/\/paysdeforbach.com\/de\/entdecken\/\"},{\"@type\":\"ListItem\",\"position\":3,\"name\":\"Natur und Unterwegssein\"}]},{\"@type\":\"WebSite\",\"@id\":\"https:\/\/paysdeforbach.com\/de\/#website\",\"url\":\"https:\/\/paysdeforbach.com\/de\/\",\"name\":\"OT Pays de Forbach\",\"description\":\"\",\"publisher\":{\"@id\":\"https:\/\/paysdeforbach.com\/de\/#organization\"},\"potentialAction\":[{\"@type\":\"SearchAction\",\"target\":{\"@type\":\"EntryPoint\",\"urlTemplate\":\"https:\/\/paysdeforbach.com\/de\/?s={search_term_string}\"},\"query-input\":{\"@type\":\"PropertyValueSpecification\",\"valueRequired\":true,\"valueName\":\"search_term_string\"}}],\"inLanguage\":\"de\"},{\"@type\":\"Organization\",\"@id\":\"https:\/\/paysdeforbach.com\/de\/#organization\",\"name\":\"OT Pays de Forbach\",\"url\":\"https:\/\/paysdeforbach.com\/de\/\",\"logo\":{\"@type\":\"ImageObject\",\"inLanguage\":\"de\",\"@id\":\"https:\/\/paysdeforbach.com\/de\/#\/schema\/logo\/image\/\",\"url\":\"https:\/\/paysdeforbach.com\/wp-content\/uploads\/2025\/11\/cropped-logo-Pays-de-Forbach_Quadri.webp\",\"contentUrl\":\"https:\/\/paysdeforbach.com\/wp-content\/uploads\/2025\/11\/cropped-logo-Pays-de-Forbach_Quadri.webp\",\"width\":623,\"height\":356,\"caption\":\"OT Pays de Forbach\"},\"image\":{\"@id\":\"https:\/\/paysdeforbach.com\/de\/#\/schema\/logo\/image\/\"}}]}<\/script>\n<!-- \/ Yoast SEO plugin. -->","yoast_head_json":{"title":"Natur und Unterwegssein - Office de Tourisme du Pays de Forbach","robots":{"index":"index","follow":"follow","max-snippet":"max-snippet:-1","max-image-preview":"max-image-preview:large","max-video-preview":"max-video-preview:-1"},"canonical":"https:\/\/paysdeforbach.com\/de\/entdecken\/natur-und-unterwegssein\/","og_locale":"de_DE","og_type":"article","og_title":"Natur und Unterwegssein - Office de Tourisme du Pays de Forbach","og_description":"Natur und Unterwegssein Die Destination Pays de Forbach, eine wahre gr\u00fcne Lunge im Moselgebiet, ist ein Gebiet mit farbenfrohen und gr\u00fcnen Landschaften, das sich ideal f\u00fcr Wanderungen und Radtouren eignet. Wenn Sie frische Luft schnappen, sich erholen, dem Alltag entfliehen und sich mit der Natur verbinden m\u00f6chten, ist ein sch\u00f6ner Spaziergang im Pays de Forbach [&hellip;]","og_url":"https:\/\/paysdeforbach.com\/de\/entdecken\/natur-und-unterwegssein\/","og_site_name":"Office de Tourisme du Pays de Forbach","article_modified_time":"2026-03-18T10:08:07+00:00","twitter_card":"summary_large_image","schema":{"@context":"https:\/\/schema.org","@graph":[{"@type":"WebPage","@id":"https:\/\/paysdeforbach.com\/de\/entdecken\/natur-und-unterwegssein\/","url":"https:\/\/paysdeforbach.com\/de\/entdecken\/natur-und-unterwegssein\/","name":"Natur und Unterwegssein - Office de Tourisme du Pays de Forbach","isPartOf":{"@id":"https:\/\/paysdeforbach.com\/de\/#website"},"datePublished":"2025-10-14T13:42:45+00:00","dateModified":"2026-03-18T10:08:07+00:00","breadcrumb":{"@id":"https:\/\/paysdeforbach.com\/de\/entdecken\/natur-und-unterwegssein\/#breadcrumb"},"inLanguage":"de","potentialAction":[{"@type":"ReadAction","target":["https:\/\/paysdeforbach.com\/de\/entdecken\/natur-und-unterwegssein\/"]}]},{"@type":"BreadcrumbList","@id":"https:\/\/paysdeforbach.com\/de\/entdecken\/natur-und-unterwegssein\/#breadcrumb","itemListElement":[{"@type":"ListItem","position":1,"name":"Accueil","item":"https:\/\/paysdeforbach.com\/de\/"},{"@type":"ListItem","position":2,"name":"Entdecken","item":"https:\/\/paysdeforbach.com\/de\/entdecken\/"},{"@type":"ListItem","position":3,"name":"Natur und Unterwegssein"}]},{"@type":"WebSite","@id":"https:\/\/paysdeforbach.com\/de\/#website","url":"https:\/\/paysdeforbach.com\/de\/","name":"OT Pays de Forbach","description":"","publisher":{"@id":"https:\/\/paysdeforbach.com\/de\/#organization"},"potentialAction":[{"@type":"SearchAction","target":{"@type":"EntryPoint","urlTemplate":"https:\/\/paysdeforbach.com\/de\/?s={search_term_string}"},"query-input":{"@type":"PropertyValueSpecification","valueRequired":true,"valueName":"search_term_string"}}],"inLanguage":"de"},{"@type":"Organization","@id":"https:\/\/paysdeforbach.com\/de\/#organization","name":"OT Pays de Forbach","url":"https:\/\/paysdeforbach.com\/de\/","logo":{"@type":"ImageObject","inLanguage":"de","@id":"https:\/\/paysdeforbach.com\/de\/#\/schema\/logo\/image\/","url":"https:\/\/paysdeforbach.com\/wp-content\/uploads\/2025\/11\/cropped-logo-Pays-de-Forbach_Quadri.webp","contentUrl":"https:\/\/paysdeforbach.com\/wp-content\/uploads\/2025\/11\/cropped-logo-Pays-de-Forbach_Quadri.webp","width":623,"height":356,"caption":"OT Pays de Forbach"},"image":{"@id":"https:\/\/paysdeforbach.com\/de\/#\/schema\/logo\/image\/"}}]}},"_links":{"self":[{"href":"https:\/\/paysdeforbach.com\/de\/wp-json\/wp\/v2\/pages\/10833","targetHints":{"allow":["GET"]}}],"collection":[{"href":"https:\/\/paysdeforbach.com\/de\/wp-json\/wp\/v2\/pages"}],"about":[{"href":"https:\/\/paysdeforbach.com\/de\/wp-json\/wp\/v2\/types\/page"}],"author":[{"embeddable":true,"href":"https:\/\/paysdeforbach.com\/de\/wp-json\/wp\/v2\/users\/3"}],"replies":[{"embeddable":true,"href":"https:\/\/paysdeforbach.com\/de\/wp-json\/wp\/v2\/comments?post=10833"}],"version-history":[{"count":2,"href":"https:\/\/paysdeforbach.com\/de\/wp-json\/wp\/v2\/pages\/10833\/revisions"}],"predecessor-version":[{"id":10835,"href":"https:\/\/paysdeforbach.com\/de\/wp-json\/wp\/v2\/pages\/10833\/revisions\/10835"}],"up":[{"embeddable":true,"href":"https:\/\/paysdeforbach.com\/de\/wp-json\/wp\/v2\/pages\/10593"}],"wp:attachment":[{"href":"https:\/\/paysdeforbach.com\/de\/wp-json\/wp\/v2\/media?parent=10833"}],"curies":[{"name":"wp","href":"https:\/\/api.w.org\/{rel}","templated":true}]}}