{"id":10843,"date":"2025-10-14T14:21:12","date_gmt":"2025-10-14T14:21:12","guid":{"rendered":"https:\/\/paysdeforbach.com\/religioes\/"},"modified":"2026-03-18T10:08:10","modified_gmt":"2026-03-18T10:08:10","slug":"religioes","status":"publish","type":"page","link":"https:\/\/paysdeforbach.com\/de\/entdecken\/kulturerbe\/religioes\/","title":{"rendered":"Religi\u00f6s"},"content":{"rendered":"\t\t<div data-elementor-type=\"wp-page\" data-elementor-id=\"10843\" class=\"elementor elementor-10843 elementor-2643\" data-elementor-post-type=\"page\">\n\t\t\t\t<div class=\"elementor-element elementor-element-357854c4 e-con-full e-flex e-con e-parent\" data-id=\"357854c4\" data-element_type=\"container\">\n\t\t<section class=\"elementor-element elementor-element-df1a58d e-con-full e-flex e-con e-child\" data-id=\"df1a58d\" data-element_type=\"container\" data-settings=\"{&quot;background_background&quot;:&quot;classic&quot;}\">\n\t\t\t\t<div class=\"elementor-element elementor-element-52ffdd5d elementor-widget elementor-widget-heading\" data-id=\"52ffdd5d\" data-element_type=\"widget\" data-widget_type=\"heading.default\">\n\t\t\t\t\t<h2 class=\"elementor-heading-title elementor-size-default\">Religi\u00f6s<\/h2>\t\t\t\t<\/div>\n\t\t\t\t<\/section>\n\t\t\t\t<div class=\"elementor-element elementor-element-6d89e6b elementor-widget elementor-widget-breadcrumbs\" data-id=\"6d89e6b\" data-element_type=\"widget\" data-widget_type=\"breadcrumbs.default\">\n\t\t\t\t\t<span id=\"breadcrumbs\"><span><span><a href=\"https:\/\/paysdeforbach.com\/de\/\">Accueil<\/a><\/span><\/span><\/span>\t\t\t\t<\/div>\n\t\t\t\t<div class=\"elementor-element elementor-element-2cdbb57 elementor-widget elementor-widget-text-editor\" data-id=\"2cdbb57\" data-element_type=\"widget\" data-widget_type=\"text-editor.default\">\n\t\t\t\t\t\t\t\t\t<p><strong>Das Pays de Forbach verf\u00fcgt \u00fcber ein reiches Erbe an religi\u00f6sen Geb\u00e4uden. Es beherbergt zahlreiche Kirchen und Kapellen, die von lokalen Traditionen und Geschichte zeugen und oft im Herzen der Gemeinden oder an einem Wegesrand liegen. <\/strong>Ein Ort ist dabei unverzichtbar: die Kapelle Sainte-Croix, die am Jakobsweg liegt.<\/p>\t\t\t\t\t\t\t\t<\/div>\n\t\t\t\t<\/div>\n\t\t<div class=\"elementor-element elementor-element-2d5edde6 e-con-full page-liaison e-flex e-con e-parent\" data-id=\"2d5edde6\" data-element_type=\"container\">\n\t\t<div class=\"elementor-element elementor-element-40cc622a e-grid e-con-full e-con e-child\" data-id=\"40cc622a\" data-element_type=\"container\">\n\t\t<a class=\"elementor-element elementor-element-5b94a9d e-con-full page-liaison-block e-flex e-con e-child\" data-id=\"5b94a9d\" data-element_type=\"container\" data-settings=\"{&quot;background_background&quot;:&quot;classic&quot;}\" href=\"https:\/\/paysdeforbach.com\/decouvrir\/les-incontournables\/chapelle-sainte-croix\/\">\n\t\t\t\t<div class=\"elementor-element elementor-element-53507df2 elementor-widget elementor-widget-heading\" data-id=\"53507df2\" data-element_type=\"widget\" data-widget_type=\"heading.default\">\n\t\t\t\t\t<h3 class=\"elementor-heading-title elementor-size-default\">Chapelle Sainte-Croix<\/h3>\t\t\t\t<\/div>\n\t\t\t\t<\/a>\n\t\t<a class=\"elementor-element elementor-element-67c9a9af e-con-full page-liaison-block e-flex e-con e-child\" data-id=\"67c9a9af\" data-element_type=\"container\" data-settings=\"{&quot;background_background&quot;:&quot;classic&quot;}\" href=\"https:\/\/paysdeforbach.com\/decouvrir\/patrimoine\/religieux\/edifices-religieux\/\">\n\t\t\t\t<div class=\"elementor-element elementor-element-1c0a68d2 elementor-widget elementor-widget-heading\" data-id=\"1c0a68d2\" data-element_type=\"widget\" data-widget_type=\"heading.default\">\n\t\t\t\t\t<h3 class=\"elementor-heading-title elementor-size-default\">Weitere religi\u00f6se Geb\u00e4ude<\/h3>\t\t\t\t<\/div>\n\t\t\t\t<\/a>\n\t\t\t\t<\/div>\n\t\t\t\t<\/div>\n\t\t<div class=\"elementor-element elementor-element-31d5296 e-con-full e-flex e-con e-parent\" data-id=\"31d5296\" data-element_type=\"container\">\n\t\t\t\t<div class=\"elementor-element elementor-element-d9d2bfd elementor-widget elementor-widget-shortcode\" data-id=\"d9d2bfd\" data-element_type=\"widget\" data-widget_type=\"shortcode.default\">\n\t\t\t\t\t\t\t<div class=\"elementor-shortcode\"><\/div>\n\t\t\t\t\t\t<\/div>\n\t\t\t\t<\/div>\n\t\t\t\t<\/div>\n\t\t","protected":false},"excerpt":{"rendered":"<p>Religi\u00f6s Das Pays de Forbach verf\u00fcgt \u00fcber ein reiches Erbe an religi\u00f6sen Geb\u00e4uden. Es beherbergt zahlreiche Kirchen und Kapellen, die von lokalen Traditionen und Geschichte zeugen und oft im Herzen der Gemeinden oder an einem Wegesrand liegen. Ein Ort ist dabei unverzichtbar: die Kapelle Sainte-Croix, die am Jakobsweg liegt. Chapelle Sainte-Croix Weitere religi\u00f6se Geb\u00e4ude<\/p>\n","protected":false},"author":3,"featured_media":0,"parent":10868,"menu_order":0,"comment_status":"closed","ping_status":"closed","template":"","meta":{"footnotes":""},"class_list":["post-10843","page","type-page","status-publish","hentry"],"yoast_head":"<!-- This site is optimized with the Yoast SEO plugin v26.8 - https:\/\/yoast.com\/product\/yoast-seo-wordpress\/ -->\n<title>Religi\u00f6s - Office de Tourisme du Pays de Forbach<\/title>\n<meta name=\"robots\" content=\"index, follow, max-snippet:-1, max-image-preview:large, max-video-preview:-1\" \/>\n<link rel=\"canonical\" href=\"https:\/\/paysdeforbach.com\/de\/entdecken\/kulturerbe\/religioes\/\" \/>\n<meta property=\"og:locale\" content=\"de_DE\" \/>\n<meta property=\"og:type\" content=\"article\" \/>\n<meta property=\"og:title\" content=\"Religi\u00f6s - Office de Tourisme du Pays de Forbach\" \/>\n<meta property=\"og:description\" content=\"Religi\u00f6s Das Pays de Forbach verf\u00fcgt \u00fcber ein reiches Erbe an religi\u00f6sen Geb\u00e4uden. Es beherbergt zahlreiche Kirchen und Kapellen, die von lokalen Traditionen und Geschichte zeugen und oft im Herzen der Gemeinden oder an einem Wegesrand liegen. Ein Ort ist dabei unverzichtbar: die Kapelle Sainte-Croix, die am Jakobsweg liegt. Chapelle Sainte-Croix Weitere religi\u00f6se Geb\u00e4ude\" \/>\n<meta property=\"og:url\" content=\"https:\/\/paysdeforbach.com\/de\/entdecken\/kulturerbe\/religioes\/\" \/>\n<meta property=\"og:site_name\" content=\"Office de Tourisme du Pays de Forbach\" \/>\n<meta property=\"article:modified_time\" content=\"2026-03-18T10:08:10+00:00\" \/>\n<meta name=\"twitter:card\" content=\"summary_large_image\" \/>\n<script type=\"application\/ld+json\" class=\"yoast-schema-graph\">{\"@context\":\"https:\/\/schema.org\",\"@graph\":[{\"@type\":\"WebPage\",\"@id\":\"https:\/\/paysdeforbach.com\/de\/entdecken\/kulturerbe\/religioes\/\",\"url\":\"https:\/\/paysdeforbach.com\/de\/entdecken\/kulturerbe\/religioes\/\",\"name\":\"Religi\u00f6s - Office de Tourisme du Pays de Forbach\",\"isPartOf\":{\"@id\":\"https:\/\/paysdeforbach.com\/de\/#website\"},\"datePublished\":\"2025-10-14T14:21:12+00:00\",\"dateModified\":\"2026-03-18T10:08:10+00:00\",\"breadcrumb\":{\"@id\":\"https:\/\/paysdeforbach.com\/de\/entdecken\/kulturerbe\/religioes\/#breadcrumb\"},\"inLanguage\":\"de\",\"potentialAction\":[{\"@type\":\"ReadAction\",\"target\":[\"https:\/\/paysdeforbach.com\/de\/entdecken\/kulturerbe\/religioes\/\"]}]},{\"@type\":\"BreadcrumbList\",\"@id\":\"https:\/\/paysdeforbach.com\/de\/entdecken\/kulturerbe\/religioes\/#breadcrumb\",\"itemListElement\":[{\"@type\":\"ListItem\",\"position\":1,\"name\":\"Accueil\",\"item\":\"https:\/\/paysdeforbach.com\/de\/\"},{\"@type\":\"ListItem\",\"position\":2,\"name\":\"Entdecken\",\"item\":\"https:\/\/paysdeforbach.com\/de\/entdecken\/\"},{\"@type\":\"ListItem\",\"position\":3,\"name\":\"Kulturerbe\",\"item\":\"https:\/\/paysdeforbach.com\/de\/entdecken\/kulturerbe\/\"},{\"@type\":\"ListItem\",\"position\":4,\"name\":\"Religi\u00f6s\"}]},{\"@type\":\"WebSite\",\"@id\":\"https:\/\/paysdeforbach.com\/de\/#website\",\"url\":\"https:\/\/paysdeforbach.com\/de\/\",\"name\":\"OT Pays de Forbach\",\"description\":\"\",\"publisher\":{\"@id\":\"https:\/\/paysdeforbach.com\/de\/#organization\"},\"potentialAction\":[{\"@type\":\"SearchAction\",\"target\":{\"@type\":\"EntryPoint\",\"urlTemplate\":\"https:\/\/paysdeforbach.com\/de\/?s={search_term_string}\"},\"query-input\":{\"@type\":\"PropertyValueSpecification\",\"valueRequired\":true,\"valueName\":\"search_term_string\"}}],\"inLanguage\":\"de\"},{\"@type\":\"Organization\",\"@id\":\"https:\/\/paysdeforbach.com\/de\/#organization\",\"name\":\"OT Pays de Forbach\",\"url\":\"https:\/\/paysdeforbach.com\/de\/\",\"logo\":{\"@type\":\"ImageObject\",\"inLanguage\":\"de\",\"@id\":\"https:\/\/paysdeforbach.com\/de\/#\/schema\/logo\/image\/\",\"url\":\"https:\/\/paysdeforbach.com\/wp-content\/uploads\/2025\/11\/cropped-logo-Pays-de-Forbach_Quadri.webp\",\"contentUrl\":\"https:\/\/paysdeforbach.com\/wp-content\/uploads\/2025\/11\/cropped-logo-Pays-de-Forbach_Quadri.webp\",\"width\":623,\"height\":356,\"caption\":\"OT Pays de Forbach\"},\"image\":{\"@id\":\"https:\/\/paysdeforbach.com\/de\/#\/schema\/logo\/image\/\"}}]}<\/script>\n<!-- \/ Yoast SEO plugin. -->","yoast_head_json":{"title":"Religi\u00f6s - Office de Tourisme du Pays de Forbach","robots":{"index":"index","follow":"follow","max-snippet":"max-snippet:-1","max-image-preview":"max-image-preview:large","max-video-preview":"max-video-preview:-1"},"canonical":"https:\/\/paysdeforbach.com\/de\/entdecken\/kulturerbe\/religioes\/","og_locale":"de_DE","og_type":"article","og_title":"Religi\u00f6s - Office de Tourisme du Pays de Forbach","og_description":"Religi\u00f6s Das Pays de Forbach verf\u00fcgt \u00fcber ein reiches Erbe an religi\u00f6sen Geb\u00e4uden. Es beherbergt zahlreiche Kirchen und Kapellen, die von lokalen Traditionen und Geschichte zeugen und oft im Herzen der Gemeinden oder an einem Wegesrand liegen. Ein Ort ist dabei unverzichtbar: die Kapelle Sainte-Croix, die am Jakobsweg liegt. Chapelle Sainte-Croix Weitere religi\u00f6se Geb\u00e4ude","og_url":"https:\/\/paysdeforbach.com\/de\/entdecken\/kulturerbe\/religioes\/","og_site_name":"Office de Tourisme du Pays de Forbach","article_modified_time":"2026-03-18T10:08:10+00:00","twitter_card":"summary_large_image","schema":{"@context":"https:\/\/schema.org","@graph":[{"@type":"WebPage","@id":"https:\/\/paysdeforbach.com\/de\/entdecken\/kulturerbe\/religioes\/","url":"https:\/\/paysdeforbach.com\/de\/entdecken\/kulturerbe\/religioes\/","name":"Religi\u00f6s - Office de Tourisme du Pays de Forbach","isPartOf":{"@id":"https:\/\/paysdeforbach.com\/de\/#website"},"datePublished":"2025-10-14T14:21:12+00:00","dateModified":"2026-03-18T10:08:10+00:00","breadcrumb":{"@id":"https:\/\/paysdeforbach.com\/de\/entdecken\/kulturerbe\/religioes\/#breadcrumb"},"inLanguage":"de","potentialAction":[{"@type":"ReadAction","target":["https:\/\/paysdeforbach.com\/de\/entdecken\/kulturerbe\/religioes\/"]}]},{"@type":"BreadcrumbList","@id":"https:\/\/paysdeforbach.com\/de\/entdecken\/kulturerbe\/religioes\/#breadcrumb","itemListElement":[{"@type":"ListItem","position":1,"name":"Accueil","item":"https:\/\/paysdeforbach.com\/de\/"},{"@type":"ListItem","position":2,"name":"Entdecken","item":"https:\/\/paysdeforbach.com\/de\/entdecken\/"},{"@type":"ListItem","position":3,"name":"Kulturerbe","item":"https:\/\/paysdeforbach.com\/de\/entdecken\/kulturerbe\/"},{"@type":"ListItem","position":4,"name":"Religi\u00f6s"}]},{"@type":"WebSite","@id":"https:\/\/paysdeforbach.com\/de\/#website","url":"https:\/\/paysdeforbach.com\/de\/","name":"OT Pays de Forbach","description":"","publisher":{"@id":"https:\/\/paysdeforbach.com\/de\/#organization"},"potentialAction":[{"@type":"SearchAction","target":{"@type":"EntryPoint","urlTemplate":"https:\/\/paysdeforbach.com\/de\/?s={search_term_string}"},"query-input":{"@type":"PropertyValueSpecification","valueRequired":true,"valueName":"search_term_string"}}],"inLanguage":"de"},{"@type":"Organization","@id":"https:\/\/paysdeforbach.com\/de\/#organization","name":"OT Pays de Forbach","url":"https:\/\/paysdeforbach.com\/de\/","logo":{"@type":"ImageObject","inLanguage":"de","@id":"https:\/\/paysdeforbach.com\/de\/#\/schema\/logo\/image\/","url":"https:\/\/paysdeforbach.com\/wp-content\/uploads\/2025\/11\/cropped-logo-Pays-de-Forbach_Quadri.webp","contentUrl":"https:\/\/paysdeforbach.com\/wp-content\/uploads\/2025\/11\/cropped-logo-Pays-de-Forbach_Quadri.webp","width":623,"height":356,"caption":"OT Pays de Forbach"},"image":{"@id":"https:\/\/paysdeforbach.com\/de\/#\/schema\/logo\/image\/"}}]}},"_links":{"self":[{"href":"https:\/\/paysdeforbach.com\/de\/wp-json\/wp\/v2\/pages\/10843","targetHints":{"allow":["GET"]}}],"collection":[{"href":"https:\/\/paysdeforbach.com\/de\/wp-json\/wp\/v2\/pages"}],"about":[{"href":"https:\/\/paysdeforbach.com\/de\/wp-json\/wp\/v2\/types\/page"}],"author":[{"embeddable":true,"href":"https:\/\/paysdeforbach.com\/de\/wp-json\/wp\/v2\/users\/3"}],"replies":[{"embeddable":true,"href":"https:\/\/paysdeforbach.com\/de\/wp-json\/wp\/v2\/comments?post=10843"}],"version-history":[{"count":2,"href":"https:\/\/paysdeforbach.com\/de\/wp-json\/wp\/v2\/pages\/10843\/revisions"}],"predecessor-version":[{"id":10845,"href":"https:\/\/paysdeforbach.com\/de\/wp-json\/wp\/v2\/pages\/10843\/revisions\/10845"}],"up":[{"embeddable":true,"href":"https:\/\/paysdeforbach.com\/de\/wp-json\/wp\/v2\/pages\/10868"}],"wp:attachment":[{"href":"https:\/\/paysdeforbach.com\/de\/wp-json\/wp\/v2\/media?parent=10843"}],"curies":[{"name":"wp","href":"https:\/\/api.w.org\/{rel}","templated":true}]}}