{"id":10872,"date":"2025-10-14T14:04:04","date_gmt":"2025-10-14T14:04:04","guid":{"rendered":"https:\/\/paysdeforbach.com\/entdecken\/natur-und-unterwegssein\/radtouren\/fahrradnetz-visavis\/"},"modified":"2026-01-20T09:54:36","modified_gmt":"2026-01-20T09:54:36","slug":"fahrradnetz-visavis","status":"publish","type":"page","link":"https:\/\/paysdeforbach.com\/de\/entdecken\/natur-und-unterwegssein\/radtouren\/fahrradnetz-visavis\/","title":{"rendered":"Fahrradnetz visavis"},"content":{"rendered":"\t\t<div data-elementor-type=\"wp-page\" data-elementor-id=\"10872\" class=\"elementor elementor-10872 elementor-2617\" data-elementor-post-type=\"page\">\n\t\t\t\t<div class=\"elementor-element elementor-element-862753b e-con-full e-flex e-con e-parent\" data-id=\"862753b\" data-element_type=\"container\">\n\t\t<section class=\"elementor-element elementor-element-74e4d0e7 e-con-full e-flex e-con e-child\" data-id=\"74e4d0e7\" data-element_type=\"container\" data-settings=\"{&quot;background_background&quot;:&quot;classic&quot;}\">\n\t\t\t\t<div class=\"elementor-element elementor-element-41211f66 elementor-widget elementor-widget-heading\" data-id=\"41211f66\" data-element_type=\"widget\" data-widget_type=\"heading.default\">\n\t\t\t\t\t<h2 class=\"elementor-heading-title elementor-size-default\">Visavis-Netzwerk<\/h2>\t\t\t\t<\/div>\n\t\t\t\t<\/section>\n\t\t\t\t<div class=\"elementor-element elementor-element-86cbd25 elementor-widget elementor-widget-breadcrumbs\" data-id=\"86cbd25\" data-element_type=\"widget\" data-widget_type=\"breadcrumbs.default\">\n\t\t\t\t\t<span id=\"breadcrumbs\"><span><span><a href=\"https:\/\/paysdeforbach.com\/de\/\">Accueil<\/a><\/span><\/span><\/span>\t\t\t\t<\/div>\n\t\t\t\t<\/div>\n\t\t<div class=\"elementor-element elementor-element-f9c5634 e-con-full e-flex e-con e-child\" data-id=\"f9c5634\" data-element_type=\"container\">\n\t\t<div class=\"elementor-element elementor-element-745b42e e-con-full e-flex e-con e-child\" data-id=\"745b42e\" data-element_type=\"container\" data-settings=\"{&quot;background_background&quot;:&quot;classic&quot;}\">\n\t\t<div class=\"elementor-element elementor-element-c954268 e-con-full e-flex e-con e-child\" data-id=\"c954268\" data-element_type=\"container\">\n\t\t\t\t<div class=\"elementor-element elementor-element-7d0fc5c elementor-widget elementor-widget-text-editor\" data-id=\"7d0fc5c\" data-element_type=\"widget\" data-widget_type=\"text-editor.default\">\n\t\t\t\t\t\t\t\t\t<p><strong>Der 260 km lange Radwanderweg VELO VISAVIS f\u00fchrt Sie ins Herz der wundersch\u00f6nen Natur der saarl\u00e4ndisch-lothringischen Grenzregion<\/strong> und verl\u00e4uft gr\u00f6\u00dftenteils auf verkehrsfreien Wegen entlang der Saar, der Blies und der Rossel. Gut ausgeschildert, eignen sie sich f\u00fcr alle Hobbysportler. Lediglich anspruchsvolle Anstiege auf den weiten H\u00f6hen des Bliesgaus, einem UNESCO-Biosph\u00e4renreservat, wecken eher sportliche Ambitionen.  <\/p><p>Neben der Hauptroute VELO VISAVIS f\u00fchren gut ausgeschilderte Querverbindungen zu ausgew\u00e4hlten St\u00e4dten oder Attraktionen. So k\u00f6nnen die sch\u00f6nsten Landschaften unserer Grenzregion erkundet werden. <\/p>\t\t\t\t\t\t\t\t<\/div>\n\t\t\t\t<\/div>\n\t\t<div class=\"elementor-element elementor-element-048ab7e e-con-full e-flex e-con e-child\" data-id=\"048ab7e\" data-element_type=\"container\">\n\t\t\t\t<div class=\"elementor-element elementor-element-22aafa6 elementor-widget elementor-widget-image\" data-id=\"22aafa6\" data-element_type=\"widget\" data-widget_type=\"image.default\">\n\t\t\t\t\t\t\t\t\t\t\t\t\t\t\t\t<a href=\"https:\/\/paysdeforbach.com\/wp-content\/uploads\/2025\/11\/carte-velo-visavis_compressed.pdf\" target=\"_blank\">\n\t\t\t\t\t\t\t<img fetchpriority=\"high\" decoding=\"async\" width=\"352\" height=\"681\" src=\"https:\/\/paysdeforbach.com\/wp-content\/uploads\/2025\/12\/Velo-visavis-2.webp\" class=\"attachment-large size-large wp-image-10877\" alt=\"\" srcset=\"https:\/\/paysdeforbach.com\/wp-content\/uploads\/2025\/12\/Velo-visavis-2.webp 352w, https:\/\/paysdeforbach.com\/wp-content\/uploads\/2025\/12\/Velo-visavis-2-155x300.webp 155w\" sizes=\"(max-width: 352px) 100vw, 352px\" \/>\t\t\t\t\t\t\t\t<\/a>\n\t\t\t\t\t\t\t\t\t\t\t\t\t\t\t<\/div>\n\t\t\t\t<div class=\"elementor-element elementor-element-d748d0e elementor-align-center elementor-widget elementor-widget-button\" data-id=\"d748d0e\" data-element_type=\"widget\" data-widget_type=\"button.default\">\n\t\t\t\t\t\t\t\t\t\t<a class=\"elementor-button elementor-button-link elementor-size-sm\" href=\"https:\/\/paysdeforbach.com\/wp-content\/uploads\/2025\/11\/carte-velo-visavis_compressed.pdf\" target=\"_blank\">\n\t\t\t\t\t\t<span class=\"elementor-button-content-wrapper\">\n\t\t\t\t\t\t\t\t\t<span class=\"elementor-button-text\">Fahrradkarte V\u00e9lo Visavis herunterladen<\/span>\n\t\t\t\t\t<\/span>\n\t\t\t\t\t<\/a>\n\t\t\t\t\t\t\t\t<\/div>\n\t\t\t\t<\/div>\n\t\t\t\t<\/div>\n\t\t\t\t<\/div>\n\t\t<div class=\"elementor-element elementor-element-36615db e-con-full e-flex e-con e-parent\" data-id=\"36615db\" data-element_type=\"container\">\n\t\t\t\t<div class=\"elementor-element elementor-element-ae94273 elementor-widget elementor-widget-shortcode\" data-id=\"ae94273\" data-element_type=\"widget\" data-widget_type=\"shortcode.default\">\n\t\t\t\t\t\t\t<div class=\"elementor-shortcode\"><\/div>\n\t\t\t\t\t\t<\/div>\n\t\t\t\t<\/div>\n\t\t\t\t<\/div>\n\t\t","protected":false},"excerpt":{"rendered":"<p>Visavis-Netzwerk Der 260 km lange Radwanderweg VELO VISAVIS f\u00fchrt Sie ins Herz der wundersch\u00f6nen Natur der saarl\u00e4ndisch-lothringischen Grenzregion und verl\u00e4uft gr\u00f6\u00dftenteils auf verkehrsfreien Wegen entlang der Saar, der Blies und der Rossel. Gut ausgeschildert, eignen sie sich f\u00fcr alle Hobbysportler. Lediglich anspruchsvolle Anstiege auf den weiten H\u00f6hen des Bliesgaus, einem UNESCO-Biosph\u00e4renreservat, wecken eher sportliche Ambitionen. [&hellip;]<\/p>\n","protected":false},"author":3,"featured_media":0,"parent":10829,"menu_order":0,"comment_status":"closed","ping_status":"closed","template":"","meta":{"footnotes":""},"class_list":["post-10872","page","type-page","status-publish","hentry"],"yoast_head":"<!-- This site is optimized with the Yoast SEO plugin v26.8 - https:\/\/yoast.com\/product\/yoast-seo-wordpress\/ -->\n<title>Fahrradnetz visavis - Office de Tourisme du Pays de Forbach<\/title>\n<meta name=\"robots\" content=\"index, follow, max-snippet:-1, max-image-preview:large, max-video-preview:-1\" \/>\n<link rel=\"canonical\" href=\"https:\/\/paysdeforbach.com\/de\/entdecken\/natur-und-unterwegssein\/radtouren\/fahrradnetz-visavis\/\" \/>\n<meta property=\"og:locale\" content=\"de_DE\" \/>\n<meta property=\"og:type\" content=\"article\" \/>\n<meta property=\"og:title\" content=\"Fahrradnetz visavis - Office de Tourisme du Pays de Forbach\" \/>\n<meta property=\"og:description\" content=\"Visavis-Netzwerk Der 260 km lange Radwanderweg VELO VISAVIS f\u00fchrt Sie ins Herz der wundersch\u00f6nen Natur der saarl\u00e4ndisch-lothringischen Grenzregion und verl\u00e4uft gr\u00f6\u00dftenteils auf verkehrsfreien Wegen entlang der Saar, der Blies und der Rossel. Gut ausgeschildert, eignen sie sich f\u00fcr alle Hobbysportler. Lediglich anspruchsvolle Anstiege auf den weiten H\u00f6hen des Bliesgaus, einem UNESCO-Biosph\u00e4renreservat, wecken eher sportliche Ambitionen. [&hellip;]\" \/>\n<meta property=\"og:url\" content=\"https:\/\/paysdeforbach.com\/de\/entdecken\/natur-und-unterwegssein\/radtouren\/fahrradnetz-visavis\/\" \/>\n<meta property=\"og:site_name\" content=\"Office de Tourisme du Pays de Forbach\" \/>\n<meta property=\"article:modified_time\" content=\"2026-01-20T09:54:36+00:00\" \/>\n<meta property=\"og:image\" content=\"https:\/\/paysdeforbach.com\/wp-content\/uploads\/2025\/12\/Velo-visavis-2.webp\" \/>\n\t<meta property=\"og:image:width\" content=\"352\" \/>\n\t<meta property=\"og:image:height\" content=\"681\" \/>\n\t<meta property=\"og:image:type\" content=\"image\/webp\" \/>\n<meta name=\"twitter:card\" content=\"summary_large_image\" \/>\n<script type=\"application\/ld+json\" class=\"yoast-schema-graph\">{\"@context\":\"https:\/\/schema.org\",\"@graph\":[{\"@type\":\"WebPage\",\"@id\":\"https:\/\/paysdeforbach.com\/de\/entdecken\/natur-und-unterwegssein\/radtouren\/fahrradnetz-visavis\/\",\"url\":\"https:\/\/paysdeforbach.com\/de\/entdecken\/natur-und-unterwegssein\/radtouren\/fahrradnetz-visavis\/\",\"name\":\"Fahrradnetz visavis - Office de Tourisme du Pays de Forbach\",\"isPartOf\":{\"@id\":\"https:\/\/paysdeforbach.com\/de\/#website\"},\"primaryImageOfPage\":{\"@id\":\"https:\/\/paysdeforbach.com\/de\/entdecken\/natur-und-unterwegssein\/radtouren\/fahrradnetz-visavis\/#primaryimage\"},\"image\":{\"@id\":\"https:\/\/paysdeforbach.com\/de\/entdecken\/natur-und-unterwegssein\/radtouren\/fahrradnetz-visavis\/#primaryimage\"},\"thumbnailUrl\":\"https:\/\/paysdeforbach.com\/wp-content\/uploads\/2025\/12\/Velo-visavis-2.webp\",\"datePublished\":\"2025-10-14T14:04:04+00:00\",\"dateModified\":\"2026-01-20T09:54:36+00:00\",\"breadcrumb\":{\"@id\":\"https:\/\/paysdeforbach.com\/de\/entdecken\/natur-und-unterwegssein\/radtouren\/fahrradnetz-visavis\/#breadcrumb\"},\"inLanguage\":\"de\",\"potentialAction\":[{\"@type\":\"ReadAction\",\"target\":[\"https:\/\/paysdeforbach.com\/de\/entdecken\/natur-und-unterwegssein\/radtouren\/fahrradnetz-visavis\/\"]}]},{\"@type\":\"ImageObject\",\"inLanguage\":\"de\",\"@id\":\"https:\/\/paysdeforbach.com\/de\/entdecken\/natur-und-unterwegssein\/radtouren\/fahrradnetz-visavis\/#primaryimage\",\"url\":\"https:\/\/paysdeforbach.com\/wp-content\/uploads\/2025\/12\/Velo-visavis-2.webp\",\"contentUrl\":\"https:\/\/paysdeforbach.com\/wp-content\/uploads\/2025\/12\/Velo-visavis-2.webp\"},{\"@type\":\"BreadcrumbList\",\"@id\":\"https:\/\/paysdeforbach.com\/de\/entdecken\/natur-und-unterwegssein\/radtouren\/fahrradnetz-visavis\/#breadcrumb\",\"itemListElement\":[{\"@type\":\"ListItem\",\"position\":1,\"name\":\"Accueil\",\"item\":\"https:\/\/paysdeforbach.com\/de\/\"},{\"@type\":\"ListItem\",\"position\":2,\"name\":\"Entdecken\",\"item\":\"https:\/\/paysdeforbach.com\/de\/entdecken\/\"},{\"@type\":\"ListItem\",\"position\":3,\"name\":\"Natur und Unterwegssein\",\"item\":\"https:\/\/paysdeforbach.com\/de\/entdecken\/natur-und-unterwegssein\/\"},{\"@type\":\"ListItem\",\"position\":4,\"name\":\"Radtouren\",\"item\":\"https:\/\/paysdeforbach.com\/de\/entdecken\/natur-und-unterwegssein\/radtouren\/\"},{\"@type\":\"ListItem\",\"position\":5,\"name\":\"Fahrradnetz visavis\"}]},{\"@type\":\"WebSite\",\"@id\":\"https:\/\/paysdeforbach.com\/de\/#website\",\"url\":\"https:\/\/paysdeforbach.com\/de\/\",\"name\":\"OT Pays de Forbach\",\"description\":\"\",\"publisher\":{\"@id\":\"https:\/\/paysdeforbach.com\/de\/#organization\"},\"potentialAction\":[{\"@type\":\"SearchAction\",\"target\":{\"@type\":\"EntryPoint\",\"urlTemplate\":\"https:\/\/paysdeforbach.com\/de\/?s={search_term_string}\"},\"query-input\":{\"@type\":\"PropertyValueSpecification\",\"valueRequired\":true,\"valueName\":\"search_term_string\"}}],\"inLanguage\":\"de\"},{\"@type\":\"Organization\",\"@id\":\"https:\/\/paysdeforbach.com\/de\/#organization\",\"name\":\"OT Pays de Forbach\",\"url\":\"https:\/\/paysdeforbach.com\/de\/\",\"logo\":{\"@type\":\"ImageObject\",\"inLanguage\":\"de\",\"@id\":\"https:\/\/paysdeforbach.com\/de\/#\/schema\/logo\/image\/\",\"url\":\"https:\/\/paysdeforbach.com\/wp-content\/uploads\/2025\/11\/cropped-logo-Pays-de-Forbach_Quadri.webp\",\"contentUrl\":\"https:\/\/paysdeforbach.com\/wp-content\/uploads\/2025\/11\/cropped-logo-Pays-de-Forbach_Quadri.webp\",\"width\":623,\"height\":356,\"caption\":\"OT Pays de Forbach\"},\"image\":{\"@id\":\"https:\/\/paysdeforbach.com\/de\/#\/schema\/logo\/image\/\"}}]}<\/script>\n<!-- \/ Yoast SEO plugin. -->","yoast_head_json":{"title":"Fahrradnetz visavis - Office de Tourisme du Pays de Forbach","robots":{"index":"index","follow":"follow","max-snippet":"max-snippet:-1","max-image-preview":"max-image-preview:large","max-video-preview":"max-video-preview:-1"},"canonical":"https:\/\/paysdeforbach.com\/de\/entdecken\/natur-und-unterwegssein\/radtouren\/fahrradnetz-visavis\/","og_locale":"de_DE","og_type":"article","og_title":"Fahrradnetz visavis - Office de Tourisme du Pays de Forbach","og_description":"Visavis-Netzwerk Der 260 km lange Radwanderweg VELO VISAVIS f\u00fchrt Sie ins Herz der wundersch\u00f6nen Natur der saarl\u00e4ndisch-lothringischen Grenzregion und verl\u00e4uft gr\u00f6\u00dftenteils auf verkehrsfreien Wegen entlang der Saar, der Blies und der Rossel. Gut ausgeschildert, eignen sie sich f\u00fcr alle Hobbysportler. Lediglich anspruchsvolle Anstiege auf den weiten H\u00f6hen des Bliesgaus, einem UNESCO-Biosph\u00e4renreservat, wecken eher sportliche Ambitionen. [&hellip;]","og_url":"https:\/\/paysdeforbach.com\/de\/entdecken\/natur-und-unterwegssein\/radtouren\/fahrradnetz-visavis\/","og_site_name":"Office de Tourisme du Pays de Forbach","article_modified_time":"2026-01-20T09:54:36+00:00","og_image":[{"width":352,"height":681,"url":"https:\/\/paysdeforbach.com\/wp-content\/uploads\/2025\/12\/Velo-visavis-2.webp","type":"image\/webp"}],"twitter_card":"summary_large_image","schema":{"@context":"https:\/\/schema.org","@graph":[{"@type":"WebPage","@id":"https:\/\/paysdeforbach.com\/de\/entdecken\/natur-und-unterwegssein\/radtouren\/fahrradnetz-visavis\/","url":"https:\/\/paysdeforbach.com\/de\/entdecken\/natur-und-unterwegssein\/radtouren\/fahrradnetz-visavis\/","name":"Fahrradnetz visavis - Office de Tourisme du Pays de Forbach","isPartOf":{"@id":"https:\/\/paysdeforbach.com\/de\/#website"},"primaryImageOfPage":{"@id":"https:\/\/paysdeforbach.com\/de\/entdecken\/natur-und-unterwegssein\/radtouren\/fahrradnetz-visavis\/#primaryimage"},"image":{"@id":"https:\/\/paysdeforbach.com\/de\/entdecken\/natur-und-unterwegssein\/radtouren\/fahrradnetz-visavis\/#primaryimage"},"thumbnailUrl":"https:\/\/paysdeforbach.com\/wp-content\/uploads\/2025\/12\/Velo-visavis-2.webp","datePublished":"2025-10-14T14:04:04+00:00","dateModified":"2026-01-20T09:54:36+00:00","breadcrumb":{"@id":"https:\/\/paysdeforbach.com\/de\/entdecken\/natur-und-unterwegssein\/radtouren\/fahrradnetz-visavis\/#breadcrumb"},"inLanguage":"de","potentialAction":[{"@type":"ReadAction","target":["https:\/\/paysdeforbach.com\/de\/entdecken\/natur-und-unterwegssein\/radtouren\/fahrradnetz-visavis\/"]}]},{"@type":"ImageObject","inLanguage":"de","@id":"https:\/\/paysdeforbach.com\/de\/entdecken\/natur-und-unterwegssein\/radtouren\/fahrradnetz-visavis\/#primaryimage","url":"https:\/\/paysdeforbach.com\/wp-content\/uploads\/2025\/12\/Velo-visavis-2.webp","contentUrl":"https:\/\/paysdeforbach.com\/wp-content\/uploads\/2025\/12\/Velo-visavis-2.webp"},{"@type":"BreadcrumbList","@id":"https:\/\/paysdeforbach.com\/de\/entdecken\/natur-und-unterwegssein\/radtouren\/fahrradnetz-visavis\/#breadcrumb","itemListElement":[{"@type":"ListItem","position":1,"name":"Accueil","item":"https:\/\/paysdeforbach.com\/de\/"},{"@type":"ListItem","position":2,"name":"Entdecken","item":"https:\/\/paysdeforbach.com\/de\/entdecken\/"},{"@type":"ListItem","position":3,"name":"Natur und Unterwegssein","item":"https:\/\/paysdeforbach.com\/de\/entdecken\/natur-und-unterwegssein\/"},{"@type":"ListItem","position":4,"name":"Radtouren","item":"https:\/\/paysdeforbach.com\/de\/entdecken\/natur-und-unterwegssein\/radtouren\/"},{"@type":"ListItem","position":5,"name":"Fahrradnetz visavis"}]},{"@type":"WebSite","@id":"https:\/\/paysdeforbach.com\/de\/#website","url":"https:\/\/paysdeforbach.com\/de\/","name":"OT Pays de Forbach","description":"","publisher":{"@id":"https:\/\/paysdeforbach.com\/de\/#organization"},"potentialAction":[{"@type":"SearchAction","target":{"@type":"EntryPoint","urlTemplate":"https:\/\/paysdeforbach.com\/de\/?s={search_term_string}"},"query-input":{"@type":"PropertyValueSpecification","valueRequired":true,"valueName":"search_term_string"}}],"inLanguage":"de"},{"@type":"Organization","@id":"https:\/\/paysdeforbach.com\/de\/#organization","name":"OT Pays de Forbach","url":"https:\/\/paysdeforbach.com\/de\/","logo":{"@type":"ImageObject","inLanguage":"de","@id":"https:\/\/paysdeforbach.com\/de\/#\/schema\/logo\/image\/","url":"https:\/\/paysdeforbach.com\/wp-content\/uploads\/2025\/11\/cropped-logo-Pays-de-Forbach_Quadri.webp","contentUrl":"https:\/\/paysdeforbach.com\/wp-content\/uploads\/2025\/11\/cropped-logo-Pays-de-Forbach_Quadri.webp","width":623,"height":356,"caption":"OT Pays de Forbach"},"image":{"@id":"https:\/\/paysdeforbach.com\/de\/#\/schema\/logo\/image\/"}}]}},"_links":{"self":[{"href":"https:\/\/paysdeforbach.com\/de\/wp-json\/wp\/v2\/pages\/10872","targetHints":{"allow":["GET"]}}],"collection":[{"href":"https:\/\/paysdeforbach.com\/de\/wp-json\/wp\/v2\/pages"}],"about":[{"href":"https:\/\/paysdeforbach.com\/de\/wp-json\/wp\/v2\/types\/page"}],"author":[{"embeddable":true,"href":"https:\/\/paysdeforbach.com\/de\/wp-json\/wp\/v2\/users\/3"}],"replies":[{"embeddable":true,"href":"https:\/\/paysdeforbach.com\/de\/wp-json\/wp\/v2\/comments?post=10872"}],"version-history":[{"count":2,"href":"https:\/\/paysdeforbach.com\/de\/wp-json\/wp\/v2\/pages\/10872\/revisions"}],"predecessor-version":[{"id":10879,"href":"https:\/\/paysdeforbach.com\/de\/wp-json\/wp\/v2\/pages\/10872\/revisions\/10879"}],"up":[{"embeddable":true,"href":"https:\/\/paysdeforbach.com\/de\/wp-json\/wp\/v2\/pages\/10829"}],"wp:attachment":[{"href":"https:\/\/paysdeforbach.com\/de\/wp-json\/wp\/v2\/media?parent=10872"}],"curies":[{"name":"wp","href":"https:\/\/api.w.org\/{rel}","templated":true}]}}