{"id":10891,"date":"2025-10-14T09:43:17","date_gmt":"2025-10-14T09:43:17","guid":{"rendered":"https:\/\/paysdeforbach.com\/entdecken\/die-highlights\/huegel-von-herapel\/"},"modified":"2026-01-20T09:55:04","modified_gmt":"2026-01-20T09:55:04","slug":"huegel-von-herapel","status":"publish","type":"page","link":"https:\/\/paysdeforbach.com\/de\/entdecken\/die-highlights\/huegel-von-herapel\/","title":{"rendered":"H\u00fcgel von H\u00e9rapel"},"content":{"rendered":"\t\t<div data-elementor-type=\"wp-page\" data-elementor-id=\"10891\" class=\"elementor elementor-10891 elementor-2469\" data-elementor-post-type=\"page\">\n\t\t\t\t<div class=\"elementor-element elementor-element-57227f83 e-con-full e-flex e-con e-parent\" data-id=\"57227f83\" data-element_type=\"container\">\n\t\t<section class=\"elementor-element elementor-element-1739cb63 e-con-full e-flex e-con e-child\" data-id=\"1739cb63\" data-element_type=\"container\" data-settings=\"{&quot;background_background&quot;:&quot;classic&quot;}\">\n\t\t\t\t<div class=\"elementor-element elementor-element-5d126ef elementor-widget elementor-widget-heading\" data-id=\"5d126ef\" data-element_type=\"widget\" data-widget_type=\"heading.default\">\n\t\t\t\t\t<h1 class=\"elementor-heading-title elementor-size-default\">H\u00fcgel von H\u00e9rapel<\/h1>\t\t\t\t<\/div>\n\t\t\t\t<\/section>\n\t\t\t\t<\/div>\n\t\t<div class=\"elementor-element elementor-element-54f30e0 e-con-full e-flex e-con e-parent\" data-id=\"54f30e0\" data-element_type=\"container\">\n\t\t<div class=\"elementor-element elementor-element-3d16b6df e-con-full e-flex e-con e-child\" data-id=\"3d16b6df\" data-element_type=\"container\">\n\t\t<div class=\"elementor-element elementor-element-a99b8ed e-con-full e-flex e-con e-child\" data-id=\"a99b8ed\" data-element_type=\"container\">\n\t\t\t\t<div class=\"elementor-element elementor-element-e007c8f elementor-widget elementor-widget-breadcrumbs\" data-id=\"e007c8f\" data-element_type=\"widget\" data-widget_type=\"breadcrumbs.default\">\n\t\t\t\t\t<span id=\"breadcrumbs\"><span><span><a href=\"https:\/\/paysdeforbach.com\/de\/\">Accueil<\/a><\/span><\/span><\/span>\t\t\t\t<\/div>\n\t\t\t\t<div class=\"elementor-element elementor-element-c62d210 elementor-widget elementor-widget-text-editor\" data-id=\"c62d210\" data-element_type=\"widget\" data-widget_type=\"text-editor.default\">\n\t\t\t\t\t\t\t\t\t<p><b><a href=\"https:\/\/paysdeforbach.com\/de\/?page_id=10679\">Standort: <strong>Cocheren<\/strong><\/a><\/b><\/p>\t\t\t\t\t\t\t\t<\/div>\n\t\t\t\t<\/div>\n\t\t\t\t<\/div>\n\t\t<div class=\"elementor-element elementor-element-89b7691 e-con-full e-flex e-con e-child\" data-id=\"89b7691\" data-element_type=\"container\">\n\t\t<div class=\"elementor-element elementor-element-d3b6a5b e-con-full e-flex e-con e-child\" data-id=\"d3b6a5b\" data-element_type=\"container\" data-settings=\"{&quot;background_background&quot;:&quot;classic&quot;}\">\n\t\t<div class=\"elementor-element elementor-element-556d341 e-grid e-con-full e-con e-child\" data-id=\"556d341\" data-element_type=\"container\" data-settings=\"{&quot;background_background&quot;:&quot;classic&quot;}\">\n\t\t\t\t<div class=\"elementor-element elementor-element-d3b670a elementor-widget elementor-widget-text-editor\" data-id=\"d3b670a\" data-element_type=\"widget\" data-widget_type=\"text-editor.default\">\n\t\t\t\t\t\t\t\t\t<p><strong> Der H\u00e9rapel-H\u00fcgel in Cocheren ist ein besonderer Ort, reich an Geschichte und ideal zur Erholung. Diese bedeutende St\u00e4tte bietet heute einen geeigneten Raum f\u00fcr Spazierg\u00e4nge, Entdeckungen und Kontemplation. <\/strong><\/p><p>Auf dem Gipfel des H\u00e9rapel-H\u00fcgels, auf 330 m H\u00f6he, befand sich die antike gallo-r\u00f6mische Stadt Cocheren. Bereits im 18. Jahrhundert legten Ausgrabungen eine Nekropole frei. Im 19. Jahrhundert erm\u00f6glichten umfangreiche Ausgrabungen die Freilegung der \u00dcberreste einer sp\u00e4tr\u00f6mischen Umfassungsmauer.  <\/p><p>Im Anschluss daran wurden mehrere weitere \u00f6ffentliche Geb\u00e4ude ausgegraben, darunter zwei achteckige Tempel. Jedoch m\u00fcssen noch viele Bereiche entdeckt werden, wie die Wohnst\u00e4tten und die handwerklichen Anlagen. <\/p>\t\t\t\t\t\t\t\t<\/div>\n\t\t<div class=\"elementor-element elementor-element-51c57f8 e-con-full e-flex e-con e-child\" data-id=\"51c57f8\" data-element_type=\"container\">\n\t\t\t\t<div class=\"elementor-element elementor-element-81d81f1 elementor-arrows-position-inside elementor-widget elementor-widget-image-carousel\" data-id=\"81d81f1\" data-element_type=\"widget\" data-settings=\"{&quot;slides_to_show&quot;:&quot;1&quot;,&quot;navigation&quot;:&quot;arrows&quot;,&quot;effect&quot;:&quot;fade&quot;,&quot;autoplay&quot;:&quot;yes&quot;,&quot;pause_on_hover&quot;:&quot;yes&quot;,&quot;pause_on_interaction&quot;:&quot;yes&quot;,&quot;autoplay_speed&quot;:5000,&quot;infinite&quot;:&quot;yes&quot;,&quot;speed&quot;:500}\" data-widget_type=\"image-carousel.default\">\n\t\t\t\t\t\t\t<div class=\"elementor-image-carousel-wrapper swiper\" role=\"region\" aria-roledescription=\"carousel\" aria-label=\"Image Carousel\" dir=\"ltr\">\n\t\t\t<div class=\"elementor-image-carousel swiper-wrapper\" aria-live=\"off\">\n\t\t\t\t\t\t\t\t<div class=\"swiper-slide\" role=\"group\" aria-roledescription=\"slide\" aria-label=\"1 von 6\"><figure class=\"swiper-slide-inner\"><img decoding=\"async\" class=\"swiper-slide-image\" src=\"https:\/\/paysdeforbach.com\/wp-content\/uploads\/2025\/10\/Herapel-9.webp\" alt=\"Herapel-9\" \/><\/figure><\/div><div class=\"swiper-slide\" role=\"group\" aria-roledescription=\"slide\" aria-label=\"2 von 6\"><figure class=\"swiper-slide-inner\"><img decoding=\"async\" class=\"swiper-slide-image\" src=\"https:\/\/paysdeforbach.com\/wp-content\/uploads\/2025\/10\/Herapel-7.webp\" alt=\"Colline du H\u00e9rapel\" \/><\/figure><\/div><div class=\"swiper-slide\" role=\"group\" aria-roledescription=\"slide\" aria-label=\"3 von 6\"><figure class=\"swiper-slide-inner\"><img decoding=\"async\" class=\"swiper-slide-image\" src=\"https:\/\/paysdeforbach.com\/wp-content\/uploads\/2025\/11\/Herapel-6.webp\" alt=\"Herapel-6\" \/><\/figure><\/div><div class=\"swiper-slide\" role=\"group\" aria-roledescription=\"slide\" aria-label=\"4 von 6\"><figure class=\"swiper-slide-inner\"><img decoding=\"async\" class=\"swiper-slide-image\" src=\"https:\/\/paysdeforbach.com\/wp-content\/uploads\/2025\/11\/Herapel-4.webp\" alt=\"Herapel-4\" \/><\/figure><\/div><div class=\"swiper-slide\" role=\"group\" aria-roledescription=\"slide\" aria-label=\"5 von 6\"><figure class=\"swiper-slide-inner\"><img decoding=\"async\" class=\"swiper-slide-image\" src=\"https:\/\/paysdeforbach.com\/wp-content\/uploads\/2025\/11\/Herapel-2.webp\" alt=\"Herapel-2\" \/><\/figure><\/div><div class=\"swiper-slide\" role=\"group\" aria-roledescription=\"slide\" aria-label=\"6 von 6\"><figure class=\"swiper-slide-inner\"><img decoding=\"async\" class=\"swiper-slide-image\" src=\"https:\/\/paysdeforbach.com\/wp-content\/uploads\/2025\/11\/Herapel-8.webp\" alt=\"Herapel-8\" \/><\/figure><\/div>\t\t\t<\/div>\n\t\t\t\t\t\t\t\t\t\t\t\t<div class=\"elementor-swiper-button elementor-swiper-button-prev\" role=\"button\" tabindex=\"0\">\n\t\t\t\t\t\t<svg xmlns=\"http:\/\/www.w3.org\/2000\/svg\" width=\"22.349\" height=\"18.971\" viewBox=\"0 0 22.349 18.971\"><path id=\"trending_flat_FILL0_wght200_GRAD0_opsz24\" d=\"M169.485-613.337l1.777-1.763-6.477-6.477h17.563v-2.491H164.786l6.462-6.477-1.777-1.763L160-622.823Z\" transform=\"translate(-160 632.308)\" fill=\"currentcolor\"><\/path><\/svg>\t\t\t\t\t<\/div>\n\t\t\t\t\t<div class=\"elementor-swiper-button elementor-swiper-button-next\" role=\"button\" tabindex=\"0\">\n\t\t\t\t\t\t<svg xmlns=\"http:\/\/www.w3.org\/2000\/svg\" width=\"22.349\" height=\"18.971\" viewBox=\"0 0 22.349 18.971\"><path id=\"trending_flat_FILL0_wght200_GRAD0_opsz24\" d=\"M192.863-613.337l-1.777-1.763,6.477-6.477H180v-2.491h17.563l-6.462-6.477,1.777-1.763,9.471,9.485Z\" transform=\"translate(-180 632.308)\" fill=\"currentcolor\"><\/path><\/svg>\t\t\t\t\t<\/div>\n\t\t\t\t\n\t\t\t\t\t\t\t\t\t<\/div>\n\t\t\t\t\t\t<\/div>\n\t\t\t\t<\/div>\n\t\t\t\t<\/div>\n\t\t\t\t<\/div>\n\t\t\t\t<\/div>\n\t\t\t\t<\/div>\n\t\t<div class=\"elementor-element elementor-element-19a59f6 e-con-full e-flex e-con e-parent\" data-id=\"19a59f6\" data-element_type=\"container\" data-settings=\"{&quot;background_background&quot;:&quot;classic&quot;}\">\n\t\t<div class=\"elementor-element elementor-element-c49c13e e-con-full e-flex e-con e-child\" data-id=\"c49c13e\" data-element_type=\"container\">\n\t\t<div class=\"elementor-element elementor-element-722d5fc e-con-full e-flex e-con e-child\" data-id=\"722d5fc\" data-element_type=\"container\" data-settings=\"{&quot;background_background&quot;:&quot;classic&quot;}\">\n\t\t<div class=\"elementor-element elementor-element-bef7613 e-con-full e-flex e-con e-child\" data-id=\"bef7613\" data-element_type=\"container\">\n\t\t\t\t<div class=\"elementor-element elementor-element-0b6aaf7 elementor-widget elementor-widget-spacer\" data-id=\"0b6aaf7\" data-element_type=\"widget\" data-widget_type=\"spacer.default\">\n\t\t\t\t\t\t\t<div class=\"elementor-spacer\">\n\t\t\t<div class=\"elementor-spacer-inner\"><\/div>\n\t\t<\/div>\n\t\t\t\t\t\t<\/div>\n\t\t<div class=\"elementor-element elementor-element-e7b8dc5 e-con-full e-flex e-con e-child\" data-id=\"e7b8dc5\" data-element_type=\"container\">\n\t\t<section class=\"elementor-element elementor-element-ca07972 e-con-full e-flex e-con e-child\" data-id=\"ca07972\" data-element_type=\"container\" data-settings=\"{&quot;background_background&quot;:&quot;classic&quot;}\">\n\t\t<div class=\"elementor-element elementor-element-25aa8a1 e-con-full e-flex e-con e-child\" data-id=\"25aa8a1\" data-element_type=\"container\">\n\t\t<div class=\"elementor-element elementor-element-bb6750a e-con-full e-flex e-con e-child\" data-id=\"bb6750a\" data-element_type=\"container\">\n\t\t\t\t<div class=\"elementor-element elementor-element-bfccae4 elementor-arrows-position-inside elementor-widget elementor-widget-image-carousel\" data-id=\"bfccae4\" data-element_type=\"widget\" data-settings=\"{&quot;slides_to_show&quot;:&quot;1&quot;,&quot;navigation&quot;:&quot;arrows&quot;,&quot;effect&quot;:&quot;fade&quot;,&quot;autoplay&quot;:&quot;yes&quot;,&quot;pause_on_hover&quot;:&quot;yes&quot;,&quot;pause_on_interaction&quot;:&quot;yes&quot;,&quot;autoplay_speed&quot;:5000,&quot;infinite&quot;:&quot;yes&quot;,&quot;speed&quot;:500}\" data-widget_type=\"image-carousel.default\">\n\t\t\t\t\t\t\t<div class=\"elementor-image-carousel-wrapper swiper\" role=\"region\" aria-roledescription=\"carousel\" aria-label=\"Image Carousel\" dir=\"ltr\">\n\t\t\t<div class=\"elementor-image-carousel swiper-wrapper\" aria-live=\"off\">\n\t\t\t\t\t\t\t\t<div class=\"swiper-slide\" role=\"group\" aria-roledescription=\"slide\" aria-label=\"1 von 2\"><figure class=\"swiper-slide-inner\"><img decoding=\"async\" class=\"swiper-slide-image\" src=\"https:\/\/paysdeforbach.com\/wp-content\/uploads\/2025\/11\/Herapel-1.webp\" alt=\"Herapel-1\" \/><\/figure><\/div><div class=\"swiper-slide\" role=\"group\" aria-roledescription=\"slide\" aria-label=\"2 von 2\"><figure class=\"swiper-slide-inner\"><img decoding=\"async\" class=\"swiper-slide-image\" src=\"https:\/\/paysdeforbach.com\/wp-content\/uploads\/2025\/10\/Herapel-5.webp\" alt=\"Herapel-5\" \/><\/figure><\/div>\t\t\t<\/div>\n\t\t\t\t\t\t\t\t\t\t\t\t<div class=\"elementor-swiper-button elementor-swiper-button-prev\" role=\"button\" tabindex=\"0\">\n\t\t\t\t\t\t<svg xmlns=\"http:\/\/www.w3.org\/2000\/svg\" width=\"22.349\" height=\"18.971\" viewBox=\"0 0 22.349 18.971\"><path id=\"trending_flat_FILL0_wght200_GRAD0_opsz24\" d=\"M169.485-613.337l1.777-1.763-6.477-6.477h17.563v-2.491H164.786l6.462-6.477-1.777-1.763L160-622.823Z\" transform=\"translate(-160 632.308)\" fill=\"currentcolor\"><\/path><\/svg>\t\t\t\t\t<\/div>\n\t\t\t\t\t<div class=\"elementor-swiper-button elementor-swiper-button-next\" role=\"button\" tabindex=\"0\">\n\t\t\t\t\t\t<svg xmlns=\"http:\/\/www.w3.org\/2000\/svg\" width=\"22.349\" height=\"18.971\" viewBox=\"0 0 22.349 18.971\"><path id=\"trending_flat_FILL0_wght200_GRAD0_opsz24\" d=\"M192.863-613.337l-1.777-1.763,6.477-6.477H180v-2.491h17.563l-6.462-6.477,1.777-1.763,9.471,9.485Z\" transform=\"translate(-180 632.308)\" fill=\"currentcolor\"><\/path><\/svg>\t\t\t\t\t<\/div>\n\t\t\t\t\n\t\t\t\t\t\t\t\t\t<\/div>\n\t\t\t\t\t\t<\/div>\n\t\t\t\t<\/div>\n\t\t\t\t<\/div>\n\t\t<div class=\"elementor-element elementor-element-62850cc e-con-full e-flex e-con e-child\" data-id=\"62850cc\" data-element_type=\"container\">\n\t\t\t\t<div class=\"elementor-element elementor-element-bcadeac elementor-widget elementor-widget-heading\" data-id=\"bcadeac\" data-element_type=\"widget\" data-widget_type=\"heading.default\">\n\t\t\t\t\t<h2 class=\"elementor-heading-title elementor-size-default\">Meine Highlights<\/h2>\t\t\t\t<\/div>\n\t\t\t\t<div class=\"elementor-element elementor-element-a97147b elementor-widget elementor-widget-text-editor\" data-id=\"a97147b\" data-element_type=\"widget\" data-widget_type=\"text-editor.default\">\n\t\t\t\t\t\t\t\t\t<p><strong>\u2022 <\/strong><strong>Der Winter-Schachtelhalm<\/strong><\/p><p>Der H\u00e9rapel-H\u00fcgel in Cocheren beherbergt mehrere Vorkommen von Winter-Schachtelhalm, einer in Lothringen sehr seltenen Pflanze. Diese Pflanze kann bis zu einem Meter hoch werden und beh\u00e4lt das ganze Jahr \u00fcber ihre dunkelgr\u00fcne Farbe. <\/p><p> <strong>\u2022 Gef\u00fchrte Touren<\/strong> auf dem H\u00e9rapel-H\u00fcgel mit dem Tourismusb\u00fcro und dem Verein \u201eLes amis du H\u00e9rapel\u201c.<\/p>\t\t\t\t\t\t\t\t<\/div>\n\t\t\t\t<div class=\"elementor-element elementor-element-5492839 elementor-absolute je-craque-smile elementor-widget elementor-widget-image\" data-id=\"5492839\" data-element_type=\"widget\" data-settings=\"{&quot;_position&quot;:&quot;absolute&quot;}\" data-widget_type=\"image.default\">\n\t\t\t\t\t\t\t\t\t\t\t\t\t\t\t<img fetchpriority=\"high\" decoding=\"async\" width=\"484\" height=\"429\" src=\"https:\/\/paysdeforbach.com\/wp-content\/uploads\/2025\/09\/smile-1.webp\" class=\"attachment-large size-large wp-image-10449\" alt=\"L\u00e4cheln\" srcset=\"https:\/\/paysdeforbach.com\/wp-content\/uploads\/2025\/09\/smile-1.webp 484w, https:\/\/paysdeforbach.com\/wp-content\/uploads\/2025\/09\/smile-1-300x266.webp 300w\" sizes=\"(max-width: 484px) 100vw, 484px\" \/>\t\t\t\t\t\t\t\t\t\t\t\t\t\t\t<\/div>\n\t\t\t\t<\/div>\n\t\t\t\t<\/section>\n\t\t\t\t<\/div>\n\t\t\t\t<\/div>\n\t\t\t\t<\/div>\n\t\t\t\t<\/div>\n\t\t<div class=\"elementor-element elementor-element-ec3a8d2 e-flex e-con-boxed e-con e-child\" data-id=\"ec3a8d2\" data-element_type=\"container\">\n\t\t\t\t\t<div class=\"e-con-inner\">\n\t\t\t\t<div class=\"elementor-element elementor-element-8802bb2 elementor-widget elementor-widget-shortcode\" data-id=\"8802bb2\" data-element_type=\"widget\" data-widget_type=\"shortcode.default\">\n\t\t\t\t\t\t\t<div class=\"elementor-shortcode\"><\/div>\n\t\t\t\t\t\t<\/div>\n\t\t\t\t\t<\/div>\n\t\t\t\t<\/div>\n\t\t\t\t<\/div>\n\t\t\t\t<\/div>\n\t\t","protected":false},"excerpt":{"rendered":"<p>H\u00fcgel von H\u00e9rapel Standort: Cocheren Der H\u00e9rapel-H\u00fcgel in Cocheren ist ein besonderer Ort, reich an Geschichte und ideal zur Erholung. Diese bedeutende St\u00e4tte bietet heute einen geeigneten Raum f\u00fcr Spazierg\u00e4nge, Entdeckungen und Kontemplation. Auf dem Gipfel des H\u00e9rapel-H\u00fcgels, auf 330 m H\u00f6he, befand sich die antike gallo-r\u00f6mische Stadt Cocheren. Bereits im 18. Jahrhundert legten Ausgrabungen [&hellip;]<\/p>\n","protected":false},"author":3,"featured_media":10578,"parent":10575,"menu_order":0,"comment_status":"closed","ping_status":"closed","template":"","meta":{"footnotes":""},"class_list":["post-10891","page","type-page","status-publish","has-post-thumbnail","hentry"],"yoast_head":"<!-- This site is optimized with the Yoast SEO plugin v26.8 - https:\/\/yoast.com\/product\/yoast-seo-wordpress\/ -->\n<title>H\u00fcgel von H\u00e9rapel - gallor\u00f6mische St\u00e4tte in Cocheren<\/title>\n<meta name=\"description\" content=\"Erkunden Sie den H\u00e9rapel-H\u00fcgel: gallor\u00f6mische H\u00f6hensiedlung in Cocheren, 3\u20134 km von Forbach entfernt, vor den Toren von Morsbach, Rosbruck und Th\u00e9ding. Geschichte &amp; \u00dcberreste.\" \/>\n<meta name=\"robots\" content=\"index, follow, max-snippet:-1, max-image-preview:large, max-video-preview:-1\" \/>\n<link rel=\"canonical\" href=\"https:\/\/paysdeforbach.com\/de\/entdecken\/die-highlights\/huegel-von-herapel\/\" \/>\n<meta property=\"og:locale\" content=\"de_DE\" \/>\n<meta property=\"og:type\" content=\"article\" \/>\n<meta property=\"og:title\" content=\"H\u00fcgel von H\u00e9rapel - gallor\u00f6mische St\u00e4tte in Cocheren\" \/>\n<meta property=\"og:description\" content=\"Erkunden Sie den H\u00e9rapel-H\u00fcgel: gallor\u00f6mische H\u00f6hensiedlung in Cocheren, 3\u20134 km von Forbach entfernt, vor den Toren von Morsbach, Rosbruck und Th\u00e9ding. Geschichte &amp; \u00dcberreste.\" \/>\n<meta property=\"og:url\" content=\"https:\/\/paysdeforbach.com\/de\/entdecken\/die-highlights\/huegel-von-herapel\/\" \/>\n<meta property=\"og:site_name\" content=\"Office de Tourisme du Pays de Forbach\" \/>\n<meta property=\"article:modified_time\" content=\"2026-01-20T09:55:04+00:00\" \/>\n<meta property=\"og:image\" content=\"https:\/\/paysdeforbach.com\/wp-content\/uploads\/2025\/10\/Herapel-7.webp\" \/>\n\t<meta property=\"og:image:width\" content=\"1024\" \/>\n\t<meta property=\"og:image:height\" content=\"684\" \/>\n\t<meta property=\"og:image:type\" content=\"image\/webp\" \/>\n<meta name=\"twitter:card\" content=\"summary_large_image\" \/>\n<meta name=\"twitter:label1\" content=\"Gesch\u00e4tzte Lesezeit\" \/>\n\t<meta name=\"twitter:data1\" content=\"1\u00a0Minute\" \/>\n<script type=\"application\/ld+json\" class=\"yoast-schema-graph\">{\"@context\":\"https:\/\/schema.org\",\"@graph\":[{\"@type\":\"WebPage\",\"@id\":\"https:\/\/paysdeforbach.com\/de\/entdecken\/die-highlights\/huegel-von-herapel\/\",\"url\":\"https:\/\/paysdeforbach.com\/de\/entdecken\/die-highlights\/huegel-von-herapel\/\",\"name\":\"H\u00fcgel von H\u00e9rapel - gallor\u00f6mische St\u00e4tte in Cocheren\",\"isPartOf\":{\"@id\":\"https:\/\/paysdeforbach.com\/de\/#website\"},\"primaryImageOfPage\":{\"@id\":\"https:\/\/paysdeforbach.com\/de\/entdecken\/die-highlights\/huegel-von-herapel\/#primaryimage\"},\"image\":{\"@id\":\"https:\/\/paysdeforbach.com\/de\/entdecken\/die-highlights\/huegel-von-herapel\/#primaryimage\"},\"thumbnailUrl\":\"https:\/\/paysdeforbach.com\/wp-content\/uploads\/2025\/10\/Herapel-7.webp\",\"datePublished\":\"2025-10-14T09:43:17+00:00\",\"dateModified\":\"2026-01-20T09:55:04+00:00\",\"description\":\"Erkunden Sie den H\u00e9rapel-H\u00fcgel: gallor\u00f6mische H\u00f6hensiedlung in Cocheren, 3\u20134 km von Forbach entfernt, vor den Toren von Morsbach, Rosbruck und Th\u00e9ding. Geschichte & \u00dcberreste.\",\"breadcrumb\":{\"@id\":\"https:\/\/paysdeforbach.com\/de\/entdecken\/die-highlights\/huegel-von-herapel\/#breadcrumb\"},\"inLanguage\":\"de\",\"potentialAction\":[{\"@type\":\"ReadAction\",\"target\":[\"https:\/\/paysdeforbach.com\/de\/entdecken\/die-highlights\/huegel-von-herapel\/\"]}]},{\"@type\":\"ImageObject\",\"inLanguage\":\"de\",\"@id\":\"https:\/\/paysdeforbach.com\/de\/entdecken\/die-highlights\/huegel-von-herapel\/#primaryimage\",\"url\":\"https:\/\/paysdeforbach.com\/wp-content\/uploads\/2025\/10\/Herapel-7.webp\",\"contentUrl\":\"https:\/\/paysdeforbach.com\/wp-content\/uploads\/2025\/10\/Herapel-7.webp\",\"width\":1024,\"height\":684,\"caption\":\"Colline du H\u00e9rapel\"},{\"@type\":\"BreadcrumbList\",\"@id\":\"https:\/\/paysdeforbach.com\/de\/entdecken\/die-highlights\/huegel-von-herapel\/#breadcrumb\",\"itemListElement\":[{\"@type\":\"ListItem\",\"position\":1,\"name\":\"Accueil\",\"item\":\"https:\/\/paysdeforbach.com\/de\/\"},{\"@type\":\"ListItem\",\"position\":2,\"name\":\"Entdecken\",\"item\":\"https:\/\/paysdeforbach.com\/de\/entdecken\/\"},{\"@type\":\"ListItem\",\"position\":3,\"name\":\"Die Must-haves\",\"item\":\"https:\/\/paysdeforbach.com\/de\/entdecken\/die-highlights\/\"},{\"@type\":\"ListItem\",\"position\":4,\"name\":\"H\u00fcgel von H\u00e9rapel\"}]},{\"@type\":\"WebSite\",\"@id\":\"https:\/\/paysdeforbach.com\/de\/#website\",\"url\":\"https:\/\/paysdeforbach.com\/de\/\",\"name\":\"OT Pays de Forbach\",\"description\":\"\",\"publisher\":{\"@id\":\"https:\/\/paysdeforbach.com\/de\/#organization\"},\"potentialAction\":[{\"@type\":\"SearchAction\",\"target\":{\"@type\":\"EntryPoint\",\"urlTemplate\":\"https:\/\/paysdeforbach.com\/de\/?s={search_term_string}\"},\"query-input\":{\"@type\":\"PropertyValueSpecification\",\"valueRequired\":true,\"valueName\":\"search_term_string\"}}],\"inLanguage\":\"de\"},{\"@type\":\"Organization\",\"@id\":\"https:\/\/paysdeforbach.com\/de\/#organization\",\"name\":\"OT Pays de Forbach\",\"url\":\"https:\/\/paysdeforbach.com\/de\/\",\"logo\":{\"@type\":\"ImageObject\",\"inLanguage\":\"de\",\"@id\":\"https:\/\/paysdeforbach.com\/de\/#\/schema\/logo\/image\/\",\"url\":\"https:\/\/paysdeforbach.com\/wp-content\/uploads\/2025\/11\/cropped-logo-Pays-de-Forbach_Quadri.webp\",\"contentUrl\":\"https:\/\/paysdeforbach.com\/wp-content\/uploads\/2025\/11\/cropped-logo-Pays-de-Forbach_Quadri.webp\",\"width\":623,\"height\":356,\"caption\":\"OT Pays de Forbach\"},\"image\":{\"@id\":\"https:\/\/paysdeforbach.com\/de\/#\/schema\/logo\/image\/\"}}]}<\/script>\n<!-- \/ Yoast SEO plugin. -->","yoast_head_json":{"title":"H\u00fcgel von H\u00e9rapel - gallor\u00f6mische St\u00e4tte in Cocheren","description":"Erkunden Sie den H\u00e9rapel-H\u00fcgel: gallor\u00f6mische H\u00f6hensiedlung in Cocheren, 3\u20134 km von Forbach entfernt, vor den Toren von Morsbach, Rosbruck und Th\u00e9ding. Geschichte & \u00dcberreste.","robots":{"index":"index","follow":"follow","max-snippet":"max-snippet:-1","max-image-preview":"max-image-preview:large","max-video-preview":"max-video-preview:-1"},"canonical":"https:\/\/paysdeforbach.com\/de\/entdecken\/die-highlights\/huegel-von-herapel\/","og_locale":"de_DE","og_type":"article","og_title":"H\u00fcgel von H\u00e9rapel - gallor\u00f6mische St\u00e4tte in Cocheren","og_description":"Erkunden Sie den H\u00e9rapel-H\u00fcgel: gallor\u00f6mische H\u00f6hensiedlung in Cocheren, 3\u20134 km von Forbach entfernt, vor den Toren von Morsbach, Rosbruck und Th\u00e9ding. Geschichte & \u00dcberreste.","og_url":"https:\/\/paysdeforbach.com\/de\/entdecken\/die-highlights\/huegel-von-herapel\/","og_site_name":"Office de Tourisme du Pays de Forbach","article_modified_time":"2026-01-20T09:55:04+00:00","og_image":[{"width":1024,"height":684,"url":"https:\/\/paysdeforbach.com\/wp-content\/uploads\/2025\/10\/Herapel-7.webp","type":"image\/webp"}],"twitter_card":"summary_large_image","twitter_misc":{"Gesch\u00e4tzte Lesezeit":"1\u00a0Minute"},"schema":{"@context":"https:\/\/schema.org","@graph":[{"@type":"WebPage","@id":"https:\/\/paysdeforbach.com\/de\/entdecken\/die-highlights\/huegel-von-herapel\/","url":"https:\/\/paysdeforbach.com\/de\/entdecken\/die-highlights\/huegel-von-herapel\/","name":"H\u00fcgel von H\u00e9rapel - gallor\u00f6mische St\u00e4tte in Cocheren","isPartOf":{"@id":"https:\/\/paysdeforbach.com\/de\/#website"},"primaryImageOfPage":{"@id":"https:\/\/paysdeforbach.com\/de\/entdecken\/die-highlights\/huegel-von-herapel\/#primaryimage"},"image":{"@id":"https:\/\/paysdeforbach.com\/de\/entdecken\/die-highlights\/huegel-von-herapel\/#primaryimage"},"thumbnailUrl":"https:\/\/paysdeforbach.com\/wp-content\/uploads\/2025\/10\/Herapel-7.webp","datePublished":"2025-10-14T09:43:17+00:00","dateModified":"2026-01-20T09:55:04+00:00","description":"Erkunden Sie den H\u00e9rapel-H\u00fcgel: gallor\u00f6mische H\u00f6hensiedlung in Cocheren, 3\u20134 km von Forbach entfernt, vor den Toren von Morsbach, Rosbruck und Th\u00e9ding. Geschichte & \u00dcberreste.","breadcrumb":{"@id":"https:\/\/paysdeforbach.com\/de\/entdecken\/die-highlights\/huegel-von-herapel\/#breadcrumb"},"inLanguage":"de","potentialAction":[{"@type":"ReadAction","target":["https:\/\/paysdeforbach.com\/de\/entdecken\/die-highlights\/huegel-von-herapel\/"]}]},{"@type":"ImageObject","inLanguage":"de","@id":"https:\/\/paysdeforbach.com\/de\/entdecken\/die-highlights\/huegel-von-herapel\/#primaryimage","url":"https:\/\/paysdeforbach.com\/wp-content\/uploads\/2025\/10\/Herapel-7.webp","contentUrl":"https:\/\/paysdeforbach.com\/wp-content\/uploads\/2025\/10\/Herapel-7.webp","width":1024,"height":684,"caption":"Colline du H\u00e9rapel"},{"@type":"BreadcrumbList","@id":"https:\/\/paysdeforbach.com\/de\/entdecken\/die-highlights\/huegel-von-herapel\/#breadcrumb","itemListElement":[{"@type":"ListItem","position":1,"name":"Accueil","item":"https:\/\/paysdeforbach.com\/de\/"},{"@type":"ListItem","position":2,"name":"Entdecken","item":"https:\/\/paysdeforbach.com\/de\/entdecken\/"},{"@type":"ListItem","position":3,"name":"Die Must-haves","item":"https:\/\/paysdeforbach.com\/de\/entdecken\/die-highlights\/"},{"@type":"ListItem","position":4,"name":"H\u00fcgel von H\u00e9rapel"}]},{"@type":"WebSite","@id":"https:\/\/paysdeforbach.com\/de\/#website","url":"https:\/\/paysdeforbach.com\/de\/","name":"OT Pays de Forbach","description":"","publisher":{"@id":"https:\/\/paysdeforbach.com\/de\/#organization"},"potentialAction":[{"@type":"SearchAction","target":{"@type":"EntryPoint","urlTemplate":"https:\/\/paysdeforbach.com\/de\/?s={search_term_string}"},"query-input":{"@type":"PropertyValueSpecification","valueRequired":true,"valueName":"search_term_string"}}],"inLanguage":"de"},{"@type":"Organization","@id":"https:\/\/paysdeforbach.com\/de\/#organization","name":"OT Pays de Forbach","url":"https:\/\/paysdeforbach.com\/de\/","logo":{"@type":"ImageObject","inLanguage":"de","@id":"https:\/\/paysdeforbach.com\/de\/#\/schema\/logo\/image\/","url":"https:\/\/paysdeforbach.com\/wp-content\/uploads\/2025\/11\/cropped-logo-Pays-de-Forbach_Quadri.webp","contentUrl":"https:\/\/paysdeforbach.com\/wp-content\/uploads\/2025\/11\/cropped-logo-Pays-de-Forbach_Quadri.webp","width":623,"height":356,"caption":"OT Pays de Forbach"},"image":{"@id":"https:\/\/paysdeforbach.com\/de\/#\/schema\/logo\/image\/"}}]}},"_links":{"self":[{"href":"https:\/\/paysdeforbach.com\/de\/wp-json\/wp\/v2\/pages\/10891","targetHints":{"allow":["GET"]}}],"collection":[{"href":"https:\/\/paysdeforbach.com\/de\/wp-json\/wp\/v2\/pages"}],"about":[{"href":"https:\/\/paysdeforbach.com\/de\/wp-json\/wp\/v2\/types\/page"}],"author":[{"embeddable":true,"href":"https:\/\/paysdeforbach.com\/de\/wp-json\/wp\/v2\/users\/3"}],"replies":[{"embeddable":true,"href":"https:\/\/paysdeforbach.com\/de\/wp-json\/wp\/v2\/comments?post=10891"}],"version-history":[{"count":2,"href":"https:\/\/paysdeforbach.com\/de\/wp-json\/wp\/v2\/pages\/10891\/revisions"}],"predecessor-version":[{"id":10897,"href":"https:\/\/paysdeforbach.com\/de\/wp-json\/wp\/v2\/pages\/10891\/revisions\/10897"}],"up":[{"embeddable":true,"href":"https:\/\/paysdeforbach.com\/de\/wp-json\/wp\/v2\/pages\/10575"}],"wp:featuredmedia":[{"embeddable":true,"href":"https:\/\/paysdeforbach.com\/de\/wp-json\/wp\/v2\/media\/10578"}],"wp:attachment":[{"href":"https:\/\/paysdeforbach.com\/de\/wp-json\/wp\/v2\/media?parent=10891"}],"curies":[{"name":"wp","href":"https:\/\/api.w.org\/{rel}","templated":true}]}}